{"id":17825,"date":"2019-04-09T22:52:26","date_gmt":"2019-04-09T22:52:26","guid":{"rendered":"https:\/\/octaedro.com\/producto\/sexismo-la-violencia-de-las-mil-caras\/"},"modified":"2023-04-24T13:08:43","modified_gmt":"2023-04-24T11:08:43","slug":"sexismo-la-violencia-de-las-mil-caras","status":"publish","type":"product","link":"https:\/\/wizardly-davinci.82-223-8-23.plesk.page\/en\/producto\/sexismo-la-violencia-de-las-mil-caras\/","title":{"rendered":"Sexismo, la violencia de las mil caras"},"content":{"rendered":"<p>El sexismo es el origen de la violencia de g\u00e9nero, porque asocia, potencia, ense\u00f1a y transmite los valores masculinos como sin\u00f3nimo de \u00e9xito, de fuerza, de inteligencia, de poder. En contraposici\u00f3n a lo femenino, que es invisible, supeditado siempre a lo masculino. En el ejercicio de este poder se sustenta el sexismo y a su vez, el sexismo se sustenta en el poder. Sexismo, por tanto, solo conoce un g\u00e9nero: el masculino. Este libro no es un libro solo para mujeres, no, tambi\u00e9n lo es para los hombres, porque el combate contra el sexismo nos interpela a todos. A los hombres, porque lo practican por herencia hist\u00f3rica. A las mujeres, porque lo padecen. Y porque, sin saberlo, a veces lo transmite a sus hijos e hijas cuando los educan desde una perspectiva sexista.<\/p>\n<p>El sexismo es el punto de partida de la desigualdad, y de la violencia machista. Una violencia que adquiere m\u00faltiples formas. Tantas que en la portada del libro hablamos de \u00abla violencia de las mil caras\u00bb. Los cr\u00edmenes son su expresi\u00f3n m\u00e1s cruel, m\u00e1s inhumana. Pero la violencia contra las mujeres est\u00e1 en las palabras, en los gestos, en las actitudes, en la desigualdad cotidiana, en las casas, en el trabajo, en la calle. Est\u00e1 en las mentes.<\/p>\n<p><em>Sexismo, la violencia de las mil caras<\/em>, de Julia Sousa, con pr\u00f3logo de Marina Subirats, es el tercer libro editado por la Fundaci\u00f3n Periodismo Plural, en su colecci\u00f3n Periodismo y Derechos Humano. Pretendemos que sea un libro \u00fatil, que aporte datos y reflexiones para conocer mejor el problema en toda su complejidad. Informaci\u00f3n imprescindible para, entre todas y todos, combatir los cr\u00edmenes insoportables. Para transformar las mentes.<\/p>\n","protected":false},"excerpt":{"rendered":"<p>El sexismo es el origen de la violencia de g\u00e9nero, porque asocia, potencia, ense\u00f1a y transmite los valores masculinos como sin\u00f3nimo de \u00e9xito, de fuerza, de inteligencia, de poder. En contraposici\u00f3n a lo femenino, que es invisible, supeditado siempre a lo masculino. En el ejercicio de este poder se sustenta el sexismo y a su vez, el sexismo se sustenta en el poder. Sexismo, por tanto, solo conoce un g\u00e9nero: el masculino. Este libro no es un libro solo para mujeres, no, tambi\u00e9n lo es para los hombres, porque el combate contra el sexismo nos interpela a todos. A los hombres, porque lo practican por herencia hist\u00f3rica. A las mujeres, porque lo padecen. Y porque, sin saberlo, a veces lo transmite a sus hijos e hijas cuando los educan desde una perspectiva sexista.<\/p>\n<p>El sexismo es el punto de partida de la desigualdad, y de la violencia machista. Una violencia que adquiere m\u00faltiples formas. Tantas que en la portada del libro hablamos de \u00abla violencia de las mil caras\u00bb. Los cr\u00edmenes son su expresi\u00f3n m\u00e1s cruel, m\u00e1s inhumana. Pero la violencia contra las mujeres est\u00e1 en las palabras, en los gestos, en las actitudes, en la desigualdad cotidiana, en las casas, en el trabajo, en la calle. Est\u00e1 en las mentes.<\/p>\n<p><em>Sexismo, la violencia de las mil caras<\/em>, de Julia Sousa, con pr\u00f3logo de Marina Subirats, es el tercer libro editado por la Fundaci\u00f3n Periodismo Plural, en su colecci\u00f3n Periodismo y Derechos Humano. Pretendemos que sea un libro \u00fatil, que aporte datos y reflexiones para conocer mejor el problema en toda su complejidad. Informaci\u00f3n imprescindible para, entre todas y todos, combatir los cr\u00edmenes insoportables. Para transformar las mentes.<\/p>\n","protected":false},"featured_media":17826,"comment_status":"open","ping_status":"closed","template":"","meta":{"_et_pb_use_builder":"","_et_pb_old_content":"","_et_gb_content_width":""},"product_cat":[1512,6675],"product_tag":[2602],"edicion":[1083],"editoriales":[1160,8960],"tienda":[],"autor_id":[6439],"universidades_coeditoras":[],"palabras_clave":[],"listado_alfabetico":[],"acf":[],"_links":{"self":[{"href":"https:\/\/wizardly-davinci.82-223-8-23.plesk.page\/en\/wp-json\/wp\/v2\/product\/17825"}],"collection":[{"href":"https:\/\/wizardly-davinci.82-223-8-23.plesk.page\/en\/wp-json\/wp\/v2\/product"}],"about":[{"href":"https:\/\/wizardly-davinci.82-223-8-23.plesk.page\/en\/wp-json\/wp\/v2\/types\/product"}],"replies":[{"embeddable":true,"href":"https:\/\/wizardly-davinci.82-223-8-23.plesk.page\/en\/wp-json\/wp\/v2\/comments?post=17825"}],"wp:featuredmedia":[{"embeddable":true,"href":"https:\/\/wizardly-davinci.82-223-8-23.plesk.page\/en\/wp-json\/wp\/v2\/media\/17826"}],"wp:attachment":[{"href":"https:\/\/wizardly-davinci.82-223-8-23.plesk.page\/en\/wp-json\/wp\/v2\/media?parent=17825"}],"wp:term":[{"taxonomy":"product_cat","embeddable":true,"href":"https:\/\/wizardly-davinci.82-223-8-23.plesk.page\/en\/wp-json\/wp\/v2\/product_cat?post=17825"},{"taxonomy":"product_tag","embeddable":true,"href":"https:\/\/wizardly-davinci.82-223-8-23.plesk.page\/en\/wp-json\/wp\/v2\/product_tag?post=17825"},{"taxonomy":"edicion","embeddable":true,"href":"https:\/\/wizardly-davinci.82-223-8-23.plesk.page\/en\/wp-json\/wp\/v2\/edicion?post=17825"},{"taxonomy":"editoriales","embeddable":true,"href":"https:\/\/wizardly-davinci.82-223-8-23.plesk.page\/en\/wp-json\/wp\/v2\/editoriales?post=17825"},{"taxonomy":"tienda","embeddable":true,"href":"https:\/\/wizardly-davinci.82-223-8-23.plesk.page\/en\/wp-json\/wp\/v2\/tienda?post=17825"},{"taxonomy":"autor_id","embeddable":true,"href":"https:\/\/wizardly-davinci.82-223-8-23.plesk.page\/en\/wp-json\/wp\/v2\/autor_id?post=17825"},{"taxonomy":"universidades_coeditoras","embeddable":true,"href":"https:\/\/wizardly-davinci.82-223-8-23.plesk.page\/en\/wp-json\/wp\/v2\/universidades_coeditoras?post=17825"},{"taxonomy":"palabras_clave","embeddable":true,"href":"https:\/\/wizardly-davinci.82-223-8-23.plesk.page\/en\/wp-json\/wp\/v2\/palabras_clave?post=17825"},{"taxonomy":"listado_alfabetico","embeddable":true,"href":"https:\/\/wizardly-davinci.82-223-8-23.plesk.page\/en\/wp-json\/wp\/v2\/listado_alfabetico?post=17825"}],"curies":[{"name":"wp","href":"https:\/\/api.w.org\/{rel}","templated":true}]}}