{"id":17827,"date":"2019-04-09T22:52:26","date_gmt":"2019-04-09T22:52:26","guid":{"rendered":"https:\/\/octaedro.com\/producto\/escuela-publica-dignidad-y-compromiso\/"},"modified":"2023-04-24T13:08:50","modified_gmt":"2023-04-24T11:08:50","slug":"escuela-publica-dignidad-y-compromiso","status":"publish","type":"product","link":"https:\/\/wizardly-davinci.82-223-8-23.plesk.page\/en\/producto\/escuela-publica-dignidad-y-compromiso\/","title":{"rendered":"Escuela p\u00fablica: dignidad y compromiso"},"content":{"rendered":"<p>Este libro pretende contribuir a la dignificaci\u00f3n de la Escuela P\u00fablica y de todas aquellas personas que con su compromiso militante trabajan incansablemente, con dedicaci\u00f3n, con esperanza, con pasi\u00f3n, para hacer realidad una educaci\u00f3n emancipadora que capacite a los seres humanos a tomar las riendas de su vida e intervenir activamente en la transformaci\u00f3n de una sociedad terriblemente desigual e injusta.<br \/>\nEs un libro que reivindica la educaci\u00f3n como derecho inalienable de la persona y no como un negocio en manos de los mercados. Que reivindica las escuelas como espacios de vida, de creaci\u00f3n y recreaci\u00f3n de la cultura, de vivencias democr\u00e1ticas, de experiencias de convivencia en las que la sensibilidad, la ternura, la alegr\u00eda, la paciencia, la perseverancia y los afectos permitan combatir los procesos de deshumanizaci\u00f3n creciente, de expolio natural y de marginaci\u00f3n y exclusi\u00f3n social.<br \/>\nEs un libro desde la acci\u00f3n y para la acci\u00f3n, donde se ofrecen propuestas, alternativas, ideas y pensamientos para repensar la educaci\u00f3n, para promover alternativas educativas desde la inclusi\u00f3n, la participaci\u00f3n, los derechos humanos, los saberes relevantes y el valor formativo de las protestas. Un libro para redescubrir y hacer posible el valor \u00e9tico y las potencialidades de las escuelas p\u00fablicas.<\/p>\n","protected":false},"excerpt":{"rendered":"<p>Este libro pretende contribuir a la dignificaci\u00f3n de la Escuela P\u00fablica y de todas aquellas personas que con su compromiso militante trabajan incansablemente, con dedicaci\u00f3n, con esperanza, con pasi\u00f3n, para hacer realidad una educaci\u00f3n emancipadora que capacite a los seres humanos a tomar las riendas de su vida e intervenir activamente en la transformaci\u00f3n de una sociedad terriblemente desigual e injusta.<br \/>\nEs un libro que reivindica la educaci\u00f3n como derecho inalienable de la persona y no como un negocio en manos de los mercados. Que reivindica las escuelas como espacios de vida, de creaci\u00f3n y recreaci\u00f3n de la cultura, de vivencias democr\u00e1ticas, de experiencias de convivencia en las que la sensibilidad, la ternura, la alegr\u00eda, la paciencia, la perseverancia y los afectos permitan combatir los procesos de deshumanizaci\u00f3n creciente, de expolio natural y de marginaci\u00f3n y exclusi\u00f3n social.<br \/>\nEs un libro desde la acci\u00f3n y para la acci\u00f3n, donde se ofrecen propuestas, alternativas, ideas y pensamientos para repensar la educaci\u00f3n, para promover alternativas educativas desde la inclusi\u00f3n, la participaci\u00f3n, los derechos humanos, los saberes relevantes y el valor formativo de las protestas. Un libro para redescubrir y hacer posible el valor \u00e9tico y las potencialidades de las escuelas p\u00fablicas.<\/p>\n","protected":false},"featured_media":17828,"comment_status":"open","ping_status":"closed","template":"","meta":{"_et_pb_use_builder":"","_et_pb_old_content":"","_et_gb_content_width":""},"product_cat":[2606,1512,6675,6673],"product_tag":[2604],"edicion":[1084,1083],"editoriales":[1160],"tienda":[],"autor_id":[5825],"universidades_coeditoras":[],"palabras_clave":[],"listado_alfabetico":[],"acf":[],"_links":{"self":[{"href":"https:\/\/wizardly-davinci.82-223-8-23.plesk.page\/en\/wp-json\/wp\/v2\/product\/17827"}],"collection":[{"href":"https:\/\/wizardly-davinci.82-223-8-23.plesk.page\/en\/wp-json\/wp\/v2\/product"}],"about":[{"href":"https:\/\/wizardly-davinci.82-223-8-23.plesk.page\/en\/wp-json\/wp\/v2\/types\/product"}],"replies":[{"embeddable":true,"href":"https:\/\/wizardly-davinci.82-223-8-23.plesk.page\/en\/wp-json\/wp\/v2\/comments?post=17827"}],"wp:featuredmedia":[{"embeddable":true,"href":"https:\/\/wizardly-davinci.82-223-8-23.plesk.page\/en\/wp-json\/wp\/v2\/media\/17828"}],"wp:attachment":[{"href":"https:\/\/wizardly-davinci.82-223-8-23.plesk.page\/en\/wp-json\/wp\/v2\/media?parent=17827"}],"wp:term":[{"taxonomy":"product_cat","embeddable":true,"href":"https:\/\/wizardly-davinci.82-223-8-23.plesk.page\/en\/wp-json\/wp\/v2\/product_cat?post=17827"},{"taxonomy":"product_tag","embeddable":true,"href":"https:\/\/wizardly-davinci.82-223-8-23.plesk.page\/en\/wp-json\/wp\/v2\/product_tag?post=17827"},{"taxonomy":"edicion","embeddable":true,"href":"https:\/\/wizardly-davinci.82-223-8-23.plesk.page\/en\/wp-json\/wp\/v2\/edicion?post=17827"},{"taxonomy":"editoriales","embeddable":true,"href":"https:\/\/wizardly-davinci.82-223-8-23.plesk.page\/en\/wp-json\/wp\/v2\/editoriales?post=17827"},{"taxonomy":"tienda","embeddable":true,"href":"https:\/\/wizardly-davinci.82-223-8-23.plesk.page\/en\/wp-json\/wp\/v2\/tienda?post=17827"},{"taxonomy":"autor_id","embeddable":true,"href":"https:\/\/wizardly-davinci.82-223-8-23.plesk.page\/en\/wp-json\/wp\/v2\/autor_id?post=17827"},{"taxonomy":"universidades_coeditoras","embeddable":true,"href":"https:\/\/wizardly-davinci.82-223-8-23.plesk.page\/en\/wp-json\/wp\/v2\/universidades_coeditoras?post=17827"},{"taxonomy":"palabras_clave","embeddable":true,"href":"https:\/\/wizardly-davinci.82-223-8-23.plesk.page\/en\/wp-json\/wp\/v2\/palabras_clave?post=17827"},{"taxonomy":"listado_alfabetico","embeddable":true,"href":"https:\/\/wizardly-davinci.82-223-8-23.plesk.page\/en\/wp-json\/wp\/v2\/listado_alfabetico?post=17827"}],"curies":[{"name":"wp","href":"https:\/\/api.w.org\/{rel}","templated":true}]}}