{"id":17835,"date":"2019-04-09T22:52:28","date_gmt":"2019-04-09T22:52:28","guid":{"rendered":"https:\/\/octaedro.com\/producto\/el-juego-en-la-primera-infancia\/"},"modified":"2023-04-24T13:09:18","modified_gmt":"2023-04-24T11:09:18","slug":"el-juego-en-la-primera-infancia","status":"publish","type":"product","link":"https:\/\/wizardly-davinci.82-223-8-23.plesk.page\/en\/producto\/el-juego-en-la-primera-infancia\/","title":{"rendered":"El juego en la primera infancia"},"content":{"rendered":"<p>Todo el mundo destaca la importancia del juego; sin embargo, en la pr\u00e1ctica, hay reticencias a confiar en que cuando un ni\u00f1o juega, aprende de forma significativa. Este libro est\u00e1 escrito por profesionales con a\u00f1os de experiencia en el campo de la educaci\u00f3n que comparten sus diferentes miradas disciplinares sobre el juego. Los 17 autores de esta obra, convencidos de la gran importancia del juego en el desarrollo y el aprendizaje en las primeras edades, exponen y argumentan, partiendo de la investigaci\u00f3n y de la experiencia profesional, por qu\u00e9 el juego es tan fundamental dentro y fuera de la escuela.<br \/>\nEste libro puede ser una herramienta muy \u00fatil tanto para el alumnado de magisterio como para los profesionales y las familias. Los estudiantes encontrar\u00e1n en su contenido conexiones con la mayor\u00eda de las asignaturas que cursar\u00e1n durante sus estudios. Pero tambi\u00e9n se incluyen propuestas para profundizar m\u00e1s desde cada \u00e1rea, as\u00ed como sugerencias de actividades de docentes en activo, que pueden ser de inter\u00e9s para profesionales de los \u00e1mbitos de la educaci\u00f3n, psicolog\u00eda, pedagog\u00eda, educaci\u00f3n social, para quienes ejercen de actividades de tiempo libre, y para cualquier persona que est\u00e9 en contacto con ni\u00f1os.<\/p>\n","protected":false},"excerpt":{"rendered":"<p>Todo el mundo destaca la importancia del juego; sin embargo, en la pr\u00e1ctica, hay reticencias a confiar en que cuando un ni\u00f1o juega, aprende de forma significativa. Este libro est\u00e1 escrito por profesionales con a\u00f1os de experiencia en el campo de la educaci\u00f3n que comparten sus diferentes miradas disciplinares sobre el juego. Los 17 autores de esta obra, convencidos de la gran importancia del juego en el desarrollo y el aprendizaje en las primeras edades, exponen y argumentan, partiendo de la investigaci\u00f3n y de la experiencia profesional, por qu\u00e9 el juego es tan fundamental dentro y fuera de la escuela.<br \/>\nEste libro puede ser una herramienta muy \u00fatil tanto para el alumnado de magisterio como para los profesionales y las familias. Los estudiantes encontrar\u00e1n en su contenido conexiones con la mayor\u00eda de las asignaturas que cursar\u00e1n durante sus estudios. Pero tambi\u00e9n se incluyen propuestas para profundizar m\u00e1s desde cada \u00e1rea, as\u00ed como sugerencias de actividades de docentes en activo, que pueden ser de inter\u00e9s para profesionales de los \u00e1mbitos de la educaci\u00f3n, psicolog\u00eda, pedagog\u00eda, educaci\u00f3n social, para quienes ejercen de actividades de tiempo libre, y para cualquier persona que est\u00e9 en contacto con ni\u00f1os.<\/p>\n","protected":false},"featured_media":17836,"comment_status":"open","ping_status":"closed","template":"","meta":{"_et_pb_use_builder":"","_et_pb_old_content":"","_et_gb_content_width":""},"product_cat":[2606,1512,6674,6675],"product_tag":[2608],"edicion":[1085,1083],"editoriales":[1160],"tienda":[],"autor_id":[5049,5157,5406],"universidades_coeditoras":[7233],"palabras_clave":[],"listado_alfabetico":[],"acf":[],"_links":{"self":[{"href":"https:\/\/wizardly-davinci.82-223-8-23.plesk.page\/en\/wp-json\/wp\/v2\/product\/17835"}],"collection":[{"href":"https:\/\/wizardly-davinci.82-223-8-23.plesk.page\/en\/wp-json\/wp\/v2\/product"}],"about":[{"href":"https:\/\/wizardly-davinci.82-223-8-23.plesk.page\/en\/wp-json\/wp\/v2\/types\/product"}],"replies":[{"embeddable":true,"href":"https:\/\/wizardly-davinci.82-223-8-23.plesk.page\/en\/wp-json\/wp\/v2\/comments?post=17835"}],"wp:featuredmedia":[{"embeddable":true,"href":"https:\/\/wizardly-davinci.82-223-8-23.plesk.page\/en\/wp-json\/wp\/v2\/media\/17836"}],"wp:attachment":[{"href":"https:\/\/wizardly-davinci.82-223-8-23.plesk.page\/en\/wp-json\/wp\/v2\/media?parent=17835"}],"wp:term":[{"taxonomy":"product_cat","embeddable":true,"href":"https:\/\/wizardly-davinci.82-223-8-23.plesk.page\/en\/wp-json\/wp\/v2\/product_cat?post=17835"},{"taxonomy":"product_tag","embeddable":true,"href":"https:\/\/wizardly-davinci.82-223-8-23.plesk.page\/en\/wp-json\/wp\/v2\/product_tag?post=17835"},{"taxonomy":"edicion","embeddable":true,"href":"https:\/\/wizardly-davinci.82-223-8-23.plesk.page\/en\/wp-json\/wp\/v2\/edicion?post=17835"},{"taxonomy":"editoriales","embeddable":true,"href":"https:\/\/wizardly-davinci.82-223-8-23.plesk.page\/en\/wp-json\/wp\/v2\/editoriales?post=17835"},{"taxonomy":"tienda","embeddable":true,"href":"https:\/\/wizardly-davinci.82-223-8-23.plesk.page\/en\/wp-json\/wp\/v2\/tienda?post=17835"},{"taxonomy":"autor_id","embeddable":true,"href":"https:\/\/wizardly-davinci.82-223-8-23.plesk.page\/en\/wp-json\/wp\/v2\/autor_id?post=17835"},{"taxonomy":"universidades_coeditoras","embeddable":true,"href":"https:\/\/wizardly-davinci.82-223-8-23.plesk.page\/en\/wp-json\/wp\/v2\/universidades_coeditoras?post=17835"},{"taxonomy":"palabras_clave","embeddable":true,"href":"https:\/\/wizardly-davinci.82-223-8-23.plesk.page\/en\/wp-json\/wp\/v2\/palabras_clave?post=17835"},{"taxonomy":"listado_alfabetico","embeddable":true,"href":"https:\/\/wizardly-davinci.82-223-8-23.plesk.page\/en\/wp-json\/wp\/v2\/listado_alfabetico?post=17835"}],"curies":[{"name":"wp","href":"https:\/\/api.w.org\/{rel}","templated":true}]}}