{"id":17837,"date":"2020-03-01T22:52:28","date_gmt":"2020-03-01T22:52:28","guid":{"rendered":"https:\/\/octaedro.com\/producto\/impro\/"},"modified":"2023-04-24T13:09:25","modified_gmt":"2023-04-24T11:09:25","slug":"impro","status":"publish","type":"product","link":"https:\/\/wizardly-davinci.82-223-8-23.plesk.page\/en\/producto\/impro\/","title":{"rendered":"IMPRO"},"content":{"rendered":"<p>IMPRO es un libro que re\u00fane, en fichas claras y concisas, 90 propuestas creativas y juegos con variantes f\u00e1ciles de aplicar. Tambi\u00e9n incluye un conjunto de pautas y consejos pr\u00e1cticos de gran utilidad para personas interesadas en la impro y su pedagog\u00eda: profesores y grupos de teatro, entrenadores, actores y actrices, educadores de diferentes niveles, animadores, estudiantes de teatro y ciencias de la educaci\u00f3n que quieran mejorar su formaci\u00f3n, as\u00ed como futuros improvisadores que deseen desarrollar la espontaneidad en el aula y la escena. Sus autores Alfredo Mantovani, Borja Cort\u00e9s, Encarni Corrales, Joserra Leza y Pablo Pundik son actores, improvisadores y docentes de larga trayectoria teatral, especializados en Impro, que se han unido en esta publicaci\u00f3n para compartir su bagaje experiencial. Inventar y representar historias en equipo y disfrutar con la \u00abimproturgia\u00bb, concepto original de los autores de esta obra, se convierte en el meollo de un trabajo divertido y placentero para actores o aficionados que quieran explorar el hecho teatral desde una perspectiva l\u00fadica. Incluye \u00abTestimonios Impro\u00bb, donde Dani Rovira y un buen pu\u00f1ado de actores y actrices de reconocido curriculum en la improvisaci\u00f3n teatral nos ofrecen sus vivencias y reflexiones en torno a este arte.<\/p>\n","protected":false},"excerpt":{"rendered":"<p>IMPRO es un libro que re\u00fane, en fichas claras y concisas, 90 propuestas creativas y juegos con variantes f\u00e1ciles de aplicar. Tambi\u00e9n incluye un conjunto de pautas y consejos pr\u00e1cticos de gran utilidad para personas interesadas en la impro y su pedagog\u00eda: profesores y grupos de teatro, entrenadores, actores y actrices, educadores de diferentes niveles, animadores, estudiantes de teatro y ciencias de la educaci\u00f3n que quieran mejorar su formaci\u00f3n, as\u00ed como futuros improvisadores que deseen desarrollar la espontaneidad en el aula y la escena. Sus autores Alfredo Mantovani, Borja Cort\u00e9s, Encarni Corrales, Joserra Leza y Pablo Pundik son actores, improvisadores y docentes de larga trayectoria teatral, especializados en Impro, que se han unido en esta publicaci\u00f3n para compartir su bagaje experiencial. Inventar y representar historias en equipo y disfrutar con la \u00abimproturgia\u00bb, concepto original de los autores de esta obra, se convierte en el meollo de un trabajo divertido y placentero para actores o aficionados que quieran explorar el hecho teatral desde una perspectiva l\u00fadica. Incluye \u00abTestimonios Impro\u00bb, donde Dani Rovira y un buen pu\u00f1ado de actores y actrices de reconocido curriculum en la improvisaci\u00f3n teatral nos ofrecen sus vivencias y reflexiones en torno a este arte.<\/p>\n","protected":false},"featured_media":40286,"comment_status":"open","ping_status":"closed","template":"","meta":{"_et_pb_use_builder":"","_et_pb_old_content":"","_et_gb_content_width":""},"product_cat":[2606,1512,6674,6675],"product_tag":[2608],"edicion":[],"editoriales":[1160],"tienda":[],"autor_id":[5334,5336,5885,6211],"universidades_coeditoras":[],"palabras_clave":[],"listado_alfabetico":[],"acf":[],"_links":{"self":[{"href":"https:\/\/wizardly-davinci.82-223-8-23.plesk.page\/en\/wp-json\/wp\/v2\/product\/17837"}],"collection":[{"href":"https:\/\/wizardly-davinci.82-223-8-23.plesk.page\/en\/wp-json\/wp\/v2\/product"}],"about":[{"href":"https:\/\/wizardly-davinci.82-223-8-23.plesk.page\/en\/wp-json\/wp\/v2\/types\/product"}],"replies":[{"embeddable":true,"href":"https:\/\/wizardly-davinci.82-223-8-23.plesk.page\/en\/wp-json\/wp\/v2\/comments?post=17837"}],"wp:featuredmedia":[{"embeddable":true,"href":"https:\/\/wizardly-davinci.82-223-8-23.plesk.page\/en\/wp-json\/wp\/v2\/media\/40286"}],"wp:attachment":[{"href":"https:\/\/wizardly-davinci.82-223-8-23.plesk.page\/en\/wp-json\/wp\/v2\/media?parent=17837"}],"wp:term":[{"taxonomy":"product_cat","embeddable":true,"href":"https:\/\/wizardly-davinci.82-223-8-23.plesk.page\/en\/wp-json\/wp\/v2\/product_cat?post=17837"},{"taxonomy":"product_tag","embeddable":true,"href":"https:\/\/wizardly-davinci.82-223-8-23.plesk.page\/en\/wp-json\/wp\/v2\/product_tag?post=17837"},{"taxonomy":"edicion","embeddable":true,"href":"https:\/\/wizardly-davinci.82-223-8-23.plesk.page\/en\/wp-json\/wp\/v2\/edicion?post=17837"},{"taxonomy":"editoriales","embeddable":true,"href":"https:\/\/wizardly-davinci.82-223-8-23.plesk.page\/en\/wp-json\/wp\/v2\/editoriales?post=17837"},{"taxonomy":"tienda","embeddable":true,"href":"https:\/\/wizardly-davinci.82-223-8-23.plesk.page\/en\/wp-json\/wp\/v2\/tienda?post=17837"},{"taxonomy":"autor_id","embeddable":true,"href":"https:\/\/wizardly-davinci.82-223-8-23.plesk.page\/en\/wp-json\/wp\/v2\/autor_id?post=17837"},{"taxonomy":"universidades_coeditoras","embeddable":true,"href":"https:\/\/wizardly-davinci.82-223-8-23.plesk.page\/en\/wp-json\/wp\/v2\/universidades_coeditoras?post=17837"},{"taxonomy":"palabras_clave","embeddable":true,"href":"https:\/\/wizardly-davinci.82-223-8-23.plesk.page\/en\/wp-json\/wp\/v2\/palabras_clave?post=17837"},{"taxonomy":"listado_alfabetico","embeddable":true,"href":"https:\/\/wizardly-davinci.82-223-8-23.plesk.page\/en\/wp-json\/wp\/v2\/listado_alfabetico?post=17837"}],"curies":[{"name":"wp","href":"https:\/\/api.w.org\/{rel}","templated":true}]}}