{"id":17845,"date":"2019-04-09T22:52:31","date_gmt":"2019-04-09T22:52:31","guid":{"rendered":"https:\/\/octaedro.com\/producto\/la-educacion-afectiva-sexual-para-adolescentes\/"},"modified":"2023-04-24T13:09:53","modified_gmt":"2023-04-24T11:09:53","slug":"la-educacion-afectiva-sexual-para-adolescentes","status":"publish","type":"product","link":"https:\/\/wizardly-davinci.82-223-8-23.plesk.page\/en\/producto\/la-educacion-afectiva-sexual-para-adolescentes\/","title":{"rendered":"La educaci\u00f3n afectiva sexual para adolescentes"},"content":{"rendered":"<p>Partimos de la idea de que una sexualidad sana sucede como consecuencia natural de una amistad. La sexualidad es una forma de expresi\u00f3n vital que se manifiesta de acuerdo con la edad, la condici\u00f3n de hombre o de mujer, las costumbres, las normas y los valores existentes. Se relaciona con nuestros afectos y con nuestra capacidad de expresarlos.<\/p>\n<p>Pero, aunque desde peque\u00f1os se nos prepara para aprender contenidos acad\u00e9micos que nos faciliten la incorporaci\u00f3n a la vida profesional y un bagaje cultural apropiado, no nos preparan para encauzar las relaciones afectivas entre las personas, a prepararnos para construir relaciones de pareja sanas y saludables, donde sepamos escucharnos unos a otros y solucionar los problemas empleando el dialogo y sin ning\u00fan tipo de violencia.<\/p>\n<p>Bas\u00e1ndonos en esta idea, el objetivo de este manual es proporcionar a las familias, docentes y dem\u00e1s personas interesadas en la tem\u00e1tica las herramientas necesarias para ense\u00f1ar a nuestros hijos, a nuestro alumnado a vivir una sexualidad sana, donde la relaci\u00f3n afectiva-sexual se base en la empat\u00eda, el respeto y el dialogo.<\/p>\n<p>Para alcanzar esta meta, presentamos cuatros programas educativos que ayudar\u00e1n a los docentes y a las familias a promover el desarrollo emocional y sexual de los j\u00f3venes. Abordaremos los diferentes aspectos que contribuyen al desarrollo de una personalidad sana y equilibrada, como son la autoestima, la identidad, el desarrollo psicoafectivo, el autoconcepto, el autoconocimiento, el desarrollo emocional y el desarrollo \u00e9tico y moral.<\/p>\n","protected":false},"excerpt":{"rendered":"<p>Partimos de la idea de que una sexualidad sana sucede como consecuencia natural de una amistad. La sexualidad es una forma de expresi\u00f3n vital que se manifiesta de acuerdo con la edad, la condici\u00f3n de hombre o de mujer, las costumbres, las normas y los valores existentes. Se relaciona con nuestros afectos y con nuestra capacidad de expresarlos.<\/p>\n<p>Pero, aunque desde peque\u00f1os se nos prepara para aprender contenidos acad\u00e9micos que nos faciliten la incorporaci\u00f3n a la vida profesional y un bagaje cultural apropiado, no nos preparan para encauzar las relaciones afectivas entre las personas, a prepararnos para construir relaciones de pareja sanas y saludables, donde sepamos escucharnos unos a otros y solucionar los problemas empleando el dialogo y sin ning\u00fan tipo de violencia.<\/p>\n<p>Bas\u00e1ndonos en esta idea, el objetivo de este manual es proporcionar a las familias, docentes y dem\u00e1s personas interesadas en la tem\u00e1tica las herramientas necesarias para ense\u00f1ar a nuestros hijos, a nuestro alumnado a vivir una sexualidad sana, donde la relaci\u00f3n afectiva-sexual se base en la empat\u00eda, el respeto y el dialogo.<\/p>\n<p>Para alcanzar esta meta, presentamos cuatros programas educativos que ayudar\u00e1n a los docentes y a las familias a promover el desarrollo emocional y sexual de los j\u00f3venes. Abordaremos los diferentes aspectos que contribuyen al desarrollo de una personalidad sana y equilibrada, como son la autoestima, la identidad, el desarrollo psicoafectivo, el autoconcepto, el autoconocimiento, el desarrollo emocional y el desarrollo \u00e9tico y moral.<\/p>\n","protected":false},"featured_media":17846,"comment_status":"open","ping_status":"closed","template":"","meta":{"_et_pb_use_builder":"","_et_pb_old_content":"","_et_gb_content_width":""},"product_cat":[1512,6675],"product_tag":[2602],"edicion":[1083],"editoriales":[1160],"tienda":[],"autor_id":[5507,5617,10290],"universidades_coeditoras":[7231],"palabras_clave":[],"listado_alfabetico":[],"acf":[],"_links":{"self":[{"href":"https:\/\/wizardly-davinci.82-223-8-23.plesk.page\/en\/wp-json\/wp\/v2\/product\/17845"}],"collection":[{"href":"https:\/\/wizardly-davinci.82-223-8-23.plesk.page\/en\/wp-json\/wp\/v2\/product"}],"about":[{"href":"https:\/\/wizardly-davinci.82-223-8-23.plesk.page\/en\/wp-json\/wp\/v2\/types\/product"}],"replies":[{"embeddable":true,"href":"https:\/\/wizardly-davinci.82-223-8-23.plesk.page\/en\/wp-json\/wp\/v2\/comments?post=17845"}],"wp:featuredmedia":[{"embeddable":true,"href":"https:\/\/wizardly-davinci.82-223-8-23.plesk.page\/en\/wp-json\/wp\/v2\/media\/17846"}],"wp:attachment":[{"href":"https:\/\/wizardly-davinci.82-223-8-23.plesk.page\/en\/wp-json\/wp\/v2\/media?parent=17845"}],"wp:term":[{"taxonomy":"product_cat","embeddable":true,"href":"https:\/\/wizardly-davinci.82-223-8-23.plesk.page\/en\/wp-json\/wp\/v2\/product_cat?post=17845"},{"taxonomy":"product_tag","embeddable":true,"href":"https:\/\/wizardly-davinci.82-223-8-23.plesk.page\/en\/wp-json\/wp\/v2\/product_tag?post=17845"},{"taxonomy":"edicion","embeddable":true,"href":"https:\/\/wizardly-davinci.82-223-8-23.plesk.page\/en\/wp-json\/wp\/v2\/edicion?post=17845"},{"taxonomy":"editoriales","embeddable":true,"href":"https:\/\/wizardly-davinci.82-223-8-23.plesk.page\/en\/wp-json\/wp\/v2\/editoriales?post=17845"},{"taxonomy":"tienda","embeddable":true,"href":"https:\/\/wizardly-davinci.82-223-8-23.plesk.page\/en\/wp-json\/wp\/v2\/tienda?post=17845"},{"taxonomy":"autor_id","embeddable":true,"href":"https:\/\/wizardly-davinci.82-223-8-23.plesk.page\/en\/wp-json\/wp\/v2\/autor_id?post=17845"},{"taxonomy":"universidades_coeditoras","embeddable":true,"href":"https:\/\/wizardly-davinci.82-223-8-23.plesk.page\/en\/wp-json\/wp\/v2\/universidades_coeditoras?post=17845"},{"taxonomy":"palabras_clave","embeddable":true,"href":"https:\/\/wizardly-davinci.82-223-8-23.plesk.page\/en\/wp-json\/wp\/v2\/palabras_clave?post=17845"},{"taxonomy":"listado_alfabetico","embeddable":true,"href":"https:\/\/wizardly-davinci.82-223-8-23.plesk.page\/en\/wp-json\/wp\/v2\/listado_alfabetico?post=17845"}],"curies":[{"name":"wp","href":"https:\/\/api.w.org\/{rel}","templated":true}]}}