{"id":17849,"date":"2019-04-09T22:52:31","date_gmt":"2019-04-09T22:52:31","guid":{"rendered":"https:\/\/octaedro.com\/producto\/y-luego-dicen-que-la-escuela-publica-no-funciona\/"},"modified":"2023-04-24T13:10:08","modified_gmt":"2023-04-24T11:10:08","slug":"y-luego-dicen-que-la-escuela-publica-no-funciona","status":"publish","type":"product","link":"https:\/\/wizardly-davinci.82-223-8-23.plesk.page\/en\/producto\/y-luego-dicen-que-la-escuela-publica-no-funciona\/","title":{"rendered":"\u00a1Y luego dicen que la escuela p\u00fablica no funciona!"},"content":{"rendered":"<p>\u00bfQu\u00e9 nos revela un estudio etnogr\u00e1fico realizado con j\u00f3venes de Secundaria sobre c\u00f3mo transitan por sus aprendizajes dentro y fuera de los centros educativos?<\/p>\n<p>\u00bfC\u00f3mo contribuye la investigaci\u00f3n etnogr\u00e1fica a la comprensi\u00f3n de\u00a0los contextos de aprendizaje de los j\u00f3venes, algunos mediados por tecnolog\u00edas digitales?<\/p>\n<p>\u00bfC\u00f3mo se pueden establecer puentes entre la universidad y los centros de ense\u00f1anza para ampliar nuestra comprensi\u00f3n sobre las formas de aprender de los j\u00f3venes?<\/p>\n<p>\u00bfC\u00f3mo se puede aprender a partir de proyectos de indagaci\u00f3n?<\/p>\n<p>\u00bfQu\u00e9 aportaciones se derivan de esta publicaci\u00f3n\u00a0para repensar el sentido de la educaci\u00f3n secundaria y poder conseguir que todos los j\u00f3venes encuentren su lugar para aprender con sentido?<\/p>\n<p>Son estas y otras cuestiones las que exploramos en colaboraci\u00f3n con un grupo de j\u00f3venes.<\/p>\n","protected":false},"excerpt":{"rendered":"<p>\u00bfQu\u00e9 nos revela un estudio etnogr\u00e1fico realizado con j\u00f3venes de Secundaria sobre c\u00f3mo transitan por sus aprendizajes dentro y fuera de los centros educativos?<\/p>\n<p>\u00bfC\u00f3mo contribuye la investigaci\u00f3n etnogr\u00e1fica a la comprensi\u00f3n de\u00a0los contextos de aprendizaje de los j\u00f3venes, algunos mediados por tecnolog\u00edas digitales?<\/p>\n<p>\u00bfC\u00f3mo se pueden establecer puentes entre la universidad y los centros de ense\u00f1anza para ampliar nuestra comprensi\u00f3n sobre las formas de aprender de los j\u00f3venes?<\/p>\n<p>\u00bfC\u00f3mo se puede aprender a partir de proyectos de indagaci\u00f3n?<\/p>\n<p>\u00bfQu\u00e9 aportaciones se derivan de esta publicaci\u00f3n\u00a0para repensar el sentido de la educaci\u00f3n secundaria y poder conseguir que todos los j\u00f3venes encuentren su lugar para aprender con sentido?<\/p>\n<p>Son estas y otras cuestiones las que exploramos en colaboraci\u00f3n con un grupo de j\u00f3venes.<\/p>\n","protected":false},"featured_media":17850,"comment_status":"open","ping_status":"closed","template":"","meta":{"_et_pb_use_builder":"","_et_pb_old_content":"","_et_gb_content_width":""},"product_cat":[1512,6944],"product_tag":[2602],"edicion":[1083],"editoriales":[1160],"tienda":[],"autor_id":[5675],"universidades_coeditoras":[],"palabras_clave":[],"listado_alfabetico":[],"acf":[],"_links":{"self":[{"href":"https:\/\/wizardly-davinci.82-223-8-23.plesk.page\/en\/wp-json\/wp\/v2\/product\/17849"}],"collection":[{"href":"https:\/\/wizardly-davinci.82-223-8-23.plesk.page\/en\/wp-json\/wp\/v2\/product"}],"about":[{"href":"https:\/\/wizardly-davinci.82-223-8-23.plesk.page\/en\/wp-json\/wp\/v2\/types\/product"}],"replies":[{"embeddable":true,"href":"https:\/\/wizardly-davinci.82-223-8-23.plesk.page\/en\/wp-json\/wp\/v2\/comments?post=17849"}],"wp:featuredmedia":[{"embeddable":true,"href":"https:\/\/wizardly-davinci.82-223-8-23.plesk.page\/en\/wp-json\/wp\/v2\/media\/17850"}],"wp:attachment":[{"href":"https:\/\/wizardly-davinci.82-223-8-23.plesk.page\/en\/wp-json\/wp\/v2\/media?parent=17849"}],"wp:term":[{"taxonomy":"product_cat","embeddable":true,"href":"https:\/\/wizardly-davinci.82-223-8-23.plesk.page\/en\/wp-json\/wp\/v2\/product_cat?post=17849"},{"taxonomy":"product_tag","embeddable":true,"href":"https:\/\/wizardly-davinci.82-223-8-23.plesk.page\/en\/wp-json\/wp\/v2\/product_tag?post=17849"},{"taxonomy":"edicion","embeddable":true,"href":"https:\/\/wizardly-davinci.82-223-8-23.plesk.page\/en\/wp-json\/wp\/v2\/edicion?post=17849"},{"taxonomy":"editoriales","embeddable":true,"href":"https:\/\/wizardly-davinci.82-223-8-23.plesk.page\/en\/wp-json\/wp\/v2\/editoriales?post=17849"},{"taxonomy":"tienda","embeddable":true,"href":"https:\/\/wizardly-davinci.82-223-8-23.plesk.page\/en\/wp-json\/wp\/v2\/tienda?post=17849"},{"taxonomy":"autor_id","embeddable":true,"href":"https:\/\/wizardly-davinci.82-223-8-23.plesk.page\/en\/wp-json\/wp\/v2\/autor_id?post=17849"},{"taxonomy":"universidades_coeditoras","embeddable":true,"href":"https:\/\/wizardly-davinci.82-223-8-23.plesk.page\/en\/wp-json\/wp\/v2\/universidades_coeditoras?post=17849"},{"taxonomy":"palabras_clave","embeddable":true,"href":"https:\/\/wizardly-davinci.82-223-8-23.plesk.page\/en\/wp-json\/wp\/v2\/palabras_clave?post=17849"},{"taxonomy":"listado_alfabetico","embeddable":true,"href":"https:\/\/wizardly-davinci.82-223-8-23.plesk.page\/en\/wp-json\/wp\/v2\/listado_alfabetico?post=17849"}],"curies":[{"name":"wp","href":"https:\/\/api.w.org\/{rel}","templated":true}]}}