{"id":17851,"date":"2019-04-09T22:52:31","date_gmt":"2019-04-09T22:52:31","guid":{"rendered":"https:\/\/octaedro.com\/producto\/psicomotricidad-educativa-avanzando-paso-a-paso\/"},"modified":"2023-04-24T13:19:52","modified_gmt":"2023-04-24T11:19:52","slug":"psicomotricidad-educativa-avanzando-paso-a-paso","status":"publish","type":"product","link":"https:\/\/wizardly-davinci.82-223-8-23.plesk.page\/en\/producto\/psicomotricidad-educativa-avanzando-paso-a-paso\/","title":{"rendered":"Psicomotricidad educativa: avanzando paso a paso"},"content":{"rendered":"<p>Desde su aparici\u00f3n como ciencia, a principios del siglo XX, y hasta la actualidad, la psicomotricidad ha ido pasando por distintos escenarios que la han hecho visible como un planteamiento global de acompa\u00f1amiento y ayuda en el proceso de desarrollo motor, para facilitar la construcci\u00f3n de una buena imagen corporal.<\/p>\n<p>Cuando se trata de su ubicaci\u00f3n en el \u00e1mbito escolar, tiene siempre como referente el desarrollo psicomotor de los ni\u00f1os y las ni\u00f1as en el contexto en que se produce su maduraci\u00f3n y crecimiento.<\/p>\n<p>En nuestra realidad social y cultural, la visi\u00f3n del cuerpo como primer instrumento de comunicaci\u00f3n tiene una aceptaci\u00f3n generalizada, que ha de ir acompa\u00f1ada de una mirada adulta que permita a las personas en sus primeros a\u00f1os desarrollar sus capacidades motrices, emocionales y cognitivas en un marco de seguridad y confianza.<\/p>\n<p>Los caminos de la psicomotricidad educativa son diversos y poli\u00e9dricos. En los cap\u00edtulos que componen el libro se presentan algunos de ellos: la propuesta de actuaci\u00f3n sistematizada y regular con los ni\u00f1os m\u00e1s peque\u00f1os; el planteamiento del juego como elemento natural de aprendizaje; la importancia de la formaci\u00f3n de los profesionales; la necesidad de reconocer la evaluaci\u00f3n como elemento esencial de la acci\u00f3n cotidiana y la propuesta de intervenci\u00f3n en algunas situaciones concretas.<\/p>\n<p>Todos los autores de este libro son profesionales implicados en la educaci\u00f3n y la psicomotricidad, en los campos de la docencia, la formaci\u00f3n de formadores y la investigaci\u00f3n.<\/p>\n","protected":false},"excerpt":{"rendered":"<p>Desde su aparici\u00f3n como ciencia, a principios del siglo XX, y hasta la actualidad, la psicomotricidad ha ido pasando por distintos escenarios que la han hecho visible como un planteamiento global de acompa\u00f1amiento y ayuda en el proceso de desarrollo motor, para facilitar la construcci\u00f3n de una buena imagen corporal.<\/p>\n<p>Cuando se trata de su ubicaci\u00f3n en el \u00e1mbito escolar, tiene siempre como referente el desarrollo psicomotor de los ni\u00f1os y las ni\u00f1as en el contexto en que se produce su maduraci\u00f3n y crecimiento.<\/p>\n<p>En nuestra realidad social y cultural, la visi\u00f3n del cuerpo como primer instrumento de comunicaci\u00f3n tiene una aceptaci\u00f3n generalizada, que ha de ir acompa\u00f1ada de una mirada adulta que permita a las personas en sus primeros a\u00f1os desarrollar sus capacidades motrices, emocionales y cognitivas en un marco de seguridad y confianza.<\/p>\n<p>Los caminos de la psicomotricidad educativa son diversos y poli\u00e9dricos. En los cap\u00edtulos que componen el libro se presentan algunos de ellos: la propuesta de actuaci\u00f3n sistematizada y regular con los ni\u00f1os m\u00e1s peque\u00f1os; el planteamiento del juego como elemento natural de aprendizaje; la importancia de la formaci\u00f3n de los profesionales; la necesidad de reconocer la evaluaci\u00f3n como elemento esencial de la acci\u00f3n cotidiana y la propuesta de intervenci\u00f3n en algunas situaciones concretas.<\/p>\n<p>Todos los autores de este libro son profesionales implicados en la educaci\u00f3n y la psicomotricidad, en los campos de la docencia, la formaci\u00f3n de formadores y la investigaci\u00f3n.<\/p>\n","protected":false},"featured_media":17852,"comment_status":"open","ping_status":"closed","template":"","meta":{"_et_pb_use_builder":"","_et_pb_old_content":"","_et_gb_content_width":""},"product_cat":[1512,6675,9825],"product_tag":[2602],"edicion":[1083],"editoriales":[1160],"tienda":[],"autor_id":[5049,5940],"universidades_coeditoras":[],"palabras_clave":[],"listado_alfabetico":[],"acf":[],"_links":{"self":[{"href":"https:\/\/wizardly-davinci.82-223-8-23.plesk.page\/en\/wp-json\/wp\/v2\/product\/17851"}],"collection":[{"href":"https:\/\/wizardly-davinci.82-223-8-23.plesk.page\/en\/wp-json\/wp\/v2\/product"}],"about":[{"href":"https:\/\/wizardly-davinci.82-223-8-23.plesk.page\/en\/wp-json\/wp\/v2\/types\/product"}],"replies":[{"embeddable":true,"href":"https:\/\/wizardly-davinci.82-223-8-23.plesk.page\/en\/wp-json\/wp\/v2\/comments?post=17851"}],"wp:featuredmedia":[{"embeddable":true,"href":"https:\/\/wizardly-davinci.82-223-8-23.plesk.page\/en\/wp-json\/wp\/v2\/media\/17852"}],"wp:attachment":[{"href":"https:\/\/wizardly-davinci.82-223-8-23.plesk.page\/en\/wp-json\/wp\/v2\/media?parent=17851"}],"wp:term":[{"taxonomy":"product_cat","embeddable":true,"href":"https:\/\/wizardly-davinci.82-223-8-23.plesk.page\/en\/wp-json\/wp\/v2\/product_cat?post=17851"},{"taxonomy":"product_tag","embeddable":true,"href":"https:\/\/wizardly-davinci.82-223-8-23.plesk.page\/en\/wp-json\/wp\/v2\/product_tag?post=17851"},{"taxonomy":"edicion","embeddable":true,"href":"https:\/\/wizardly-davinci.82-223-8-23.plesk.page\/en\/wp-json\/wp\/v2\/edicion?post=17851"},{"taxonomy":"editoriales","embeddable":true,"href":"https:\/\/wizardly-davinci.82-223-8-23.plesk.page\/en\/wp-json\/wp\/v2\/editoriales?post=17851"},{"taxonomy":"tienda","embeddable":true,"href":"https:\/\/wizardly-davinci.82-223-8-23.plesk.page\/en\/wp-json\/wp\/v2\/tienda?post=17851"},{"taxonomy":"autor_id","embeddable":true,"href":"https:\/\/wizardly-davinci.82-223-8-23.plesk.page\/en\/wp-json\/wp\/v2\/autor_id?post=17851"},{"taxonomy":"universidades_coeditoras","embeddable":true,"href":"https:\/\/wizardly-davinci.82-223-8-23.plesk.page\/en\/wp-json\/wp\/v2\/universidades_coeditoras?post=17851"},{"taxonomy":"palabras_clave","embeddable":true,"href":"https:\/\/wizardly-davinci.82-223-8-23.plesk.page\/en\/wp-json\/wp\/v2\/palabras_clave?post=17851"},{"taxonomy":"listado_alfabetico","embeddable":true,"href":"https:\/\/wizardly-davinci.82-223-8-23.plesk.page\/en\/wp-json\/wp\/v2\/listado_alfabetico?post=17851"}],"curies":[{"name":"wp","href":"https:\/\/api.w.org\/{rel}","templated":true}]}}