{"id":17855,"date":"2019-04-09T22:52:32","date_gmt":"2019-04-09T22:52:32","guid":{"rendered":"https:\/\/octaedro.com\/producto\/educacion-y-critica-vinetas-para-una-epoca\/"},"modified":"2023-04-24T13:20:10","modified_gmt":"2023-04-24T11:20:10","slug":"educacion-y-critica-vinetas-para-una-epoca","status":"publish","type":"product","link":"https:\/\/wizardly-davinci.82-223-8-23.plesk.page\/en\/producto\/educacion-y-critica-vinetas-para-una-epoca\/","title":{"rendered":"Educaci\u00f3n y cr\u00edtica: vi\u00f1etas para una \u00e9poca"},"content":{"rendered":"<p>Al fin un libro de educaci\u00f3n que habla de educaci\u00f3n con humor, desde dentro, sin respuestas, cr\u00edticamente, pero sin recetas educativas. Vi\u00f1etas que ponen en valor buena parte de la experiencia, investigaci\u00f3n y reflexi\u00f3n de un profesor universitario que, mucho antes de llegar a la Universidad, trabaj\u00f3 a lo largo de casi 15 a\u00f1os en todo tipo de instituciones y proyectos educativos.<\/p>\n<p>A trav\u00e9s de una fina y c\u00f3mplice iron\u00eda, las vi\u00f1etas plantean diferentes problemas sobre los siguientes temas: deberes, innovaci\u00f3n did\u00e1ctica, curr\u00edculum escolar, educaci\u00f3n familiar, docencia universitaria, educaci\u00f3n social, educaci\u00f3n en el tiempo libre, TIC, modas educativas, condiciones laborales, etc.<\/p>\n<p>El libro pretende ser un sincero homenaje y una reivindicaci\u00f3n entusiasta, c\u00f3mplice y cr\u00edtica de uno de los trabajos m\u00e1s dif\u00edciles, importantes y apasionantes que alguien puede ejercer: trabajar en educaci\u00f3n. Por tanto, todo aquel interesado en el mundo educativo encontrar\u00e1 en este libro un material atractivo de discusi\u00f3n y reflexi\u00f3n de enorme valor que no le dejar\u00e1 indiferente. Solo preguntas, ninguna respuesta.<\/p>\n<p>Las ilustraciones son de <strong>Patricia Corrales P\u00e9rez<\/strong>. Formada por la Escuela Profesional de Dibujo de Madrid (ESDIP) en la modalidad de ilustraci\u00f3n editorial y c\u00f3mic; profesora de ilustraci\u00f3n y c\u00f3mic en diferentes instituciones. Ha trabajado como ilustradora en varias empresas y editoriales. Igualmente, ha realizado <em>workshops<\/em> de dibujo y pintura en espacios culturales como el Matadero y la Tabacalera (Madrid) y diversas exposiciones, siendo las m\u00e1s recientes \u00abLo que viene siendo mujeres\u00bb (El Rinc\u00f3n Lento, Guadalajara) y \u00abMujeriegas\u00bb (Espacio B, Madrid).<\/p>\n","protected":false},"excerpt":{"rendered":"<p>Al fin un libro de educaci\u00f3n que habla de educaci\u00f3n con humor, desde dentro, sin respuestas, cr\u00edticamente, pero sin recetas educativas. Vi\u00f1etas que ponen en valor buena parte de la experiencia, investigaci\u00f3n y reflexi\u00f3n de un profesor universitario que, mucho antes de llegar a la Universidad, trabaj\u00f3 a lo largo de casi 15 a\u00f1os en todo tipo de instituciones y proyectos educativos.<\/p>\n<p>A trav\u00e9s de una fina y c\u00f3mplice iron\u00eda, las vi\u00f1etas plantean diferentes problemas sobre los siguientes temas: deberes, innovaci\u00f3n did\u00e1ctica, curr\u00edculum escolar, educaci\u00f3n familiar, docencia universitaria, educaci\u00f3n social, educaci\u00f3n en el tiempo libre, TIC, modas educativas, condiciones laborales, etc.<\/p>\n<p>El libro pretende ser un sincero homenaje y una reivindicaci\u00f3n entusiasta, c\u00f3mplice y cr\u00edtica de uno de los trabajos m\u00e1s dif\u00edciles, importantes y apasionantes que alguien puede ejercer: trabajar en educaci\u00f3n. Por tanto, todo aquel interesado en el mundo educativo encontrar\u00e1 en este libro un material atractivo de discusi\u00f3n y reflexi\u00f3n de enorme valor que no le dejar\u00e1 indiferente. Solo preguntas, ninguna respuesta.<\/p>\n<p>Las ilustraciones son de <strong>Patricia Corrales P\u00e9rez<\/strong>. Formada por la Escuela Profesional de Dibujo de Madrid (ESDIP) en la modalidad de ilustraci\u00f3n editorial y c\u00f3mic; profesora de ilustraci\u00f3n y c\u00f3mic en diferentes instituciones. Ha trabajado como ilustradora en varias empresas y editoriales. Igualmente, ha realizado <em>workshops<\/em> de dibujo y pintura en espacios culturales como el Matadero y la Tabacalera (Madrid) y diversas exposiciones, siendo las m\u00e1s recientes \u00abLo que viene siendo mujeres\u00bb (El Rinc\u00f3n Lento, Guadalajara) y \u00abMujeriegas\u00bb (Espacio B, Madrid).<\/p>\n","protected":false},"featured_media":17856,"comment_status":"open","ping_status":"closed","template":"","meta":{"_et_pb_use_builder":"","_et_pb_old_content":"","_et_gb_content_width":""},"product_cat":[1512,6675],"product_tag":[2602],"edicion":[1083],"editoriales":[1160],"tienda":[],"autor_id":[6147],"universidades_coeditoras":[],"palabras_clave":[],"listado_alfabetico":[],"acf":[],"_links":{"self":[{"href":"https:\/\/wizardly-davinci.82-223-8-23.plesk.page\/en\/wp-json\/wp\/v2\/product\/17855"}],"collection":[{"href":"https:\/\/wizardly-davinci.82-223-8-23.plesk.page\/en\/wp-json\/wp\/v2\/product"}],"about":[{"href":"https:\/\/wizardly-davinci.82-223-8-23.plesk.page\/en\/wp-json\/wp\/v2\/types\/product"}],"replies":[{"embeddable":true,"href":"https:\/\/wizardly-davinci.82-223-8-23.plesk.page\/en\/wp-json\/wp\/v2\/comments?post=17855"}],"wp:featuredmedia":[{"embeddable":true,"href":"https:\/\/wizardly-davinci.82-223-8-23.plesk.page\/en\/wp-json\/wp\/v2\/media\/17856"}],"wp:attachment":[{"href":"https:\/\/wizardly-davinci.82-223-8-23.plesk.page\/en\/wp-json\/wp\/v2\/media?parent=17855"}],"wp:term":[{"taxonomy":"product_cat","embeddable":true,"href":"https:\/\/wizardly-davinci.82-223-8-23.plesk.page\/en\/wp-json\/wp\/v2\/product_cat?post=17855"},{"taxonomy":"product_tag","embeddable":true,"href":"https:\/\/wizardly-davinci.82-223-8-23.plesk.page\/en\/wp-json\/wp\/v2\/product_tag?post=17855"},{"taxonomy":"edicion","embeddable":true,"href":"https:\/\/wizardly-davinci.82-223-8-23.plesk.page\/en\/wp-json\/wp\/v2\/edicion?post=17855"},{"taxonomy":"editoriales","embeddable":true,"href":"https:\/\/wizardly-davinci.82-223-8-23.plesk.page\/en\/wp-json\/wp\/v2\/editoriales?post=17855"},{"taxonomy":"tienda","embeddable":true,"href":"https:\/\/wizardly-davinci.82-223-8-23.plesk.page\/en\/wp-json\/wp\/v2\/tienda?post=17855"},{"taxonomy":"autor_id","embeddable":true,"href":"https:\/\/wizardly-davinci.82-223-8-23.plesk.page\/en\/wp-json\/wp\/v2\/autor_id?post=17855"},{"taxonomy":"universidades_coeditoras","embeddable":true,"href":"https:\/\/wizardly-davinci.82-223-8-23.plesk.page\/en\/wp-json\/wp\/v2\/universidades_coeditoras?post=17855"},{"taxonomy":"palabras_clave","embeddable":true,"href":"https:\/\/wizardly-davinci.82-223-8-23.plesk.page\/en\/wp-json\/wp\/v2\/palabras_clave?post=17855"},{"taxonomy":"listado_alfabetico","embeddable":true,"href":"https:\/\/wizardly-davinci.82-223-8-23.plesk.page\/en\/wp-json\/wp\/v2\/listado_alfabetico?post=17855"}],"curies":[{"name":"wp","href":"https:\/\/api.w.org\/{rel}","templated":true}]}}