{"id":17857,"date":"2019-04-09T22:52:32","date_gmt":"2019-04-09T22:52:32","guid":{"rendered":"https:\/\/octaedro.com\/producto\/alumnado-con-enfermedades-poco-frecuentes-y-escuela-inclusiva\/"},"modified":"2023-04-24T13:20:20","modified_gmt":"2023-04-24T11:20:20","slug":"alumnado-con-enfermedades-poco-frecuentes-y-escuela-inclusiva","status":"publish","type":"product","link":"https:\/\/wizardly-davinci.82-223-8-23.plesk.page\/en\/producto\/alumnado-con-enfermedades-poco-frecuentes-y-escuela-inclusiva\/","title":{"rendered":"Alumnado con enfermedades poco frecuentes y escuela inclusiva"},"content":{"rendered":"<p>La inclusi\u00f3n educativa es hoy el reto de nuestro sistema educativo y una tarea indispensable para una sociedad inclusiva. Debemos trabajar para lograr una escuela de calidad para para todas las personas, una escuela que incluya tambi\u00e9n a los ni\u00f1os y las ni\u00f1as con una enfermedad poco frecuente.<\/p>\n<p><em>Alumnado con enfermedades poco frecuentes y escuela inclusiva<\/em> es un estudio que ha puesto en primer plano la voz del alumnado con enfermedades poco frecuentes y de sus familiares a la hora de analizar las pol\u00edticas educativas, sanitarias y de servicios sociales con el fin de conseguir una escuela (y, por consiguiente, una sociedad) m\u00e1s inclusiva.<\/p>\n<p>Esta investigaci\u00f3n pretende mostrar los \u00abbrillos\u00bb en las historias de las personas con una enfermedad poco frecuente, historias que permiten subrayar las ganas de participar con pleno derecho en todos los espacios en los que se toman las decisiones que afectan a sus vidas y, a la vez, recoger las buenas pr\u00e1cticas profesionales que se han encontrado en sus trayectorias vitales. Es un libro dirigido a familias y profesionales de la educaci\u00f3n y de la red sanitaria y social preocupados por mejorar su intervenci\u00f3n.<\/p>\n<p>El trabajo ha sido realizado con la participaci\u00f3n de equipos de investigaci\u00f3n de varias universidades p\u00fablicas, coordinado por el equipo INKLUNI de la Universidad del Pa\u00eds Vasco\/Euskal Herriko Unibertsitatea, y con el apoyo de FEDER con el objetivo de analizar las necesidades derivadas de la escolarizaci\u00f3n de ni\u00f1os, ni\u00f1as y j\u00f3venes con enfermedades poco frecuentes en centros escolares de ocho comunidades aut\u00f3nomas del Estado espa\u00f1ol.<\/p>\n","protected":false},"excerpt":{"rendered":"<p>La inclusi\u00f3n educativa es hoy el reto de nuestro sistema educativo y una tarea indispensable para una sociedad inclusiva. Debemos trabajar para lograr una escuela de calidad para para todas las personas, una escuela que incluya tambi\u00e9n a los ni\u00f1os y las ni\u00f1as con una enfermedad poco frecuente.<\/p>\n<p><em>Alumnado con enfermedades poco frecuentes y escuela inclusiva<\/em> es un estudio que ha puesto en primer plano la voz del alumnado con enfermedades poco frecuentes y de sus familiares a la hora de analizar las pol\u00edticas educativas, sanitarias y de servicios sociales con el fin de conseguir una escuela (y, por consiguiente, una sociedad) m\u00e1s inclusiva.<\/p>\n<p>Esta investigaci\u00f3n pretende mostrar los \u00abbrillos\u00bb en las historias de las personas con una enfermedad poco frecuente, historias que permiten subrayar las ganas de participar con pleno derecho en todos los espacios en los que se toman las decisiones que afectan a sus vidas y, a la vez, recoger las buenas pr\u00e1cticas profesionales que se han encontrado en sus trayectorias vitales. Es un libro dirigido a familias y profesionales de la educaci\u00f3n y de la red sanitaria y social preocupados por mejorar su intervenci\u00f3n.<\/p>\n<p>El trabajo ha sido realizado con la participaci\u00f3n de equipos de investigaci\u00f3n de varias universidades p\u00fablicas, coordinado por el equipo INKLUNI de la Universidad del Pa\u00eds Vasco\/Euskal Herriko Unibertsitatea, y con el apoyo de FEDER con el objetivo de analizar las necesidades derivadas de la escolarizaci\u00f3n de ni\u00f1os, ni\u00f1as y j\u00f3venes con enfermedades poco frecuentes en centros escolares de ocho comunidades aut\u00f3nomas del Estado espa\u00f1ol.<\/p>\n","protected":false},"featured_media":17858,"comment_status":"open","ping_status":"closed","template":"","meta":{"_et_pb_use_builder":"","_et_pb_old_content":"","_et_gb_content_width":""},"product_cat":[1512,6675],"product_tag":[2602],"edicion":[1083],"editoriales":[1160],"tienda":[],"autor_id":[5075,5999,6097],"universidades_coeditoras":[],"palabras_clave":[],"listado_alfabetico":[],"acf":[],"_links":{"self":[{"href":"https:\/\/wizardly-davinci.82-223-8-23.plesk.page\/en\/wp-json\/wp\/v2\/product\/17857"}],"collection":[{"href":"https:\/\/wizardly-davinci.82-223-8-23.plesk.page\/en\/wp-json\/wp\/v2\/product"}],"about":[{"href":"https:\/\/wizardly-davinci.82-223-8-23.plesk.page\/en\/wp-json\/wp\/v2\/types\/product"}],"replies":[{"embeddable":true,"href":"https:\/\/wizardly-davinci.82-223-8-23.plesk.page\/en\/wp-json\/wp\/v2\/comments?post=17857"}],"wp:featuredmedia":[{"embeddable":true,"href":"https:\/\/wizardly-davinci.82-223-8-23.plesk.page\/en\/wp-json\/wp\/v2\/media\/17858"}],"wp:attachment":[{"href":"https:\/\/wizardly-davinci.82-223-8-23.plesk.page\/en\/wp-json\/wp\/v2\/media?parent=17857"}],"wp:term":[{"taxonomy":"product_cat","embeddable":true,"href":"https:\/\/wizardly-davinci.82-223-8-23.plesk.page\/en\/wp-json\/wp\/v2\/product_cat?post=17857"},{"taxonomy":"product_tag","embeddable":true,"href":"https:\/\/wizardly-davinci.82-223-8-23.plesk.page\/en\/wp-json\/wp\/v2\/product_tag?post=17857"},{"taxonomy":"edicion","embeddable":true,"href":"https:\/\/wizardly-davinci.82-223-8-23.plesk.page\/en\/wp-json\/wp\/v2\/edicion?post=17857"},{"taxonomy":"editoriales","embeddable":true,"href":"https:\/\/wizardly-davinci.82-223-8-23.plesk.page\/en\/wp-json\/wp\/v2\/editoriales?post=17857"},{"taxonomy":"tienda","embeddable":true,"href":"https:\/\/wizardly-davinci.82-223-8-23.plesk.page\/en\/wp-json\/wp\/v2\/tienda?post=17857"},{"taxonomy":"autor_id","embeddable":true,"href":"https:\/\/wizardly-davinci.82-223-8-23.plesk.page\/en\/wp-json\/wp\/v2\/autor_id?post=17857"},{"taxonomy":"universidades_coeditoras","embeddable":true,"href":"https:\/\/wizardly-davinci.82-223-8-23.plesk.page\/en\/wp-json\/wp\/v2\/universidades_coeditoras?post=17857"},{"taxonomy":"palabras_clave","embeddable":true,"href":"https:\/\/wizardly-davinci.82-223-8-23.plesk.page\/en\/wp-json\/wp\/v2\/palabras_clave?post=17857"},{"taxonomy":"listado_alfabetico","embeddable":true,"href":"https:\/\/wizardly-davinci.82-223-8-23.plesk.page\/en\/wp-json\/wp\/v2\/listado_alfabetico?post=17857"}],"curies":[{"name":"wp","href":"https:\/\/api.w.org\/{rel}","templated":true}]}}