{"id":17859,"date":"2019-04-09T22:52:33","date_gmt":"2019-04-09T22:52:33","guid":{"rendered":"https:\/\/octaedro.com\/producto\/generos-discursivos-y-estrategias-para-redactar-textos-academicos-en-secundaria\/"},"modified":"2023-04-24T13:20:29","modified_gmt":"2023-04-24T11:20:29","slug":"generos-discursivos-y-estrategias-para-redactar-textos-academicos-en-secundaria","status":"publish","type":"product","link":"https:\/\/wizardly-davinci.82-223-8-23.plesk.page\/en\/producto\/generos-discursivos-y-estrategias-para-redactar-textos-academicos-en-secundaria\/","title":{"rendered":"G\u00e9neros discursivos y estrategias para redactar textos acad\u00e9micos en Secundaria"},"content":{"rendered":"<p>La obra recoge una selecci\u00f3n de g\u00e9neros discursivos escolares y de estrategias de producci\u00f3n textual que los profesores demandan en las aulas y no siempre se ense\u00f1a a los estudiantes. En ella se defiende que escribir es una habilidad ling\u00fc\u00edstica compleja y se postula que explicitar las fases o etapas del proceso (acceso al conocimiento, planificaci\u00f3n, redacci\u00f3n, revisi\u00f3n y reescritura, edici\u00f3n y exposici\u00f3n oral) contribuye a aprender mejor y a tener \u00e9xito acad\u00e9mico.<\/p>\n<p>El libro consta de tres partes. La primera sirve para fundamentar brevemente los g\u00e9neros y las estrategias en la teor\u00eda o modelo de escritura Didactex. La segunda contiene algunos de los g\u00e9neros discursivos escolares m\u00e1s frecuentes en las demandas de los profesores en las diferentes materias que ense\u00f1an: rese\u00f1a literaria y rese\u00f1a acad\u00e9mica, entrada enciclop\u00e9dica, ficha descriptiva, ensayo acad\u00e9mico, trabajo de investigaci\u00f3n escolar e infograf\u00eda. La tercera parte desarrolla algunas estrategias de producci\u00f3n textual: resumir, definir, describir, analizar, comparar, juzgar, entre otras.<\/p>\n<p>Nos dirigimos tanto a estudiantes como al profesorado de Secundaria y ciclos superiores de Formaci\u00f3n Profesional; del Grado de Magisterio y del M\u00e1ster en Formaci\u00f3n del Profesorado de Secundaria; tambi\u00e9n, a las familias con inter\u00e9s por la escritura y a todos los interesados por la escritura acad\u00e9mica y profesional.<\/p>\n","protected":false},"excerpt":{"rendered":"<p>La obra recoge una selecci\u00f3n de g\u00e9neros discursivos escolares y de estrategias de producci\u00f3n textual que los profesores demandan en las aulas y no siempre se ense\u00f1a a los estudiantes. En ella se defiende que escribir es una habilidad ling\u00fc\u00edstica compleja y se postula que explicitar las fases o etapas del proceso (acceso al conocimiento, planificaci\u00f3n, redacci\u00f3n, revisi\u00f3n y reescritura, edici\u00f3n y exposici\u00f3n oral) contribuye a aprender mejor y a tener \u00e9xito acad\u00e9mico.<\/p>\n<p>El libro consta de tres partes. La primera sirve para fundamentar brevemente los g\u00e9neros y las estrategias en la teor\u00eda o modelo de escritura Didactex. La segunda contiene algunos de los g\u00e9neros discursivos escolares m\u00e1s frecuentes en las demandas de los profesores en las diferentes materias que ense\u00f1an: rese\u00f1a literaria y rese\u00f1a acad\u00e9mica, entrada enciclop\u00e9dica, ficha descriptiva, ensayo acad\u00e9mico, trabajo de investigaci\u00f3n escolar e infograf\u00eda. La tercera parte desarrolla algunas estrategias de producci\u00f3n textual: resumir, definir, describir, analizar, comparar, juzgar, entre otras.<\/p>\n<p>Nos dirigimos tanto a estudiantes como al profesorado de Secundaria y ciclos superiores de Formaci\u00f3n Profesional; del Grado de Magisterio y del M\u00e1ster en Formaci\u00f3n del Profesorado de Secundaria; tambi\u00e9n, a las familias con inter\u00e9s por la escritura y a todos los interesados por la escritura acad\u00e9mica y profesional.<\/p>\n","protected":false},"featured_media":17860,"comment_status":"open","ping_status":"closed","template":"","meta":{"_et_pb_use_builder":"","_et_pb_old_content":"","_et_gb_content_width":""},"product_cat":[1512,6675],"product_tag":[2602],"edicion":[1083],"editoriales":[1160],"tienda":[],"autor_id":[4993,6621,5914,8316,6533],"universidades_coeditoras":[7252],"palabras_clave":[],"listado_alfabetico":[],"acf":[],"_links":{"self":[{"href":"https:\/\/wizardly-davinci.82-223-8-23.plesk.page\/en\/wp-json\/wp\/v2\/product\/17859"}],"collection":[{"href":"https:\/\/wizardly-davinci.82-223-8-23.plesk.page\/en\/wp-json\/wp\/v2\/product"}],"about":[{"href":"https:\/\/wizardly-davinci.82-223-8-23.plesk.page\/en\/wp-json\/wp\/v2\/types\/product"}],"replies":[{"embeddable":true,"href":"https:\/\/wizardly-davinci.82-223-8-23.plesk.page\/en\/wp-json\/wp\/v2\/comments?post=17859"}],"wp:featuredmedia":[{"embeddable":true,"href":"https:\/\/wizardly-davinci.82-223-8-23.plesk.page\/en\/wp-json\/wp\/v2\/media\/17860"}],"wp:attachment":[{"href":"https:\/\/wizardly-davinci.82-223-8-23.plesk.page\/en\/wp-json\/wp\/v2\/media?parent=17859"}],"wp:term":[{"taxonomy":"product_cat","embeddable":true,"href":"https:\/\/wizardly-davinci.82-223-8-23.plesk.page\/en\/wp-json\/wp\/v2\/product_cat?post=17859"},{"taxonomy":"product_tag","embeddable":true,"href":"https:\/\/wizardly-davinci.82-223-8-23.plesk.page\/en\/wp-json\/wp\/v2\/product_tag?post=17859"},{"taxonomy":"edicion","embeddable":true,"href":"https:\/\/wizardly-davinci.82-223-8-23.plesk.page\/en\/wp-json\/wp\/v2\/edicion?post=17859"},{"taxonomy":"editoriales","embeddable":true,"href":"https:\/\/wizardly-davinci.82-223-8-23.plesk.page\/en\/wp-json\/wp\/v2\/editoriales?post=17859"},{"taxonomy":"tienda","embeddable":true,"href":"https:\/\/wizardly-davinci.82-223-8-23.plesk.page\/en\/wp-json\/wp\/v2\/tienda?post=17859"},{"taxonomy":"autor_id","embeddable":true,"href":"https:\/\/wizardly-davinci.82-223-8-23.plesk.page\/en\/wp-json\/wp\/v2\/autor_id?post=17859"},{"taxonomy":"universidades_coeditoras","embeddable":true,"href":"https:\/\/wizardly-davinci.82-223-8-23.plesk.page\/en\/wp-json\/wp\/v2\/universidades_coeditoras?post=17859"},{"taxonomy":"palabras_clave","embeddable":true,"href":"https:\/\/wizardly-davinci.82-223-8-23.plesk.page\/en\/wp-json\/wp\/v2\/palabras_clave?post=17859"},{"taxonomy":"listado_alfabetico","embeddable":true,"href":"https:\/\/wizardly-davinci.82-223-8-23.plesk.page\/en\/wp-json\/wp\/v2\/listado_alfabetico?post=17859"}],"curies":[{"name":"wp","href":"https:\/\/api.w.org\/{rel}","templated":true}]}}