{"id":17861,"date":"2019-04-09T22:52:33","date_gmt":"2019-04-09T22:52:33","guid":{"rendered":"https:\/\/octaedro.com\/producto\/educacion-socioemocional-en-la-etapa-de-primaria-2\/"},"modified":"2023-04-24T13:20:38","modified_gmt":"2023-04-24T11:20:38","slug":"educacion-socioemocional-en-la-etapa-de-primaria-2","status":"publish","type":"product","link":"https:\/\/wizardly-davinci.82-223-8-23.plesk.page\/en\/producto\/educacion-socioemocional-en-la-etapa-de-primaria-2\/","title":{"rendered":"Educaci\u00f3n socioemocional en la etapa de primaria"},"content":{"rendered":"<p>Que la escuela no ha de favorecer solamente aprendizajes acad\u00e9micos es, hoy d\u00eda, una cuesti\u00f3n cada vez m\u00e1s aceptada. La propuesta de educaci\u00f3n basada en el desarrollo integral de las personas se extiende entre educadores y aparece como demanda social en muchos pa\u00edses como v\u00eda de desarrollo de la convivencia madura y responsable.<\/p>\n<p>Este enfoque de la educaci\u00f3n pasa por cuestionarse actuaciones educativas enraizadas en la tradici\u00f3n racional y academicista, donde las emociones y los sentimientos no han tenido cabida, y requiere, tal vez, repensar la escuela. En este sentido, esta obra (una segunda edici\u00f3n revisada y ampliada) ofrece elementos encaminados a promover la reflexi\u00f3n entre los educadores. Asimismo, presenta propuestas \u2013orientaciones, estrategias y actividades\u2013 dirigidas a planificar acciones sistematizadas que faciliten el crecimiento personal del alumnado. Todo ello presentado en cuatro grandes bloques tem\u00e1ticos: autoestima, gesti\u00f3n de emociones y sentimientos, empat\u00eda y resoluci\u00f3n positiva de conflictos.<\/p>\n<p>Se trata, en s\u00edntesis, de una herramienta \u00fatil para el profesorado interesado en incorporar el desarrollo de la inteligencia emocional en la escuela.<\/p>\n","protected":false},"excerpt":{"rendered":"<p>Que la escuela no ha de favorecer solamente aprendizajes acad\u00e9micos es, hoy d\u00eda, una cuesti\u00f3n cada vez m\u00e1s aceptada. La propuesta de educaci\u00f3n basada en el desarrollo integral de las personas se extiende entre educadores y aparece como demanda social en muchos pa\u00edses como v\u00eda de desarrollo de la convivencia madura y responsable.<\/p>\n<p>Este enfoque de la educaci\u00f3n pasa por cuestionarse actuaciones educativas enraizadas en la tradici\u00f3n racional y academicista, donde las emociones y los sentimientos no han tenido cabida, y requiere, tal vez, repensar la escuela. En este sentido, esta obra (una segunda edici\u00f3n revisada y ampliada) ofrece elementos encaminados a promover la reflexi\u00f3n entre los educadores. Asimismo, presenta propuestas \u2013orientaciones, estrategias y actividades\u2013 dirigidas a planificar acciones sistematizadas que faciliten el crecimiento personal del alumnado. Todo ello presentado en cuatro grandes bloques tem\u00e1ticos: autoestima, gesti\u00f3n de emociones y sentimientos, empat\u00eda y resoluci\u00f3n positiva de conflictos.<\/p>\n<p>Se trata, en s\u00edntesis, de una herramienta \u00fatil para el profesorado interesado en incorporar el desarrollo de la inteligencia emocional en la escuela.<\/p>\n","protected":false},"featured_media":17862,"comment_status":"open","ping_status":"closed","template":"","meta":{"_et_pb_use_builder":"","_et_pb_old_content":"","_et_gb_content_width":""},"product_cat":[1512,6675],"product_tag":[2602],"edicion":[1083],"editoriales":[1160],"tienda":[],"autor_id":[5251],"universidades_coeditoras":[],"palabras_clave":[],"listado_alfabetico":[],"acf":[],"_links":{"self":[{"href":"https:\/\/wizardly-davinci.82-223-8-23.plesk.page\/en\/wp-json\/wp\/v2\/product\/17861"}],"collection":[{"href":"https:\/\/wizardly-davinci.82-223-8-23.plesk.page\/en\/wp-json\/wp\/v2\/product"}],"about":[{"href":"https:\/\/wizardly-davinci.82-223-8-23.plesk.page\/en\/wp-json\/wp\/v2\/types\/product"}],"replies":[{"embeddable":true,"href":"https:\/\/wizardly-davinci.82-223-8-23.plesk.page\/en\/wp-json\/wp\/v2\/comments?post=17861"}],"wp:featuredmedia":[{"embeddable":true,"href":"https:\/\/wizardly-davinci.82-223-8-23.plesk.page\/en\/wp-json\/wp\/v2\/media\/17862"}],"wp:attachment":[{"href":"https:\/\/wizardly-davinci.82-223-8-23.plesk.page\/en\/wp-json\/wp\/v2\/media?parent=17861"}],"wp:term":[{"taxonomy":"product_cat","embeddable":true,"href":"https:\/\/wizardly-davinci.82-223-8-23.plesk.page\/en\/wp-json\/wp\/v2\/product_cat?post=17861"},{"taxonomy":"product_tag","embeddable":true,"href":"https:\/\/wizardly-davinci.82-223-8-23.plesk.page\/en\/wp-json\/wp\/v2\/product_tag?post=17861"},{"taxonomy":"edicion","embeddable":true,"href":"https:\/\/wizardly-davinci.82-223-8-23.plesk.page\/en\/wp-json\/wp\/v2\/edicion?post=17861"},{"taxonomy":"editoriales","embeddable":true,"href":"https:\/\/wizardly-davinci.82-223-8-23.plesk.page\/en\/wp-json\/wp\/v2\/editoriales?post=17861"},{"taxonomy":"tienda","embeddable":true,"href":"https:\/\/wizardly-davinci.82-223-8-23.plesk.page\/en\/wp-json\/wp\/v2\/tienda?post=17861"},{"taxonomy":"autor_id","embeddable":true,"href":"https:\/\/wizardly-davinci.82-223-8-23.plesk.page\/en\/wp-json\/wp\/v2\/autor_id?post=17861"},{"taxonomy":"universidades_coeditoras","embeddable":true,"href":"https:\/\/wizardly-davinci.82-223-8-23.plesk.page\/en\/wp-json\/wp\/v2\/universidades_coeditoras?post=17861"},{"taxonomy":"palabras_clave","embeddable":true,"href":"https:\/\/wizardly-davinci.82-223-8-23.plesk.page\/en\/wp-json\/wp\/v2\/palabras_clave?post=17861"},{"taxonomy":"listado_alfabetico","embeddable":true,"href":"https:\/\/wizardly-davinci.82-223-8-23.plesk.page\/en\/wp-json\/wp\/v2\/listado_alfabetico?post=17861"}],"curies":[{"name":"wp","href":"https:\/\/api.w.org\/{rel}","templated":true}]}}