{"id":17863,"date":"2023-07-30T22:52:33","date_gmt":"2023-07-30T20:52:33","guid":{"rendered":"https:\/\/octaedro.com\/producto\/aprender-en-equipos-de-aprendizaje-cooperativo\/"},"modified":"2023-08-02T13:08:57","modified_gmt":"2023-08-02T11:08:57","slug":"aprender-en-equipos-de-aprendizaje-cooperativo","status":"publish","type":"product","link":"https:\/\/wizardly-davinci.82-223-8-23.plesk.page\/en\/producto\/aprender-en-equipos-de-aprendizaje-cooperativo\/","title":{"rendered":"Aprender en equipos de aprendizaje cooperativo"},"content":{"rendered":"<p>El programa CA\/AC (Cooperar para aprender\/Aprender a cooperar) consiste en un conjunto de actuaciones encaminadas a ense\u00f1ar al alumnado a trabajar en equipo. Este programa es el resultado de la investigaci\u00f3n desarrollada por el Grup de Recerca sobre Atenci\u00f3 a la Diversitat (GRAD) de la Universitat de Vic-Universitat Central de Catalunya, coordinado por los dos autores del libro.<\/p>\n<p>Los equipos de aprendizaje cooperativo no solo son necesarios para que el alumnado aprenda m\u00e1s y mejor los contenidos escolares (\u00abcooperar para aprender\u2026\u00bb: el trabajo en equipo como recurso), sino tambi\u00e9n para aprender a trabajar en equipo (\u00ab\u2026\/aprender a cooperar\u00bb: el trabajo en equipo como un contenido m\u00e1s que es necesario aprender). Este libro es la primera parte de una publicaci\u00f3n que tendr\u00e1 su continuaci\u00f3n pr\u00e1ctica en una segunda parte publicada online. Aqu\u00ed se presentan los fundamentos te\u00f3ricos del aprendizaje cooperativo del Programa CA\/AC, el qu\u00e9, el porqu\u00e9 del aprendizaje cooperativo como una manera distinta y m\u00e1s motivadora \u2013y, por ende, m\u00e1s eficaz\u2013 de organizar el trabajo alumnos y alumnas dentro de la clase.<\/p>\n","protected":false},"excerpt":{"rendered":"<p>El programa CA\/AC (Cooperar para aprender\/Aprender a cooperar) consiste en un conjunto de actuaciones encaminadas a ense\u00f1ar al alumnado a trabajar en equipo. Este programa es el resultado de la investigaci\u00f3n desarrollada por el Grup de Recerca sobre Atenci\u00f3 a la Diversitat (GRAD) de la Universitat de Vic-Universitat Central de Catalunya, coordinado por los dos autores del libro.<\/p>\n<p>Los equipos de aprendizaje cooperativo no solo son necesarios para que el alumnado aprenda m\u00e1s y mejor los contenidos escolares (\u00abcooperar para aprender\u2026\u00bb: el trabajo en equipo como recurso), sino tambi\u00e9n para aprender a trabajar en equipo (\u00ab\u2026\/aprender a cooperar\u00bb: el trabajo en equipo como un contenido m\u00e1s que es necesario aprender). Este libro es la primera parte de una publicaci\u00f3n que tendr\u00e1 su continuaci\u00f3n pr\u00e1ctica en una segunda parte publicada online. Aqu\u00ed se presentan los fundamentos te\u00f3ricos del aprendizaje cooperativo del Programa CA\/AC, el qu\u00e9, el porqu\u00e9 del aprendizaje cooperativo como una manera distinta y m\u00e1s motivadora \u2013y, por ende, m\u00e1s eficaz\u2013 de organizar el trabajo alumnos y alumnas dentro de la clase.<\/p>\n","protected":false},"featured_media":17864,"comment_status":"open","ping_status":"closed","template":"","meta":{"_et_pb_use_builder":"","_et_pb_old_content":"","_et_gb_content_width":""},"product_cat":[2606,6675,6673],"product_tag":[2604],"edicion":[1084,1083],"editoriales":[1160],"tienda":[],"autor_id":[6192,6226],"universidades_coeditoras":[],"palabras_clave":[],"listado_alfabetico":[],"acf":[],"_links":{"self":[{"href":"https:\/\/wizardly-davinci.82-223-8-23.plesk.page\/en\/wp-json\/wp\/v2\/product\/17863"}],"collection":[{"href":"https:\/\/wizardly-davinci.82-223-8-23.plesk.page\/en\/wp-json\/wp\/v2\/product"}],"about":[{"href":"https:\/\/wizardly-davinci.82-223-8-23.plesk.page\/en\/wp-json\/wp\/v2\/types\/product"}],"replies":[{"embeddable":true,"href":"https:\/\/wizardly-davinci.82-223-8-23.plesk.page\/en\/wp-json\/wp\/v2\/comments?post=17863"}],"wp:featuredmedia":[{"embeddable":true,"href":"https:\/\/wizardly-davinci.82-223-8-23.plesk.page\/en\/wp-json\/wp\/v2\/media\/17864"}],"wp:attachment":[{"href":"https:\/\/wizardly-davinci.82-223-8-23.plesk.page\/en\/wp-json\/wp\/v2\/media?parent=17863"}],"wp:term":[{"taxonomy":"product_cat","embeddable":true,"href":"https:\/\/wizardly-davinci.82-223-8-23.plesk.page\/en\/wp-json\/wp\/v2\/product_cat?post=17863"},{"taxonomy":"product_tag","embeddable":true,"href":"https:\/\/wizardly-davinci.82-223-8-23.plesk.page\/en\/wp-json\/wp\/v2\/product_tag?post=17863"},{"taxonomy":"edicion","embeddable":true,"href":"https:\/\/wizardly-davinci.82-223-8-23.plesk.page\/en\/wp-json\/wp\/v2\/edicion?post=17863"},{"taxonomy":"editoriales","embeddable":true,"href":"https:\/\/wizardly-davinci.82-223-8-23.plesk.page\/en\/wp-json\/wp\/v2\/editoriales?post=17863"},{"taxonomy":"tienda","embeddable":true,"href":"https:\/\/wizardly-davinci.82-223-8-23.plesk.page\/en\/wp-json\/wp\/v2\/tienda?post=17863"},{"taxonomy":"autor_id","embeddable":true,"href":"https:\/\/wizardly-davinci.82-223-8-23.plesk.page\/en\/wp-json\/wp\/v2\/autor_id?post=17863"},{"taxonomy":"universidades_coeditoras","embeddable":true,"href":"https:\/\/wizardly-davinci.82-223-8-23.plesk.page\/en\/wp-json\/wp\/v2\/universidades_coeditoras?post=17863"},{"taxonomy":"palabras_clave","embeddable":true,"href":"https:\/\/wizardly-davinci.82-223-8-23.plesk.page\/en\/wp-json\/wp\/v2\/palabras_clave?post=17863"},{"taxonomy":"listado_alfabetico","embeddable":true,"href":"https:\/\/wizardly-davinci.82-223-8-23.plesk.page\/en\/wp-json\/wp\/v2\/listado_alfabetico?post=17863"}],"curies":[{"name":"wp","href":"https:\/\/api.w.org\/{rel}","templated":true}]}}