{"id":17865,"date":"2019-04-09T22:52:33","date_gmt":"2019-04-09T22:52:33","guid":{"rendered":"https:\/\/octaedro.com\/producto\/las-cosas-que-no-me-cuentas\/"},"modified":"2023-04-24T13:20:56","modified_gmt":"2023-04-24T11:20:56","slug":"las-cosas-que-no-me-cuentas","status":"publish","type":"product","link":"https:\/\/wizardly-davinci.82-223-8-23.plesk.page\/en\/producto\/las-cosas-que-no-me-cuentas\/","title":{"rendered":"Las cosas que no me cuentas"},"content":{"rendered":"<p>Los ni\u00f1os viven experiencias de muertes parciales o biol\u00f3gicas a lo largo de su escolaridad. La muerte, la separaci\u00f3n y el divorcio forman parte de la cotidianidad del alumnado, sus familias y educadores. La educaci\u00f3n para la muerte y el duelo contribuye al desarrollo emocional infantil al que todos estamos obligados a atender; de ah\u00ed que la escuela deba dar respuesta a estas necesidades desde una perspectiva preventiva, de desarrollo y terap\u00e9utica.<\/p>\n<p>Las pr\u00e1cticas que ofrece esta propuesta de intervenci\u00f3n para abordar la muerte, la separaci\u00f3n y el divorcio se articulan en torno a tres t\u00f3picos interconectados: la construcci\u00f3n del concepto de muerte a partir del ciclo vital, la comprensi\u00f3n del proceso de separaci\u00f3n o divorcio de las figuras parentales y el desarrollo emocional (identificaci\u00f3n, expresi\u00f3n, comprensi\u00f3n de emociones y estrategias de regulaci\u00f3n emocional).<\/p>\n<p>Se invita a abordar tales t\u00f3picos con una orientaci\u00f3n transcurricular, interdisciplinar y hol\u00edstica, aspectos clave para lograr comprender los procesos de p\u00e9rdida y duelo, de forma flexible y contextualizada, de modo que permita su adaptaci\u00f3n a cada situaci\u00f3n.<\/p>\n<p>En esta obra, <em>Las cosas que no me cuentas<\/em>, pretendemos trasladar experiencias de innovaci\u00f3n en educaci\u00f3n para la muerte y el duelo ofreciendo los materiales, recursos e instrumentos para poder llevarlas a la pr\u00e1ctica en aulas reales de las etapas de Educaci\u00f3n Infantil y Primaria.<\/p>\n","protected":false},"excerpt":{"rendered":"<p>Los ni\u00f1os viven experiencias de muertes parciales o biol\u00f3gicas a lo largo de su escolaridad. La muerte, la separaci\u00f3n y el divorcio forman parte de la cotidianidad del alumnado, sus familias y educadores. La educaci\u00f3n para la muerte y el duelo contribuye al desarrollo emocional infantil al que todos estamos obligados a atender; de ah\u00ed que la escuela deba dar respuesta a estas necesidades desde una perspectiva preventiva, de desarrollo y terap\u00e9utica.<\/p>\n<p>Las pr\u00e1cticas que ofrece esta propuesta de intervenci\u00f3n para abordar la muerte, la separaci\u00f3n y el divorcio se articulan en torno a tres t\u00f3picos interconectados: la construcci\u00f3n del concepto de muerte a partir del ciclo vital, la comprensi\u00f3n del proceso de separaci\u00f3n o divorcio de las figuras parentales y el desarrollo emocional (identificaci\u00f3n, expresi\u00f3n, comprensi\u00f3n de emociones y estrategias de regulaci\u00f3n emocional).<\/p>\n<p>Se invita a abordar tales t\u00f3picos con una orientaci\u00f3n transcurricular, interdisciplinar y hol\u00edstica, aspectos clave para lograr comprender los procesos de p\u00e9rdida y duelo, de forma flexible y contextualizada, de modo que permita su adaptaci\u00f3n a cada situaci\u00f3n.<\/p>\n<p>En esta obra, <em>Las cosas que no me cuentas<\/em>, pretendemos trasladar experiencias de innovaci\u00f3n en educaci\u00f3n para la muerte y el duelo ofreciendo los materiales, recursos e instrumentos para poder llevarlas a la pr\u00e1ctica en aulas reales de las etapas de Educaci\u00f3n Infantil y Primaria.<\/p>\n","protected":false},"featured_media":35837,"comment_status":"open","ping_status":"closed","template":"","meta":{"_et_pb_use_builder":"","_et_pb_old_content":"","_et_gb_content_width":""},"product_cat":[1512,6675],"product_tag":[2602],"edicion":[1083],"editoriales":[1160],"tienda":[],"autor_id":[5934],"universidades_coeditoras":[7254],"palabras_clave":[],"listado_alfabetico":[],"acf":[],"_links":{"self":[{"href":"https:\/\/wizardly-davinci.82-223-8-23.plesk.page\/en\/wp-json\/wp\/v2\/product\/17865"}],"collection":[{"href":"https:\/\/wizardly-davinci.82-223-8-23.plesk.page\/en\/wp-json\/wp\/v2\/product"}],"about":[{"href":"https:\/\/wizardly-davinci.82-223-8-23.plesk.page\/en\/wp-json\/wp\/v2\/types\/product"}],"replies":[{"embeddable":true,"href":"https:\/\/wizardly-davinci.82-223-8-23.plesk.page\/en\/wp-json\/wp\/v2\/comments?post=17865"}],"wp:featuredmedia":[{"embeddable":true,"href":"https:\/\/wizardly-davinci.82-223-8-23.plesk.page\/en\/wp-json\/wp\/v2\/media\/35837"}],"wp:attachment":[{"href":"https:\/\/wizardly-davinci.82-223-8-23.plesk.page\/en\/wp-json\/wp\/v2\/media?parent=17865"}],"wp:term":[{"taxonomy":"product_cat","embeddable":true,"href":"https:\/\/wizardly-davinci.82-223-8-23.plesk.page\/en\/wp-json\/wp\/v2\/product_cat?post=17865"},{"taxonomy":"product_tag","embeddable":true,"href":"https:\/\/wizardly-davinci.82-223-8-23.plesk.page\/en\/wp-json\/wp\/v2\/product_tag?post=17865"},{"taxonomy":"edicion","embeddable":true,"href":"https:\/\/wizardly-davinci.82-223-8-23.plesk.page\/en\/wp-json\/wp\/v2\/edicion?post=17865"},{"taxonomy":"editoriales","embeddable":true,"href":"https:\/\/wizardly-davinci.82-223-8-23.plesk.page\/en\/wp-json\/wp\/v2\/editoriales?post=17865"},{"taxonomy":"tienda","embeddable":true,"href":"https:\/\/wizardly-davinci.82-223-8-23.plesk.page\/en\/wp-json\/wp\/v2\/tienda?post=17865"},{"taxonomy":"autor_id","embeddable":true,"href":"https:\/\/wizardly-davinci.82-223-8-23.plesk.page\/en\/wp-json\/wp\/v2\/autor_id?post=17865"},{"taxonomy":"universidades_coeditoras","embeddable":true,"href":"https:\/\/wizardly-davinci.82-223-8-23.plesk.page\/en\/wp-json\/wp\/v2\/universidades_coeditoras?post=17865"},{"taxonomy":"palabras_clave","embeddable":true,"href":"https:\/\/wizardly-davinci.82-223-8-23.plesk.page\/en\/wp-json\/wp\/v2\/palabras_clave?post=17865"},{"taxonomy":"listado_alfabetico","embeddable":true,"href":"https:\/\/wizardly-davinci.82-223-8-23.plesk.page\/en\/wp-json\/wp\/v2\/listado_alfabetico?post=17865"}],"curies":[{"name":"wp","href":"https:\/\/api.w.org\/{rel}","templated":true}]}}