{"id":17866,"date":"2019-04-09T22:52:35","date_gmt":"2019-04-09T22:52:35","guid":{"rendered":"https:\/\/octaedro.com\/producto\/guia-de-participacion-infantil\/"},"modified":"2023-04-24T13:21:05","modified_gmt":"2023-04-24T11:21:05","slug":"guia-de-participacion-infantil","status":"publish","type":"product","link":"https:\/\/wizardly-davinci.82-223-8-23.plesk.page\/en\/producto\/guia-de-participacion-infantil\/","title":{"rendered":"Gu\u00eda de participaci\u00f3n infantil"},"content":{"rendered":"<p>\u00bfSe puede afirmar que los ni\u00f1os y las ni\u00f1as son el centro de la escuela sin darles voz y capacidad de decisi\u00f3n? La participaci\u00f3n infantil es un principio fundamental de la <em>Convenci\u00f3n sobre los derechos del ni\u00f1o<\/em>, aprobada por la ONU en 1989, que aporta innumerables beneficios a la escuela y a la sociedad en general. Por ello, no puede haber verdadera transformaci\u00f3n educativa sin la implicaci\u00f3n de ni\u00f1os y ni\u00f1as en la toma de decisiones sobre todo lo que les afecta, ni, menos a\u00fan, democracia.<\/p>\n<p>El reconocimiento de la infancia como colectivo interesado en todo aquello que sucede a su alrededor, capaz de plantear nuevos problemas y soluciones originales, de actuar con gran sentido com\u00fan y de preocuparse por el bienestar de todas las personas es un deber de la sociedad y de la escuela.<\/p>\n<p>El objetivo de esta gu\u00eda de participaci\u00f3n infantil consiste en facilitar la creaci\u00f3n de mecanismos de participaci\u00f3n infantil efectivos y estables, y proporcionar herramientas pr\u00e1cticas para su instituci\u00f3n.<\/p>\n<p>Las autoras de esta obra, adem\u00e1s de experiencia como maestras y asesoras de centros docentes, son profesoras de universidad e investigadoras interesadas en la mejora de la convivencia, la participaci\u00f3n democr\u00e1tica, los valores, la gesti\u00f3n positiva de conflictos y la cultura de paz.<\/p>\n","protected":false},"excerpt":{"rendered":"<p>\u00bfSe puede afirmar que los ni\u00f1os y las ni\u00f1as son el centro de la escuela sin darles voz y capacidad de decisi\u00f3n? La participaci\u00f3n infantil es un principio fundamental de la <em>Convenci\u00f3n sobre los derechos del ni\u00f1o<\/em>, aprobada por la ONU en 1989, que aporta innumerables beneficios a la escuela y a la sociedad en general. Por ello, no puede haber verdadera transformaci\u00f3n educativa sin la implicaci\u00f3n de ni\u00f1os y ni\u00f1as en la toma de decisiones sobre todo lo que les afecta, ni, menos a\u00fan, democracia.<\/p>\n<p>El reconocimiento de la infancia como colectivo interesado en todo aquello que sucede a su alrededor, capaz de plantear nuevos problemas y soluciones originales, de actuar con gran sentido com\u00fan y de preocuparse por el bienestar de todas las personas es un deber de la sociedad y de la escuela.<\/p>\n<p>El objetivo de esta gu\u00eda de participaci\u00f3n infantil consiste en facilitar la creaci\u00f3n de mecanismos de participaci\u00f3n infantil efectivos y estables, y proporcionar herramientas pr\u00e1cticas para su instituci\u00f3n.<\/p>\n<p>Las autoras de esta obra, adem\u00e1s de experiencia como maestras y asesoras de centros docentes, son profesoras de universidad e investigadoras interesadas en la mejora de la convivencia, la participaci\u00f3n democr\u00e1tica, los valores, la gesti\u00f3n positiva de conflictos y la cultura de paz.<\/p>\n","protected":false},"featured_media":43118,"comment_status":"open","ping_status":"closed","template":"","meta":{"_et_pb_use_builder":"","_et_pb_old_content":"","_et_gb_content_width":""},"product_cat":[1512,6675],"product_tag":[2602],"edicion":[1083],"editoriales":[1160],"tienda":[],"autor_id":[5012,5175,11151,11152],"universidades_coeditoras":[],"palabras_clave":[],"listado_alfabetico":[],"acf":[],"_links":{"self":[{"href":"https:\/\/wizardly-davinci.82-223-8-23.plesk.page\/en\/wp-json\/wp\/v2\/product\/17866"}],"collection":[{"href":"https:\/\/wizardly-davinci.82-223-8-23.plesk.page\/en\/wp-json\/wp\/v2\/product"}],"about":[{"href":"https:\/\/wizardly-davinci.82-223-8-23.plesk.page\/en\/wp-json\/wp\/v2\/types\/product"}],"replies":[{"embeddable":true,"href":"https:\/\/wizardly-davinci.82-223-8-23.plesk.page\/en\/wp-json\/wp\/v2\/comments?post=17866"}],"wp:featuredmedia":[{"embeddable":true,"href":"https:\/\/wizardly-davinci.82-223-8-23.plesk.page\/en\/wp-json\/wp\/v2\/media\/43118"}],"wp:attachment":[{"href":"https:\/\/wizardly-davinci.82-223-8-23.plesk.page\/en\/wp-json\/wp\/v2\/media?parent=17866"}],"wp:term":[{"taxonomy":"product_cat","embeddable":true,"href":"https:\/\/wizardly-davinci.82-223-8-23.plesk.page\/en\/wp-json\/wp\/v2\/product_cat?post=17866"},{"taxonomy":"product_tag","embeddable":true,"href":"https:\/\/wizardly-davinci.82-223-8-23.plesk.page\/en\/wp-json\/wp\/v2\/product_tag?post=17866"},{"taxonomy":"edicion","embeddable":true,"href":"https:\/\/wizardly-davinci.82-223-8-23.plesk.page\/en\/wp-json\/wp\/v2\/edicion?post=17866"},{"taxonomy":"editoriales","embeddable":true,"href":"https:\/\/wizardly-davinci.82-223-8-23.plesk.page\/en\/wp-json\/wp\/v2\/editoriales?post=17866"},{"taxonomy":"tienda","embeddable":true,"href":"https:\/\/wizardly-davinci.82-223-8-23.plesk.page\/en\/wp-json\/wp\/v2\/tienda?post=17866"},{"taxonomy":"autor_id","embeddable":true,"href":"https:\/\/wizardly-davinci.82-223-8-23.plesk.page\/en\/wp-json\/wp\/v2\/autor_id?post=17866"},{"taxonomy":"universidades_coeditoras","embeddable":true,"href":"https:\/\/wizardly-davinci.82-223-8-23.plesk.page\/en\/wp-json\/wp\/v2\/universidades_coeditoras?post=17866"},{"taxonomy":"palabras_clave","embeddable":true,"href":"https:\/\/wizardly-davinci.82-223-8-23.plesk.page\/en\/wp-json\/wp\/v2\/palabras_clave?post=17866"},{"taxonomy":"listado_alfabetico","embeddable":true,"href":"https:\/\/wizardly-davinci.82-223-8-23.plesk.page\/en\/wp-json\/wp\/v2\/listado_alfabetico?post=17866"}],"curies":[{"name":"wp","href":"https:\/\/api.w.org\/{rel}","templated":true}]}}