{"id":17867,"date":"2019-04-09T22:52:36","date_gmt":"2019-04-09T22:52:36","guid":{"rendered":"https:\/\/octaedro.com\/producto\/como-se-puede-leer-el-principito\/"},"modified":"2023-04-24T13:21:13","modified_gmt":"2023-04-24T11:21:13","slug":"como-se-puede-leer-el-principito","status":"publish","type":"product","link":"https:\/\/wizardly-davinci.82-223-8-23.plesk.page\/en\/producto\/como-se-puede-leer-el-principito\/","title":{"rendered":"C\u00f3mo se puede leer \u00abEl Principito\u00bb"},"content":{"rendered":"<p>Durante quince cursos escolares hemos trabajado <em>El Principito<\/em> con adolescentes con gran provecho y satisfacci\u00f3n. La candidez aparente del relato y las posibilidades de interpretaci\u00f3n hacen que cada cual se lo apropie a su manera.<\/p>\n<p>En esta gu\u00eda, que proviene de a\u00f1os de trabajo en el proyecto Filosof\u00eda 3\/18, se encuentra la huella de Matthew Lipman y toda ella rezuma filosof\u00eda para ni\u00f1os. Se destacan sustancialmente los aspectos filos\u00f3ficos por encima de otros que son tanto o m\u00e1s leg\u00edtimos.<\/p>\n<p>A trav\u00e9s de los viajes y las tribulaciones del principito, encontramos conceptos como <em>duda, verdad, autoridad, ef\u00edmero<\/em> y <em>soledad<\/em>. Los <strong>aspectos \u00e9ticos<\/strong> est\u00e1n ilustrados por las virtudes y defectos de personajes paradigm\u00e1ticos. Los <strong>aspectos epistemol\u00f3gicos<\/strong>, se\u00f1alados ya desde el primer cap\u00edtulo, culminan en la conocida expresi\u00f3n: \u00abLo esencial es invisible a los ojos\u00bb.<\/p>\n<p><em>El Principito<\/em> es un cl\u00e1sico universal que todav\u00eda tiene mucho que decir a las generaciones actuales.<\/p>\n","protected":false},"excerpt":{"rendered":"<p>Durante quince cursos escolares hemos trabajado <em>El Principito<\/em> con adolescentes con gran provecho y satisfacci\u00f3n. La candidez aparente del relato y las posibilidades de interpretaci\u00f3n hacen que cada cual se lo apropie a su manera.<\/p>\n<p>En esta gu\u00eda, que proviene de a\u00f1os de trabajo en el proyecto Filosof\u00eda 3\/18, se encuentra la huella de Matthew Lipman y toda ella rezuma filosof\u00eda para ni\u00f1os. Se destacan sustancialmente los aspectos filos\u00f3ficos por encima de otros que son tanto o m\u00e1s leg\u00edtimos.<\/p>\n<p>A trav\u00e9s de los viajes y las tribulaciones del principito, encontramos conceptos como <em>duda, verdad, autoridad, ef\u00edmero<\/em> y <em>soledad<\/em>. Los <strong>aspectos \u00e9ticos<\/strong> est\u00e1n ilustrados por las virtudes y defectos de personajes paradigm\u00e1ticos. Los <strong>aspectos epistemol\u00f3gicos<\/strong>, se\u00f1alados ya desde el primer cap\u00edtulo, culminan en la conocida expresi\u00f3n: \u00abLo esencial es invisible a los ojos\u00bb.<\/p>\n<p><em>El Principito<\/em> es un cl\u00e1sico universal que todav\u00eda tiene mucho que decir a las generaciones actuales.<\/p>\n","protected":false},"featured_media":17868,"comment_status":"open","ping_status":"closed","template":"","meta":{"_et_pb_use_builder":"","_et_pb_old_content":"","_et_gb_content_width":""},"product_cat":[1512,6675],"product_tag":[2602],"edicion":[1083],"editoriales":[1160],"tienda":[],"autor_id":[5631,6187],"universidades_coeditoras":[],"palabras_clave":[],"listado_alfabetico":[],"acf":[],"_links":{"self":[{"href":"https:\/\/wizardly-davinci.82-223-8-23.plesk.page\/en\/wp-json\/wp\/v2\/product\/17867"}],"collection":[{"href":"https:\/\/wizardly-davinci.82-223-8-23.plesk.page\/en\/wp-json\/wp\/v2\/product"}],"about":[{"href":"https:\/\/wizardly-davinci.82-223-8-23.plesk.page\/en\/wp-json\/wp\/v2\/types\/product"}],"replies":[{"embeddable":true,"href":"https:\/\/wizardly-davinci.82-223-8-23.plesk.page\/en\/wp-json\/wp\/v2\/comments?post=17867"}],"wp:featuredmedia":[{"embeddable":true,"href":"https:\/\/wizardly-davinci.82-223-8-23.plesk.page\/en\/wp-json\/wp\/v2\/media\/17868"}],"wp:attachment":[{"href":"https:\/\/wizardly-davinci.82-223-8-23.plesk.page\/en\/wp-json\/wp\/v2\/media?parent=17867"}],"wp:term":[{"taxonomy":"product_cat","embeddable":true,"href":"https:\/\/wizardly-davinci.82-223-8-23.plesk.page\/en\/wp-json\/wp\/v2\/product_cat?post=17867"},{"taxonomy":"product_tag","embeddable":true,"href":"https:\/\/wizardly-davinci.82-223-8-23.plesk.page\/en\/wp-json\/wp\/v2\/product_tag?post=17867"},{"taxonomy":"edicion","embeddable":true,"href":"https:\/\/wizardly-davinci.82-223-8-23.plesk.page\/en\/wp-json\/wp\/v2\/edicion?post=17867"},{"taxonomy":"editoriales","embeddable":true,"href":"https:\/\/wizardly-davinci.82-223-8-23.plesk.page\/en\/wp-json\/wp\/v2\/editoriales?post=17867"},{"taxonomy":"tienda","embeddable":true,"href":"https:\/\/wizardly-davinci.82-223-8-23.plesk.page\/en\/wp-json\/wp\/v2\/tienda?post=17867"},{"taxonomy":"autor_id","embeddable":true,"href":"https:\/\/wizardly-davinci.82-223-8-23.plesk.page\/en\/wp-json\/wp\/v2\/autor_id?post=17867"},{"taxonomy":"universidades_coeditoras","embeddable":true,"href":"https:\/\/wizardly-davinci.82-223-8-23.plesk.page\/en\/wp-json\/wp\/v2\/universidades_coeditoras?post=17867"},{"taxonomy":"palabras_clave","embeddable":true,"href":"https:\/\/wizardly-davinci.82-223-8-23.plesk.page\/en\/wp-json\/wp\/v2\/palabras_clave?post=17867"},{"taxonomy":"listado_alfabetico","embeddable":true,"href":"https:\/\/wizardly-davinci.82-223-8-23.plesk.page\/en\/wp-json\/wp\/v2\/listado_alfabetico?post=17867"}],"curies":[{"name":"wp","href":"https:\/\/api.w.org\/{rel}","templated":true}]}}