{"id":17919,"date":"2019-04-09T22:52:56","date_gmt":"2019-04-09T22:52:56","guid":{"rendered":"https:\/\/octaedro.com\/producto\/pedagogia-red\/"},"modified":"2023-04-24T13:39:54","modified_gmt":"2023-04-24T11:39:54","slug":"pedagogia-red","status":"publish","type":"product","link":"https:\/\/wizardly-davinci.82-223-8-23.plesk.page\/en\/producto\/pedagogia-red\/","title":{"rendered":"Pedagog\u00eda red"},"content":{"rendered":"<p>Esta publicaci\u00f3n ofrece un conjunto de an\u00e1lisis y propuestas sobre el reto de entender internet como una oportunidad para la formaci\u00f3n y el aprendizaje.<br \/>\nEl aprendizaje no es as\u00e9ptico respecto a su entorno, y es necesario pensar d\u00f3nde est\u00e1 el cambio educativo en internet. Efectivamente, ni los recursos, ni los flujos de comunicaci\u00f3n, ni el lenguaje, ni las din\u00e1micas de interacci\u00f3n social son las mismas en las aulas tradicionales que en la red. Por ello, \u00bfqu\u00e9 sucede cuando internet empieza a formar parte de la visi\u00f3n del aprendizaje y de la educaci\u00f3n? Ese es el interrogante que motiva las preguntas que nos planteamos a lo largo de los ocho cap\u00edtulos que integran este libro: \u00bfpor qu\u00e9 aprender en red?, \u00bfqu\u00e9, c\u00f3mo aprender, con qu\u00e9 y con qui\u00e9n aprender en red?, \u00bfd\u00f3nde y cu\u00e1ndo aprender en red? y \u00bfc\u00f3mo valorar lo que se aprende en la red?<br \/>\nEl conjunto de expertos que ha participado en la obra intenta dar respuesta a estos interrogantes a trav\u00e9s de reflexiones, propuestas pr\u00e1cticas y ejemplos.<br \/>\nEste libro est\u00e1 dirigido a docentes y profesionales del \u00e1mbito educativo interesados en conocer los cambios que supone el uso de internet en la formaci\u00f3n y el aprendizaje.<\/p>\n","protected":false},"excerpt":{"rendered":"<p>Esta publicaci\u00f3n ofrece un conjunto de an\u00e1lisis y propuestas sobre el reto de entender internet como una oportunidad para la formaci\u00f3n y el aprendizaje.<br \/>\nEl aprendizaje no es as\u00e9ptico respecto a su entorno, y es necesario pensar d\u00f3nde est\u00e1 el cambio educativo en internet. Efectivamente, ni los recursos, ni los flujos de comunicaci\u00f3n, ni el lenguaje, ni las din\u00e1micas de interacci\u00f3n social son las mismas en las aulas tradicionales que en la red. Por ello, \u00bfqu\u00e9 sucede cuando internet empieza a formar parte de la visi\u00f3n del aprendizaje y de la educaci\u00f3n? Ese es el interrogante que motiva las preguntas que nos planteamos a lo largo de los ocho cap\u00edtulos que integran este libro: \u00bfpor qu\u00e9 aprender en red?, \u00bfqu\u00e9, c\u00f3mo aprender, con qu\u00e9 y con qui\u00e9n aprender en red?, \u00bfd\u00f3nde y cu\u00e1ndo aprender en red? y \u00bfc\u00f3mo valorar lo que se aprende en la red?<br \/>\nEl conjunto de expertos que ha participado en la obra intenta dar respuesta a estos interrogantes a trav\u00e9s de reflexiones, propuestas pr\u00e1cticas y ejemplos.<br \/>\nEste libro est\u00e1 dirigido a docentes y profesionales del \u00e1mbito educativo interesados en conocer los cambios que supone el uso de internet en la formaci\u00f3n y el aprendizaje.<\/p>\n","protected":false},"featured_media":17920,"comment_status":"open","ping_status":"closed","template":"","meta":{"_et_pb_use_builder":"","_et_pb_old_content":"","_et_gb_content_width":""},"product_cat":[2606,1512,6944,6936,6940,6674,6675],"product_tag":[2608],"edicion":[1085,1083],"editoriales":[1160,8810],"tienda":[],"autor_id":[5632,6451],"universidades_coeditoras":[],"palabras_clave":[],"listado_alfabetico":[],"acf":[],"_links":{"self":[{"href":"https:\/\/wizardly-davinci.82-223-8-23.plesk.page\/en\/wp-json\/wp\/v2\/product\/17919"}],"collection":[{"href":"https:\/\/wizardly-davinci.82-223-8-23.plesk.page\/en\/wp-json\/wp\/v2\/product"}],"about":[{"href":"https:\/\/wizardly-davinci.82-223-8-23.plesk.page\/en\/wp-json\/wp\/v2\/types\/product"}],"replies":[{"embeddable":true,"href":"https:\/\/wizardly-davinci.82-223-8-23.plesk.page\/en\/wp-json\/wp\/v2\/comments?post=17919"}],"wp:featuredmedia":[{"embeddable":true,"href":"https:\/\/wizardly-davinci.82-223-8-23.plesk.page\/en\/wp-json\/wp\/v2\/media\/17920"}],"wp:attachment":[{"href":"https:\/\/wizardly-davinci.82-223-8-23.plesk.page\/en\/wp-json\/wp\/v2\/media?parent=17919"}],"wp:term":[{"taxonomy":"product_cat","embeddable":true,"href":"https:\/\/wizardly-davinci.82-223-8-23.plesk.page\/en\/wp-json\/wp\/v2\/product_cat?post=17919"},{"taxonomy":"product_tag","embeddable":true,"href":"https:\/\/wizardly-davinci.82-223-8-23.plesk.page\/en\/wp-json\/wp\/v2\/product_tag?post=17919"},{"taxonomy":"edicion","embeddable":true,"href":"https:\/\/wizardly-davinci.82-223-8-23.plesk.page\/en\/wp-json\/wp\/v2\/edicion?post=17919"},{"taxonomy":"editoriales","embeddable":true,"href":"https:\/\/wizardly-davinci.82-223-8-23.plesk.page\/en\/wp-json\/wp\/v2\/editoriales?post=17919"},{"taxonomy":"tienda","embeddable":true,"href":"https:\/\/wizardly-davinci.82-223-8-23.plesk.page\/en\/wp-json\/wp\/v2\/tienda?post=17919"},{"taxonomy":"autor_id","embeddable":true,"href":"https:\/\/wizardly-davinci.82-223-8-23.plesk.page\/en\/wp-json\/wp\/v2\/autor_id?post=17919"},{"taxonomy":"universidades_coeditoras","embeddable":true,"href":"https:\/\/wizardly-davinci.82-223-8-23.plesk.page\/en\/wp-json\/wp\/v2\/universidades_coeditoras?post=17919"},{"taxonomy":"palabras_clave","embeddable":true,"href":"https:\/\/wizardly-davinci.82-223-8-23.plesk.page\/en\/wp-json\/wp\/v2\/palabras_clave?post=17919"},{"taxonomy":"listado_alfabetico","embeddable":true,"href":"https:\/\/wizardly-davinci.82-223-8-23.plesk.page\/en\/wp-json\/wp\/v2\/listado_alfabetico?post=17919"}],"curies":[{"name":"wp","href":"https:\/\/api.w.org\/{rel}","templated":true}]}}