{"id":17927,"date":"2019-04-09T22:52:57","date_gmt":"2019-04-09T22:52:57","guid":{"rendered":"https:\/\/octaedro.com\/producto\/aprendizaje-servicio-aps-claves-para-su-desarrollo-en-la-universidad\/"},"modified":"2023-04-24T13:40:23","modified_gmt":"2023-04-24T11:40:23","slug":"aprendizaje-servicio-aps-claves-para-su-desarrollo-en-la-universidad","status":"publish","type":"product","link":"https:\/\/wizardly-davinci.82-223-8-23.plesk.page\/en\/producto\/aprendizaje-servicio-aps-claves-para-su-desarrollo-en-la-universidad\/","title":{"rendered":"Aprendizaje-servicio (ApS): claves para su desarrollo en la universidad"},"content":{"rendered":"<p>Esta obra va dirigida al profesorado universitario que se inicia o tiene la voluntad de profundizar en las posibilidades de la propuesta ApS. Para ello se presenta un trabajo coral que recoge algunas de las m\u00faltiples aportaciones que durante los \u00faltimos a\u00f1os se han ido realizando en relaci\u00f3n con el aprendizaje-servicio en la Universidad. Parte de la idea de que el aprendizaje-servicio mejora la calidad formativa de nuestros estudiantes y, por lo tanto, la calidad de la Universidad.<\/p>\n<p>El libro est\u00e1 estructurado en tres bloques diferentes: \u00abDefinici\u00f3n y experiencias\u00bb, \u00abElementos clave para el desarrollo de proyectos\u00bb y \u00abPara la extensi\u00f3n y mejora\u00bb. En todos ellos se intentan combinar aportaciones de car\u00e1cter te\u00f3rico y pr\u00e1ctico, abriendo paso a la reflexi\u00f3n sobre el sentido de los proyectos de aprendizaje-servicio, a la vez que se ofrecen ideas y recursos concretos para su dise\u00f1o, implementaci\u00f3n y evaluaci\u00f3n en el \u00e1mbito universitario. En su trasfondo, la obra supone una apuesta clara y decidida por el aprendizaje-servicio como propuesta que permite vertebrar las diferentes misiones de la Universidad (docencia, investigaci\u00f3n y transferencia de conocimiento) desde la perspectiva de la responsabilidad social de la instituci\u00f3n universitaria. Desde esta convicci\u00f3n y experiencia, sus autores comparten los aprendizajes realizados durante los \u00faltimos a\u00f1os.<\/p>\n","protected":false},"excerpt":{"rendered":"<p>Esta obra va dirigida al profesorado universitario que se inicia o tiene la voluntad de profundizar en las posibilidades de la propuesta ApS. Para ello se presenta un trabajo coral que recoge algunas de las m\u00faltiples aportaciones que durante los \u00faltimos a\u00f1os se han ido realizando en relaci\u00f3n con el aprendizaje-servicio en la Universidad. Parte de la idea de que el aprendizaje-servicio mejora la calidad formativa de nuestros estudiantes y, por lo tanto, la calidad de la Universidad.<\/p>\n<p>El libro est\u00e1 estructurado en tres bloques diferentes: \u00abDefinici\u00f3n y experiencias\u00bb, \u00abElementos clave para el desarrollo de proyectos\u00bb y \u00abPara la extensi\u00f3n y mejora\u00bb. En todos ellos se intentan combinar aportaciones de car\u00e1cter te\u00f3rico y pr\u00e1ctico, abriendo paso a la reflexi\u00f3n sobre el sentido de los proyectos de aprendizaje-servicio, a la vez que se ofrecen ideas y recursos concretos para su dise\u00f1o, implementaci\u00f3n y evaluaci\u00f3n en el \u00e1mbito universitario. En su trasfondo, la obra supone una apuesta clara y decidida por el aprendizaje-servicio como propuesta que permite vertebrar las diferentes misiones de la Universidad (docencia, investigaci\u00f3n y transferencia de conocimiento) desde la perspectiva de la responsabilidad social de la instituci\u00f3n universitaria. Desde esta convicci\u00f3n y experiencia, sus autores comparten los aprendizajes realizados durante los \u00faltimos a\u00f1os.<\/p>\n","protected":false},"featured_media":17928,"comment_status":"open","ping_status":"closed","template":"","meta":{"_et_pb_use_builder":"","_et_pb_old_content":"","_et_gb_content_width":""},"product_cat":[2606,1512,6936,6940,6674,6675],"product_tag":[2608],"edicion":[1085,1083],"editoriales":[1160,8810],"tienda":[],"autor_id":[5426,6310],"universidades_coeditoras":[],"palabras_clave":[],"listado_alfabetico":[],"acf":[],"_links":{"self":[{"href":"https:\/\/wizardly-davinci.82-223-8-23.plesk.page\/en\/wp-json\/wp\/v2\/product\/17927"}],"collection":[{"href":"https:\/\/wizardly-davinci.82-223-8-23.plesk.page\/en\/wp-json\/wp\/v2\/product"}],"about":[{"href":"https:\/\/wizardly-davinci.82-223-8-23.plesk.page\/en\/wp-json\/wp\/v2\/types\/product"}],"replies":[{"embeddable":true,"href":"https:\/\/wizardly-davinci.82-223-8-23.plesk.page\/en\/wp-json\/wp\/v2\/comments?post=17927"}],"wp:featuredmedia":[{"embeddable":true,"href":"https:\/\/wizardly-davinci.82-223-8-23.plesk.page\/en\/wp-json\/wp\/v2\/media\/17928"}],"wp:attachment":[{"href":"https:\/\/wizardly-davinci.82-223-8-23.plesk.page\/en\/wp-json\/wp\/v2\/media?parent=17927"}],"wp:term":[{"taxonomy":"product_cat","embeddable":true,"href":"https:\/\/wizardly-davinci.82-223-8-23.plesk.page\/en\/wp-json\/wp\/v2\/product_cat?post=17927"},{"taxonomy":"product_tag","embeddable":true,"href":"https:\/\/wizardly-davinci.82-223-8-23.plesk.page\/en\/wp-json\/wp\/v2\/product_tag?post=17927"},{"taxonomy":"edicion","embeddable":true,"href":"https:\/\/wizardly-davinci.82-223-8-23.plesk.page\/en\/wp-json\/wp\/v2\/edicion?post=17927"},{"taxonomy":"editoriales","embeddable":true,"href":"https:\/\/wizardly-davinci.82-223-8-23.plesk.page\/en\/wp-json\/wp\/v2\/editoriales?post=17927"},{"taxonomy":"tienda","embeddable":true,"href":"https:\/\/wizardly-davinci.82-223-8-23.plesk.page\/en\/wp-json\/wp\/v2\/tienda?post=17927"},{"taxonomy":"autor_id","embeddable":true,"href":"https:\/\/wizardly-davinci.82-223-8-23.plesk.page\/en\/wp-json\/wp\/v2\/autor_id?post=17927"},{"taxonomy":"universidades_coeditoras","embeddable":true,"href":"https:\/\/wizardly-davinci.82-223-8-23.plesk.page\/en\/wp-json\/wp\/v2\/universidades_coeditoras?post=17927"},{"taxonomy":"palabras_clave","embeddable":true,"href":"https:\/\/wizardly-davinci.82-223-8-23.plesk.page\/en\/wp-json\/wp\/v2\/palabras_clave?post=17927"},{"taxonomy":"listado_alfabetico","embeddable":true,"href":"https:\/\/wizardly-davinci.82-223-8-23.plesk.page\/en\/wp-json\/wp\/v2\/listado_alfabetico?post=17927"}],"curies":[{"name":"wp","href":"https:\/\/api.w.org\/{rel}","templated":true}]}}