{"id":17945,"date":"2019-04-09T22:53:00","date_gmt":"2019-04-09T22:53:00","guid":{"rendered":"https:\/\/octaedro.com\/producto\/asesoramiento-al-centro-educativo\/"},"modified":"2023-04-24T13:48:58","modified_gmt":"2023-04-24T11:48:58","slug":"asesoramiento-al-centro-educativo","status":"publish","type":"product","link":"https:\/\/wizardly-davinci.82-223-8-23.plesk.page\/en\/producto\/asesoramiento-al-centro-educativo\/","title":{"rendered":"Asesoramiento al centro educativo"},"content":{"rendered":"<p>En un esfuerzo de recopilaci\u00f3n y s\u00edntesis, este libro ofrece diversas aproximaciones al asesoramiento, y tambi\u00e9n a la mejora escolar desde una perspectiva plenamente pedag\u00f3gica. Las aportaciones de los diversos autores se articulan en torno a tres grandes ejes: los marcos de reflexi\u00f3n y contextualizaci\u00f3n con los que repensar el asesoramiento en el centro educativo; y la pr\u00e1ctica del asesoramiento. Los autores, procedentes de universidades de toda Espa\u00f1a, ofrecen un trabajo coherente en el que se da la perspectiva necesaria para debatir y construir alternativas sensatas, productivas y verdaderamente significativas de este campo.<\/p>\n","protected":false},"excerpt":{"rendered":"<p>En un esfuerzo de recopilaci\u00f3n y s\u00edntesis, este libro ofrece diversas aproximaciones al asesoramiento, y tambi\u00e9n a la mejora escolar desde una perspectiva plenamente pedag\u00f3gica. Las aportaciones de los diversos autores se articulan en torno a tres grandes ejes: los marcos de reflexi\u00f3n y contextualizaci\u00f3n con los que repensar el asesoramiento en el centro educativo; y la pr\u00e1ctica del asesoramiento. Los autores, procedentes de universidades de toda Espa\u00f1a, ofrecen un trabajo coherente en el que se da la perspectiva necesaria para debatir y construir alternativas sensatas, productivas y verdaderamente significativas de este campo.<\/p>\n","protected":false},"featured_media":17946,"comment_status":"open","ping_status":"closed","template":"","meta":{"_et_pb_use_builder":"","_et_pb_old_content":"","_et_gb_content_width":""},"product_cat":[2606,6936,6675,6673],"product_tag":[2604],"edicion":[1084,1083],"editoriales":[1160],"tienda":[],"autor_id":[5376],"universidades_coeditoras":[],"palabras_clave":[],"listado_alfabetico":[],"acf":[],"_links":{"self":[{"href":"https:\/\/wizardly-davinci.82-223-8-23.plesk.page\/en\/wp-json\/wp\/v2\/product\/17945"}],"collection":[{"href":"https:\/\/wizardly-davinci.82-223-8-23.plesk.page\/en\/wp-json\/wp\/v2\/product"}],"about":[{"href":"https:\/\/wizardly-davinci.82-223-8-23.plesk.page\/en\/wp-json\/wp\/v2\/types\/product"}],"replies":[{"embeddable":true,"href":"https:\/\/wizardly-davinci.82-223-8-23.plesk.page\/en\/wp-json\/wp\/v2\/comments?post=17945"}],"wp:featuredmedia":[{"embeddable":true,"href":"https:\/\/wizardly-davinci.82-223-8-23.plesk.page\/en\/wp-json\/wp\/v2\/media\/17946"}],"wp:attachment":[{"href":"https:\/\/wizardly-davinci.82-223-8-23.plesk.page\/en\/wp-json\/wp\/v2\/media?parent=17945"}],"wp:term":[{"taxonomy":"product_cat","embeddable":true,"href":"https:\/\/wizardly-davinci.82-223-8-23.plesk.page\/en\/wp-json\/wp\/v2\/product_cat?post=17945"},{"taxonomy":"product_tag","embeddable":true,"href":"https:\/\/wizardly-davinci.82-223-8-23.plesk.page\/en\/wp-json\/wp\/v2\/product_tag?post=17945"},{"taxonomy":"edicion","embeddable":true,"href":"https:\/\/wizardly-davinci.82-223-8-23.plesk.page\/en\/wp-json\/wp\/v2\/edicion?post=17945"},{"taxonomy":"editoriales","embeddable":true,"href":"https:\/\/wizardly-davinci.82-223-8-23.plesk.page\/en\/wp-json\/wp\/v2\/editoriales?post=17945"},{"taxonomy":"tienda","embeddable":true,"href":"https:\/\/wizardly-davinci.82-223-8-23.plesk.page\/en\/wp-json\/wp\/v2\/tienda?post=17945"},{"taxonomy":"autor_id","embeddable":true,"href":"https:\/\/wizardly-davinci.82-223-8-23.plesk.page\/en\/wp-json\/wp\/v2\/autor_id?post=17945"},{"taxonomy":"universidades_coeditoras","embeddable":true,"href":"https:\/\/wizardly-davinci.82-223-8-23.plesk.page\/en\/wp-json\/wp\/v2\/universidades_coeditoras?post=17945"},{"taxonomy":"palabras_clave","embeddable":true,"href":"https:\/\/wizardly-davinci.82-223-8-23.plesk.page\/en\/wp-json\/wp\/v2\/palabras_clave?post=17945"},{"taxonomy":"listado_alfabetico","embeddable":true,"href":"https:\/\/wizardly-davinci.82-223-8-23.plesk.page\/en\/wp-json\/wp\/v2\/listado_alfabetico?post=17945"}],"curies":[{"name":"wp","href":"https:\/\/api.w.org\/{rel}","templated":true}]}}