{"id":17955,"date":"2019-04-09T22:53:02","date_gmt":"2019-04-09T22:53:02","guid":{"rendered":"https:\/\/octaedro.com\/producto\/ensenanza-y-aprendizaje-en-la-educacion-superior\/"},"modified":"2023-04-24T13:51:01","modified_gmt":"2023-04-24T11:51:01","slug":"ensenanza-y-aprendizaje-en-la-educacion-superior","status":"publish","type":"product","link":"https:\/\/wizardly-davinci.82-223-8-23.plesk.page\/en\/producto\/ensenanza-y-aprendizaje-en-la-educacion-superior\/","title":{"rendered":"Ense\u00f1anza y aprendizaje en la educaci\u00f3n superior"},"content":{"rendered":"<p>Esta obra realiza un interesante recorrido por diferentes temas, ofreciendo, para comenzar, una esmerada visi\u00f3n del panorama investigador en la Educaci\u00f3n Superior y adentr\u00e1ndose despu\u00e9s en los t\u00f3picos m\u00e1s usuales y que m\u00e1s preocupan a los docentes universitarios, como son las condiciones organizativas de la ense\u00f1anza universitaria, la planificaci\u00f3n de la docencia, la metodolog\u00eda, el aprendizaje de los alumnos, la funci\u00f3n tutorial y la evaluaci\u00f3n.As\u00ed, tras analizar los problemas m\u00e1s habituales de la educaci\u00f3n superior y plantear posibles alternativas, se presenta uno de los principales objetivos del libro: describir un marco formativo viable para dar respuesta a las demandas de los profesionales de la ense\u00f1anza universitaria.<\/p>\n","protected":false},"excerpt":{"rendered":"<p>Esta obra realiza un interesante recorrido por diferentes temas, ofreciendo, para comenzar, una esmerada visi\u00f3n del panorama investigador en la Educaci\u00f3n Superior y adentr\u00e1ndose despu\u00e9s en los t\u00f3picos m\u00e1s usuales y que m\u00e1s preocupan a los docentes universitarios, como son las condiciones organizativas de la ense\u00f1anza universitaria, la planificaci\u00f3n de la docencia, la metodolog\u00eda, el aprendizaje de los alumnos, la funci\u00f3n tutorial y la evaluaci\u00f3n.As\u00ed, tras analizar los problemas m\u00e1s habituales de la educaci\u00f3n superior y plantear posibles alternativas, se presenta uno de los principales objetivos del libro: describir un marco formativo viable para dar respuesta a las demandas de los profesionales de la ense\u00f1anza universitaria.<\/p>\n","protected":false},"featured_media":17956,"comment_status":"open","ping_status":"closed","template":"","meta":{"_et_pb_use_builder":"","_et_pb_old_content":"","_et_gb_content_width":""},"product_cat":[1512],"product_tag":[2602],"edicion":[1083],"editoriales":[1160],"tienda":[],"autor_id":[5952],"universidades_coeditoras":[],"palabras_clave":[],"listado_alfabetico":[],"acf":[],"_links":{"self":[{"href":"https:\/\/wizardly-davinci.82-223-8-23.plesk.page\/en\/wp-json\/wp\/v2\/product\/17955"}],"collection":[{"href":"https:\/\/wizardly-davinci.82-223-8-23.plesk.page\/en\/wp-json\/wp\/v2\/product"}],"about":[{"href":"https:\/\/wizardly-davinci.82-223-8-23.plesk.page\/en\/wp-json\/wp\/v2\/types\/product"}],"replies":[{"embeddable":true,"href":"https:\/\/wizardly-davinci.82-223-8-23.plesk.page\/en\/wp-json\/wp\/v2\/comments?post=17955"}],"wp:featuredmedia":[{"embeddable":true,"href":"https:\/\/wizardly-davinci.82-223-8-23.plesk.page\/en\/wp-json\/wp\/v2\/media\/17956"}],"wp:attachment":[{"href":"https:\/\/wizardly-davinci.82-223-8-23.plesk.page\/en\/wp-json\/wp\/v2\/media?parent=17955"}],"wp:term":[{"taxonomy":"product_cat","embeddable":true,"href":"https:\/\/wizardly-davinci.82-223-8-23.plesk.page\/en\/wp-json\/wp\/v2\/product_cat?post=17955"},{"taxonomy":"product_tag","embeddable":true,"href":"https:\/\/wizardly-davinci.82-223-8-23.plesk.page\/en\/wp-json\/wp\/v2\/product_tag?post=17955"},{"taxonomy":"edicion","embeddable":true,"href":"https:\/\/wizardly-davinci.82-223-8-23.plesk.page\/en\/wp-json\/wp\/v2\/edicion?post=17955"},{"taxonomy":"editoriales","embeddable":true,"href":"https:\/\/wizardly-davinci.82-223-8-23.plesk.page\/en\/wp-json\/wp\/v2\/editoriales?post=17955"},{"taxonomy":"tienda","embeddable":true,"href":"https:\/\/wizardly-davinci.82-223-8-23.plesk.page\/en\/wp-json\/wp\/v2\/tienda?post=17955"},{"taxonomy":"autor_id","embeddable":true,"href":"https:\/\/wizardly-davinci.82-223-8-23.plesk.page\/en\/wp-json\/wp\/v2\/autor_id?post=17955"},{"taxonomy":"universidades_coeditoras","embeddable":true,"href":"https:\/\/wizardly-davinci.82-223-8-23.plesk.page\/en\/wp-json\/wp\/v2\/universidades_coeditoras?post=17955"},{"taxonomy":"palabras_clave","embeddable":true,"href":"https:\/\/wizardly-davinci.82-223-8-23.plesk.page\/en\/wp-json\/wp\/v2\/palabras_clave?post=17955"},{"taxonomy":"listado_alfabetico","embeddable":true,"href":"https:\/\/wizardly-davinci.82-223-8-23.plesk.page\/en\/wp-json\/wp\/v2\/listado_alfabetico?post=17955"}],"curies":[{"name":"wp","href":"https:\/\/api.w.org\/{rel}","templated":true}]}}