{"id":17957,"date":"2019-04-09T22:53:02","date_gmt":"2019-04-09T22:53:02","guid":{"rendered":"https:\/\/octaedro.com\/producto\/didactica-de-las-figuras-retoricas\/"},"modified":"2023-04-24T13:51:07","modified_gmt":"2023-04-24T11:51:07","slug":"didactica-de-las-figuras-retoricas","status":"publish","type":"product","link":"https:\/\/wizardly-davinci.82-223-8-23.plesk.page\/en\/producto\/didactica-de-las-figuras-retoricas\/","title":{"rendered":"Did\u00e1ctica de las figuras ret\u00f3ricas"},"content":{"rendered":"<p>Este libro constituye un material b\u00e1sico y a la vez innovador para el dominio de las figuras ret\u00f3ricas y puede ser de aplicaci\u00f3n directa en el aula. El m\u00e9todo utilizado permite que, a trav\u00e9s de m\u00faltiples actividades, el alumno se familiarice de forma l\u00fadica con las figuras ret\u00f3ricas y se convierta en creador de las mismas. Adem\u00e1s, con este procedimiento aprender\u00e1 a identificar su estructura formal, ser\u00e1 capaz de utilizarlas adecuadamente y valorar\u00e1 la expresividad que aportan al texto. Se pretende, con ello, evitar la tradicional memorizaci\u00f3n de una lista interminable de complicados nombres que aluden a figuras literarias, as\u00ed como la improductiva identificaci\u00f3n de las mismas.<\/p>\n","protected":false},"excerpt":{"rendered":"<p>Este libro constituye un material b\u00e1sico y a la vez innovador para el dominio de las figuras ret\u00f3ricas y puede ser de aplicaci\u00f3n directa en el aula. El m\u00e9todo utilizado permite que, a trav\u00e9s de m\u00faltiples actividades, el alumno se familiarice de forma l\u00fadica con las figuras ret\u00f3ricas y se convierta en creador de las mismas. Adem\u00e1s, con este procedimiento aprender\u00e1 a identificar su estructura formal, ser\u00e1 capaz de utilizarlas adecuadamente y valorar\u00e1 la expresividad que aportan al texto. Se pretende, con ello, evitar la tradicional memorizaci\u00f3n de una lista interminable de complicados nombres que aluden a figuras literarias, as\u00ed como la improductiva identificaci\u00f3n de las mismas.<\/p>\n","protected":false},"featured_media":17958,"comment_status":"open","ping_status":"closed","template":"","meta":{"_et_pb_use_builder":"","_et_pb_old_content":"","_et_gb_content_width":""},"product_cat":[1512,6936],"product_tag":[2602],"edicion":[1083],"editoriales":[1160],"tienda":[],"autor_id":[5918],"universidades_coeditoras":[],"palabras_clave":[],"listado_alfabetico":[],"acf":[],"_links":{"self":[{"href":"https:\/\/wizardly-davinci.82-223-8-23.plesk.page\/en\/wp-json\/wp\/v2\/product\/17957"}],"collection":[{"href":"https:\/\/wizardly-davinci.82-223-8-23.plesk.page\/en\/wp-json\/wp\/v2\/product"}],"about":[{"href":"https:\/\/wizardly-davinci.82-223-8-23.plesk.page\/en\/wp-json\/wp\/v2\/types\/product"}],"replies":[{"embeddable":true,"href":"https:\/\/wizardly-davinci.82-223-8-23.plesk.page\/en\/wp-json\/wp\/v2\/comments?post=17957"}],"wp:featuredmedia":[{"embeddable":true,"href":"https:\/\/wizardly-davinci.82-223-8-23.plesk.page\/en\/wp-json\/wp\/v2\/media\/17958"}],"wp:attachment":[{"href":"https:\/\/wizardly-davinci.82-223-8-23.plesk.page\/en\/wp-json\/wp\/v2\/media?parent=17957"}],"wp:term":[{"taxonomy":"product_cat","embeddable":true,"href":"https:\/\/wizardly-davinci.82-223-8-23.plesk.page\/en\/wp-json\/wp\/v2\/product_cat?post=17957"},{"taxonomy":"product_tag","embeddable":true,"href":"https:\/\/wizardly-davinci.82-223-8-23.plesk.page\/en\/wp-json\/wp\/v2\/product_tag?post=17957"},{"taxonomy":"edicion","embeddable":true,"href":"https:\/\/wizardly-davinci.82-223-8-23.plesk.page\/en\/wp-json\/wp\/v2\/edicion?post=17957"},{"taxonomy":"editoriales","embeddable":true,"href":"https:\/\/wizardly-davinci.82-223-8-23.plesk.page\/en\/wp-json\/wp\/v2\/editoriales?post=17957"},{"taxonomy":"tienda","embeddable":true,"href":"https:\/\/wizardly-davinci.82-223-8-23.plesk.page\/en\/wp-json\/wp\/v2\/tienda?post=17957"},{"taxonomy":"autor_id","embeddable":true,"href":"https:\/\/wizardly-davinci.82-223-8-23.plesk.page\/en\/wp-json\/wp\/v2\/autor_id?post=17957"},{"taxonomy":"universidades_coeditoras","embeddable":true,"href":"https:\/\/wizardly-davinci.82-223-8-23.plesk.page\/en\/wp-json\/wp\/v2\/universidades_coeditoras?post=17957"},{"taxonomy":"palabras_clave","embeddable":true,"href":"https:\/\/wizardly-davinci.82-223-8-23.plesk.page\/en\/wp-json\/wp\/v2\/palabras_clave?post=17957"},{"taxonomy":"listado_alfabetico","embeddable":true,"href":"https:\/\/wizardly-davinci.82-223-8-23.plesk.page\/en\/wp-json\/wp\/v2\/listado_alfabetico?post=17957"}],"curies":[{"name":"wp","href":"https:\/\/api.w.org\/{rel}","templated":true}]}}