{"id":17961,"date":"2019-04-09T22:53:03","date_gmt":"2019-04-09T22:53:03","guid":{"rendered":"https:\/\/octaedro.com\/producto\/los-ninos-invisibles\/"},"modified":"2023-04-25T09:51:22","modified_gmt":"2023-04-25T07:51:22","slug":"los-ninos-invisibles","status":"publish","type":"product","link":"https:\/\/wizardly-davinci.82-223-8-23.plesk.page\/en\/producto\/los-ninos-invisibles\/","title":{"rendered":"Los ni\u00f1os invisibles"},"content":{"rendered":"<p>La marginaci\u00f3n social y el desarraigo hacen mella de una forma especial en la infancia: son los ni\u00f1os invisibles a las estad\u00edsticas, a las planificaciones educativas y a las ofertas de salud, crecimiento y bienestar. Trabajos anteriores han analizado con lucidez las causas sociales, culturales y econ\u00f3micas de esta inadaptaci\u00f3n. Este libro centra su an\u00e1lisis en c\u00f3mo perciben el mundo estos ni\u00f1os, c\u00f3mo experimentan el tiempo, c\u00f3mo afrontan problemas y el di\u00e1logo interno que dirige su pensamiento y su presentaci\u00f3n ante los dem\u00e1s. En definitiva, cu\u00e1l es la estructura de su experiencia subjetiva del mundo. Mediante t\u00e9cnicas cl\u00e1sicas y de nueva generaci\u00f3n de programaci\u00f3n neuroling\u00fc\u00edstica y otras escuelas psicopedag\u00f3gicas integrativas, el programa que aqu\u00ed se presenta basa su propuesta en el acceso al cambio personal. Es importante se\u00f1alar que, despu\u00e9s de experimentar el programa (cuatro talleres con doscientos ejercicios y m\u00e1s de cien horas de duraci\u00f3n), se vislumbra que este mismo m\u00e9todo es aplicable al proceso educativo de cualquier persona que desee mejorar su comunicaci\u00f3n social.<\/p>\n","protected":false},"excerpt":{"rendered":"<p>La marginaci\u00f3n social y el desarraigo hacen mella de una forma especial en la infancia: son los ni\u00f1os invisibles a las estad\u00edsticas, a las planificaciones educativas y a las ofertas de salud, crecimiento y bienestar. Trabajos anteriores han analizado con lucidez las causas sociales, culturales y econ\u00f3micas de esta inadaptaci\u00f3n. Este libro centra su an\u00e1lisis en c\u00f3mo perciben el mundo estos ni\u00f1os, c\u00f3mo experimentan el tiempo, c\u00f3mo afrontan problemas y el di\u00e1logo interno que dirige su pensamiento y su presentaci\u00f3n ante los dem\u00e1s. En definitiva, cu\u00e1l es la estructura de su experiencia subjetiva del mundo. Mediante t\u00e9cnicas cl\u00e1sicas y de nueva generaci\u00f3n de programaci\u00f3n neuroling\u00fc\u00edstica y otras escuelas psicopedag\u00f3gicas integrativas, el programa que aqu\u00ed se presenta basa su propuesta en el acceso al cambio personal. Es importante se\u00f1alar que, despu\u00e9s de experimentar el programa (cuatro talleres con doscientos ejercicios y m\u00e1s de cien horas de duraci\u00f3n), se vislumbra que este mismo m\u00e9todo es aplicable al proceso educativo de cualquier persona que desee mejorar su comunicaci\u00f3n social.<\/p>\n","protected":false},"featured_media":17962,"comment_status":"open","ping_status":"closed","template":"","meta":{"_et_pb_use_builder":"","_et_pb_old_content":"","_et_gb_content_width":""},"product_cat":[1512],"product_tag":[2602],"edicion":[1083],"editoriales":[1160],"tienda":[],"autor_id":[6092],"universidades_coeditoras":[],"palabras_clave":[],"listado_alfabetico":[],"acf":[],"_links":{"self":[{"href":"https:\/\/wizardly-davinci.82-223-8-23.plesk.page\/en\/wp-json\/wp\/v2\/product\/17961"}],"collection":[{"href":"https:\/\/wizardly-davinci.82-223-8-23.plesk.page\/en\/wp-json\/wp\/v2\/product"}],"about":[{"href":"https:\/\/wizardly-davinci.82-223-8-23.plesk.page\/en\/wp-json\/wp\/v2\/types\/product"}],"replies":[{"embeddable":true,"href":"https:\/\/wizardly-davinci.82-223-8-23.plesk.page\/en\/wp-json\/wp\/v2\/comments?post=17961"}],"wp:featuredmedia":[{"embeddable":true,"href":"https:\/\/wizardly-davinci.82-223-8-23.plesk.page\/en\/wp-json\/wp\/v2\/media\/17962"}],"wp:attachment":[{"href":"https:\/\/wizardly-davinci.82-223-8-23.plesk.page\/en\/wp-json\/wp\/v2\/media?parent=17961"}],"wp:term":[{"taxonomy":"product_cat","embeddable":true,"href":"https:\/\/wizardly-davinci.82-223-8-23.plesk.page\/en\/wp-json\/wp\/v2\/product_cat?post=17961"},{"taxonomy":"product_tag","embeddable":true,"href":"https:\/\/wizardly-davinci.82-223-8-23.plesk.page\/en\/wp-json\/wp\/v2\/product_tag?post=17961"},{"taxonomy":"edicion","embeddable":true,"href":"https:\/\/wizardly-davinci.82-223-8-23.plesk.page\/en\/wp-json\/wp\/v2\/edicion?post=17961"},{"taxonomy":"editoriales","embeddable":true,"href":"https:\/\/wizardly-davinci.82-223-8-23.plesk.page\/en\/wp-json\/wp\/v2\/editoriales?post=17961"},{"taxonomy":"tienda","embeddable":true,"href":"https:\/\/wizardly-davinci.82-223-8-23.plesk.page\/en\/wp-json\/wp\/v2\/tienda?post=17961"},{"taxonomy":"autor_id","embeddable":true,"href":"https:\/\/wizardly-davinci.82-223-8-23.plesk.page\/en\/wp-json\/wp\/v2\/autor_id?post=17961"},{"taxonomy":"universidades_coeditoras","embeddable":true,"href":"https:\/\/wizardly-davinci.82-223-8-23.plesk.page\/en\/wp-json\/wp\/v2\/universidades_coeditoras?post=17961"},{"taxonomy":"palabras_clave","embeddable":true,"href":"https:\/\/wizardly-davinci.82-223-8-23.plesk.page\/en\/wp-json\/wp\/v2\/palabras_clave?post=17961"},{"taxonomy":"listado_alfabetico","embeddable":true,"href":"https:\/\/wizardly-davinci.82-223-8-23.plesk.page\/en\/wp-json\/wp\/v2\/listado_alfabetico?post=17961"}],"curies":[{"name":"wp","href":"https:\/\/api.w.org\/{rel}","templated":true}]}}