{"id":17967,"date":"2019-04-09T22:53:03","date_gmt":"2019-04-09T22:53:03","guid":{"rendered":"https:\/\/octaedro.com\/producto\/didactica-de-la-literatura\/"},"modified":"2023-04-25T09:51:48","modified_gmt":"2023-04-25T07:51:48","slug":"didactica-de-la-literatura","status":"publish","type":"product","link":"https:\/\/wizardly-davinci.82-223-8-23.plesk.page\/en\/producto\/didactica-de-la-literatura\/","title":{"rendered":"Did\u00e1ctica de la literatura"},"content":{"rendered":"<p>Este libro contiene diversas aportaciones relacionadas con la Did\u00e1ctica de la Literatura, el cuento, la dramatizaci\u00f3n y la animaci\u00f3n a la lectura. Todo ello se orienta a la mejora de la competencia comunicativa de las personas para que \u00e9stas se puedan desenvolver de una manera adecuada en una sociedad din\u00e1mica y cambiante como es la del siglo XXI. El hecho de recopilar distintas aportaciones supone que haya una diversidad dentro de la unicidad tem\u00e1tica, es decir, con respecto a un mismo tema, podremos ver diferentes perspectivas que enriquecer\u00e1n la visi\u00f3n de la persona lectora.<\/p>\n","protected":false},"excerpt":{"rendered":"<p>Este libro contiene diversas aportaciones relacionadas con la Did\u00e1ctica de la Literatura, el cuento, la dramatizaci\u00f3n y la animaci\u00f3n a la lectura. Todo ello se orienta a la mejora de la competencia comunicativa de las personas para que \u00e9stas se puedan desenvolver de una manera adecuada en una sociedad din\u00e1mica y cambiante como es la del siglo XXI. El hecho de recopilar distintas aportaciones supone que haya una diversidad dentro de la unicidad tem\u00e1tica, es decir, con respecto a un mismo tema, podremos ver diferentes perspectivas que enriquecer\u00e1n la visi\u00f3n de la persona lectora.<\/p>\n","protected":false},"featured_media":17968,"comment_status":"open","ping_status":"closed","template":"","meta":{"_et_pb_use_builder":"","_et_pb_old_content":"","_et_gb_content_width":""},"product_cat":[1512,6936,6675],"product_tag":[2602],"edicion":[1083],"editoriales":[1160],"tienda":[],"autor_id":[5416,5859],"universidades_coeditoras":[],"palabras_clave":[],"listado_alfabetico":[],"acf":[],"_links":{"self":[{"href":"https:\/\/wizardly-davinci.82-223-8-23.plesk.page\/en\/wp-json\/wp\/v2\/product\/17967"}],"collection":[{"href":"https:\/\/wizardly-davinci.82-223-8-23.plesk.page\/en\/wp-json\/wp\/v2\/product"}],"about":[{"href":"https:\/\/wizardly-davinci.82-223-8-23.plesk.page\/en\/wp-json\/wp\/v2\/types\/product"}],"replies":[{"embeddable":true,"href":"https:\/\/wizardly-davinci.82-223-8-23.plesk.page\/en\/wp-json\/wp\/v2\/comments?post=17967"}],"wp:featuredmedia":[{"embeddable":true,"href":"https:\/\/wizardly-davinci.82-223-8-23.plesk.page\/en\/wp-json\/wp\/v2\/media\/17968"}],"wp:attachment":[{"href":"https:\/\/wizardly-davinci.82-223-8-23.plesk.page\/en\/wp-json\/wp\/v2\/media?parent=17967"}],"wp:term":[{"taxonomy":"product_cat","embeddable":true,"href":"https:\/\/wizardly-davinci.82-223-8-23.plesk.page\/en\/wp-json\/wp\/v2\/product_cat?post=17967"},{"taxonomy":"product_tag","embeddable":true,"href":"https:\/\/wizardly-davinci.82-223-8-23.plesk.page\/en\/wp-json\/wp\/v2\/product_tag?post=17967"},{"taxonomy":"edicion","embeddable":true,"href":"https:\/\/wizardly-davinci.82-223-8-23.plesk.page\/en\/wp-json\/wp\/v2\/edicion?post=17967"},{"taxonomy":"editoriales","embeddable":true,"href":"https:\/\/wizardly-davinci.82-223-8-23.plesk.page\/en\/wp-json\/wp\/v2\/editoriales?post=17967"},{"taxonomy":"tienda","embeddable":true,"href":"https:\/\/wizardly-davinci.82-223-8-23.plesk.page\/en\/wp-json\/wp\/v2\/tienda?post=17967"},{"taxonomy":"autor_id","embeddable":true,"href":"https:\/\/wizardly-davinci.82-223-8-23.plesk.page\/en\/wp-json\/wp\/v2\/autor_id?post=17967"},{"taxonomy":"universidades_coeditoras","embeddable":true,"href":"https:\/\/wizardly-davinci.82-223-8-23.plesk.page\/en\/wp-json\/wp\/v2\/universidades_coeditoras?post=17967"},{"taxonomy":"palabras_clave","embeddable":true,"href":"https:\/\/wizardly-davinci.82-223-8-23.plesk.page\/en\/wp-json\/wp\/v2\/palabras_clave?post=17967"},{"taxonomy":"listado_alfabetico","embeddable":true,"href":"https:\/\/wizardly-davinci.82-223-8-23.plesk.page\/en\/wp-json\/wp\/v2\/listado_alfabetico?post=17967"}],"curies":[{"name":"wp","href":"https:\/\/api.w.org\/{rel}","templated":true}]}}