{"id":17969,"date":"2019-04-09T22:53:04","date_gmt":"2019-04-09T22:53:04","guid":{"rendered":"https:\/\/octaedro.com\/producto\/la-cultura-de-genero-en-las-organizaciones-escolares\/"},"modified":"2023-04-25T09:51:57","modified_gmt":"2023-04-25T07:51:57","slug":"la-cultura-de-genero-en-las-organizaciones-escolares","status":"publish","type":"product","link":"https:\/\/wizardly-davinci.82-223-8-23.plesk.page\/en\/producto\/la-cultura-de-genero-en-las-organizaciones-escolares\/","title":{"rendered":"La cultura de g\u00e9nero en las organizaciones escolares"},"content":{"rendered":"<p>En este an\u00e1lisis profundo de las dificultades y motivaciones que tienen las mujeres para acceder a los puestos de direcci\u00f3n, no s\u00f3lo interesan las razones que explican las dificultades o las barreras, sino tambi\u00e9n, y quiz\u00e1 sea \u00e9ste uno de los aspectos m\u00e1s interesantes, desde una perspectiva positiva y optimista, las motivaciones para plantearse esta opci\u00f3n como una responsabilidad profesional, as\u00ed como aquellas razones que consideran importantes para mantenerse en ellas. Esto permite a los autores y autoras, en \u00faltimo t\u00e9rmino, elaborar una serie de atractivas propuestas necesarias para transformar las organizaciones educativas en instituciones que no s\u00f3lo prediquen la igualdad, sino que la fomenten con el propio ejemplo, en sus din\u00e1micas cotidianas de funcionamiento organizativo.<\/p>\n","protected":false},"excerpt":{"rendered":"<p>En este an\u00e1lisis profundo de las dificultades y motivaciones que tienen las mujeres para acceder a los puestos de direcci\u00f3n, no s\u00f3lo interesan las razones que explican las dificultades o las barreras, sino tambi\u00e9n, y quiz\u00e1 sea \u00e9ste uno de los aspectos m\u00e1s interesantes, desde una perspectiva positiva y optimista, las motivaciones para plantearse esta opci\u00f3n como una responsabilidad profesional, as\u00ed como aquellas razones que consideran importantes para mantenerse en ellas. Esto permite a los autores y autoras, en \u00faltimo t\u00e9rmino, elaborar una serie de atractivas propuestas necesarias para transformar las organizaciones educativas en instituciones que no s\u00f3lo prediquen la igualdad, sino que la fomenten con el propio ejemplo, en sus din\u00e1micas cotidianas de funcionamiento organizativo.<\/p>\n","protected":false},"featured_media":17970,"comment_status":"open","ping_status":"closed","template":"","meta":{"_et_pb_use_builder":"","_et_pb_old_content":"","_et_gb_content_width":""},"product_cat":[1512,6936],"product_tag":[2602],"edicion":[1083],"editoriales":[1160],"tienda":[],"autor_id":[5401],"universidades_coeditoras":[],"palabras_clave":[],"listado_alfabetico":[],"acf":[],"_links":{"self":[{"href":"https:\/\/wizardly-davinci.82-223-8-23.plesk.page\/en\/wp-json\/wp\/v2\/product\/17969"}],"collection":[{"href":"https:\/\/wizardly-davinci.82-223-8-23.plesk.page\/en\/wp-json\/wp\/v2\/product"}],"about":[{"href":"https:\/\/wizardly-davinci.82-223-8-23.plesk.page\/en\/wp-json\/wp\/v2\/types\/product"}],"replies":[{"embeddable":true,"href":"https:\/\/wizardly-davinci.82-223-8-23.plesk.page\/en\/wp-json\/wp\/v2\/comments?post=17969"}],"wp:featuredmedia":[{"embeddable":true,"href":"https:\/\/wizardly-davinci.82-223-8-23.plesk.page\/en\/wp-json\/wp\/v2\/media\/17970"}],"wp:attachment":[{"href":"https:\/\/wizardly-davinci.82-223-8-23.plesk.page\/en\/wp-json\/wp\/v2\/media?parent=17969"}],"wp:term":[{"taxonomy":"product_cat","embeddable":true,"href":"https:\/\/wizardly-davinci.82-223-8-23.plesk.page\/en\/wp-json\/wp\/v2\/product_cat?post=17969"},{"taxonomy":"product_tag","embeddable":true,"href":"https:\/\/wizardly-davinci.82-223-8-23.plesk.page\/en\/wp-json\/wp\/v2\/product_tag?post=17969"},{"taxonomy":"edicion","embeddable":true,"href":"https:\/\/wizardly-davinci.82-223-8-23.plesk.page\/en\/wp-json\/wp\/v2\/edicion?post=17969"},{"taxonomy":"editoriales","embeddable":true,"href":"https:\/\/wizardly-davinci.82-223-8-23.plesk.page\/en\/wp-json\/wp\/v2\/editoriales?post=17969"},{"taxonomy":"tienda","embeddable":true,"href":"https:\/\/wizardly-davinci.82-223-8-23.plesk.page\/en\/wp-json\/wp\/v2\/tienda?post=17969"},{"taxonomy":"autor_id","embeddable":true,"href":"https:\/\/wizardly-davinci.82-223-8-23.plesk.page\/en\/wp-json\/wp\/v2\/autor_id?post=17969"},{"taxonomy":"universidades_coeditoras","embeddable":true,"href":"https:\/\/wizardly-davinci.82-223-8-23.plesk.page\/en\/wp-json\/wp\/v2\/universidades_coeditoras?post=17969"},{"taxonomy":"palabras_clave","embeddable":true,"href":"https:\/\/wizardly-davinci.82-223-8-23.plesk.page\/en\/wp-json\/wp\/v2\/palabras_clave?post=17969"},{"taxonomy":"listado_alfabetico","embeddable":true,"href":"https:\/\/wizardly-davinci.82-223-8-23.plesk.page\/en\/wp-json\/wp\/v2\/listado_alfabetico?post=17969"}],"curies":[{"name":"wp","href":"https:\/\/api.w.org\/{rel}","templated":true}]}}