{"id":17971,"date":"2019-04-09T22:53:04","date_gmt":"2019-04-09T22:53:04","guid":{"rendered":"https:\/\/octaedro.com\/producto\/por-que-las-ninas-y-los-ninos-no-aprenden-matematicas\/"},"modified":"2023-04-25T09:52:05","modified_gmt":"2023-04-25T07:52:05","slug":"por-que-las-ninas-y-los-ninos-no-aprenden-matematicas","status":"publish","type":"product","link":"https:\/\/wizardly-davinci.82-223-8-23.plesk.page\/en\/producto\/por-que-las-ninas-y-los-ninos-no-aprenden-matematicas\/","title":{"rendered":"\u00bfPor qu\u00e9 las ni\u00f1as y los ni\u00f1os no aprenden matem\u00e1ticas?"},"content":{"rendered":"<p>Este libro trata de analizar las dificultades en el aprendizaje de las matem\u00e1ticas de los estudiantes en la educaci\u00f3n primaria. En \u00e9l se intenta reflejar que el problema no son s\u00f3lo las dificultades cognitivas o la falta de inter\u00e9s o motivaci\u00f3n, sino tambi\u00e9n todo lo que acontece en las aulas y factores externos a ellas. Las dificultades que experimentan los estudiantes en el aprendizaje de las matem\u00e1ticas escolares dependen del entorno institucional en el que se desenvuelven; de c\u00f3mo los padres, el sistema educativo y el profesorado act\u00faan ante estas dificultades, intereses y expectativas de los estudiantes; as\u00ed como de las creencias del profesorado sobre esta materia, sobre la ense\u00f1anza y sobre c\u00f3mo aprenden los estudiantes.<\/p>\n","protected":false},"excerpt":{"rendered":"<p>Este libro trata de analizar las dificultades en el aprendizaje de las matem\u00e1ticas de los estudiantes en la educaci\u00f3n primaria. En \u00e9l se intenta reflejar que el problema no son s\u00f3lo las dificultades cognitivas o la falta de inter\u00e9s o motivaci\u00f3n, sino tambi\u00e9n todo lo que acontece en las aulas y factores externos a ellas. Las dificultades que experimentan los estudiantes en el aprendizaje de las matem\u00e1ticas escolares dependen del entorno institucional en el que se desenvuelven; de c\u00f3mo los padres, el sistema educativo y el profesorado act\u00faan ante estas dificultades, intereses y expectativas de los estudiantes; as\u00ed como de las creencias del profesorado sobre esta materia, sobre la ense\u00f1anza y sobre c\u00f3mo aprenden los estudiantes.<\/p>\n","protected":false},"featured_media":17972,"comment_status":"open","ping_status":"closed","template":"","meta":{"_et_pb_use_builder":"","_et_pb_old_content":"","_et_gb_content_width":""},"product_cat":[1512],"product_tag":[2602],"edicion":[1083],"editoriales":[1160],"tienda":[],"autor_id":[5743],"universidades_coeditoras":[],"palabras_clave":[],"listado_alfabetico":[],"acf":[],"_links":{"self":[{"href":"https:\/\/wizardly-davinci.82-223-8-23.plesk.page\/en\/wp-json\/wp\/v2\/product\/17971"}],"collection":[{"href":"https:\/\/wizardly-davinci.82-223-8-23.plesk.page\/en\/wp-json\/wp\/v2\/product"}],"about":[{"href":"https:\/\/wizardly-davinci.82-223-8-23.plesk.page\/en\/wp-json\/wp\/v2\/types\/product"}],"replies":[{"embeddable":true,"href":"https:\/\/wizardly-davinci.82-223-8-23.plesk.page\/en\/wp-json\/wp\/v2\/comments?post=17971"}],"wp:featuredmedia":[{"embeddable":true,"href":"https:\/\/wizardly-davinci.82-223-8-23.plesk.page\/en\/wp-json\/wp\/v2\/media\/17972"}],"wp:attachment":[{"href":"https:\/\/wizardly-davinci.82-223-8-23.plesk.page\/en\/wp-json\/wp\/v2\/media?parent=17971"}],"wp:term":[{"taxonomy":"product_cat","embeddable":true,"href":"https:\/\/wizardly-davinci.82-223-8-23.plesk.page\/en\/wp-json\/wp\/v2\/product_cat?post=17971"},{"taxonomy":"product_tag","embeddable":true,"href":"https:\/\/wizardly-davinci.82-223-8-23.plesk.page\/en\/wp-json\/wp\/v2\/product_tag?post=17971"},{"taxonomy":"edicion","embeddable":true,"href":"https:\/\/wizardly-davinci.82-223-8-23.plesk.page\/en\/wp-json\/wp\/v2\/edicion?post=17971"},{"taxonomy":"editoriales","embeddable":true,"href":"https:\/\/wizardly-davinci.82-223-8-23.plesk.page\/en\/wp-json\/wp\/v2\/editoriales?post=17971"},{"taxonomy":"tienda","embeddable":true,"href":"https:\/\/wizardly-davinci.82-223-8-23.plesk.page\/en\/wp-json\/wp\/v2\/tienda?post=17971"},{"taxonomy":"autor_id","embeddable":true,"href":"https:\/\/wizardly-davinci.82-223-8-23.plesk.page\/en\/wp-json\/wp\/v2\/autor_id?post=17971"},{"taxonomy":"universidades_coeditoras","embeddable":true,"href":"https:\/\/wizardly-davinci.82-223-8-23.plesk.page\/en\/wp-json\/wp\/v2\/universidades_coeditoras?post=17971"},{"taxonomy":"palabras_clave","embeddable":true,"href":"https:\/\/wizardly-davinci.82-223-8-23.plesk.page\/en\/wp-json\/wp\/v2\/palabras_clave?post=17971"},{"taxonomy":"listado_alfabetico","embeddable":true,"href":"https:\/\/wizardly-davinci.82-223-8-23.plesk.page\/en\/wp-json\/wp\/v2\/listado_alfabetico?post=17971"}],"curies":[{"name":"wp","href":"https:\/\/api.w.org\/{rel}","templated":true}]}}