{"id":17975,"date":"2019-04-09T22:53:04","date_gmt":"2019-04-09T22:53:04","guid":{"rendered":"https:\/\/octaedro.com\/producto\/historias-de-vida-del-profesorado\/"},"modified":"2023-04-25T09:52:23","modified_gmt":"2023-04-25T07:52:23","slug":"historias-de-vida-del-profesorado","status":"publish","type":"product","link":"https:\/\/wizardly-davinci.82-223-8-23.plesk.page\/en\/producto\/historias-de-vida-del-profesorado\/","title":{"rendered":"Historias de vida del profesorado"},"content":{"rendered":"<p>El libro Historias de vida del profesorado intenta llenar un vac\u00edo considerable que existe desde hace tiempo en los libros sobre educaci\u00f3n. Aunque durante el \u00faltimo siglo haya experimentado auges espor\u00e1dicos, la historia de vida es un g\u00e9nero que ha recibido escasa atenci\u00f3n hasta hace poco, no s\u00f3lo en Espa\u00f1a sino en la mayor\u00eda de pa\u00edses. Y ello a pesar de que los estudios de historia de vida contribuyen a la producci\u00f3n de una amplia gama de saberes profesionales que emergen del propio docente. Decantar en esta direcci\u00f3n el estudio de la educaci\u00f3n exige una desestabilizaci\u00f3n y una reconceptualizaci\u00f3n importantes de los enfoques de investigaci\u00f3n existentes.<\/p>\n","protected":false},"excerpt":{"rendered":"<p>El libro Historias de vida del profesorado intenta llenar un vac\u00edo considerable que existe desde hace tiempo en los libros sobre educaci\u00f3n. Aunque durante el \u00faltimo siglo haya experimentado auges espor\u00e1dicos, la historia de vida es un g\u00e9nero que ha recibido escasa atenci\u00f3n hasta hace poco, no s\u00f3lo en Espa\u00f1a sino en la mayor\u00eda de pa\u00edses. Y ello a pesar de que los estudios de historia de vida contribuyen a la producci\u00f3n de una amplia gama de saberes profesionales que emergen del propio docente. Decantar en esta direcci\u00f3n el estudio de la educaci\u00f3n exige una desestabilizaci\u00f3n y una reconceptualizaci\u00f3n importantes de los enfoques de investigaci\u00f3n existentes.<\/p>\n","protected":false},"featured_media":17976,"comment_status":"open","ping_status":"closed","template":"","meta":{"_et_pb_use_builder":"","_et_pb_old_content":"","_et_gb_content_width":""},"product_cat":[1512],"product_tag":[2602],"edicion":[1083],"editoriales":[1160],"tienda":[],"autor_id":[5619],"universidades_coeditoras":[],"palabras_clave":[],"listado_alfabetico":[],"acf":[],"_links":{"self":[{"href":"https:\/\/wizardly-davinci.82-223-8-23.plesk.page\/en\/wp-json\/wp\/v2\/product\/17975"}],"collection":[{"href":"https:\/\/wizardly-davinci.82-223-8-23.plesk.page\/en\/wp-json\/wp\/v2\/product"}],"about":[{"href":"https:\/\/wizardly-davinci.82-223-8-23.plesk.page\/en\/wp-json\/wp\/v2\/types\/product"}],"replies":[{"embeddable":true,"href":"https:\/\/wizardly-davinci.82-223-8-23.plesk.page\/en\/wp-json\/wp\/v2\/comments?post=17975"}],"wp:featuredmedia":[{"embeddable":true,"href":"https:\/\/wizardly-davinci.82-223-8-23.plesk.page\/en\/wp-json\/wp\/v2\/media\/17976"}],"wp:attachment":[{"href":"https:\/\/wizardly-davinci.82-223-8-23.plesk.page\/en\/wp-json\/wp\/v2\/media?parent=17975"}],"wp:term":[{"taxonomy":"product_cat","embeddable":true,"href":"https:\/\/wizardly-davinci.82-223-8-23.plesk.page\/en\/wp-json\/wp\/v2\/product_cat?post=17975"},{"taxonomy":"product_tag","embeddable":true,"href":"https:\/\/wizardly-davinci.82-223-8-23.plesk.page\/en\/wp-json\/wp\/v2\/product_tag?post=17975"},{"taxonomy":"edicion","embeddable":true,"href":"https:\/\/wizardly-davinci.82-223-8-23.plesk.page\/en\/wp-json\/wp\/v2\/edicion?post=17975"},{"taxonomy":"editoriales","embeddable":true,"href":"https:\/\/wizardly-davinci.82-223-8-23.plesk.page\/en\/wp-json\/wp\/v2\/editoriales?post=17975"},{"taxonomy":"tienda","embeddable":true,"href":"https:\/\/wizardly-davinci.82-223-8-23.plesk.page\/en\/wp-json\/wp\/v2\/tienda?post=17975"},{"taxonomy":"autor_id","embeddable":true,"href":"https:\/\/wizardly-davinci.82-223-8-23.plesk.page\/en\/wp-json\/wp\/v2\/autor_id?post=17975"},{"taxonomy":"universidades_coeditoras","embeddable":true,"href":"https:\/\/wizardly-davinci.82-223-8-23.plesk.page\/en\/wp-json\/wp\/v2\/universidades_coeditoras?post=17975"},{"taxonomy":"palabras_clave","embeddable":true,"href":"https:\/\/wizardly-davinci.82-223-8-23.plesk.page\/en\/wp-json\/wp\/v2\/palabras_clave?post=17975"},{"taxonomy":"listado_alfabetico","embeddable":true,"href":"https:\/\/wizardly-davinci.82-223-8-23.plesk.page\/en\/wp-json\/wp\/v2\/listado_alfabetico?post=17975"}],"curies":[{"name":"wp","href":"https:\/\/api.w.org\/{rel}","templated":true}]}}