{"id":17981,"date":"2019-04-09T22:53:05","date_gmt":"2019-04-09T22:53:05","guid":{"rendered":"https:\/\/octaedro.com\/producto\/la-tutoria-y-la-orientacion-en-el-siglo-xxi-nuevas-propuestas\/"},"modified":"2023-04-25T09:52:52","modified_gmt":"2023-04-25T07:52:52","slug":"la-tutoria-y-la-orientacion-en-el-siglo-xxi-nuevas-propuestas","status":"publish","type":"product","link":"https:\/\/wizardly-davinci.82-223-8-23.plesk.page\/en\/producto\/la-tutoria-y-la-orientacion-en-el-siglo-xxi-nuevas-propuestas\/","title":{"rendered":"La tutor\u00eda y la orientaci\u00f3n en el siglo XXI: nuevas propuestas"},"content":{"rendered":"<p>Este libro los autores pretenden abrir la perspectiva y entender la tutor\u00eda como una actuaci\u00f3n profesional esencialmente orientadora y por lo tanto actividad que acompa\u00f1a todo el proceso formativo y de reciclaje del ser humano, de aqu\u00ed y ahora, desde los inicios, nacimiento, primeros a\u00f1os, E. Infantil, hasta los grados m\u00e1s elevados de formaci\u00f3n como es la ense\u00f1anza universitaria.<\/p>\n","protected":false},"excerpt":{"rendered":"<p>Este libro los autores pretenden abrir la perspectiva y entender la tutor\u00eda como una actuaci\u00f3n profesional esencialmente orientadora y por lo tanto actividad que acompa\u00f1a todo el proceso formativo y de reciclaje del ser humano, de aqu\u00ed y ahora, desde los inicios, nacimiento, primeros a\u00f1os, E. Infantil, hasta los grados m\u00e1s elevados de formaci\u00f3n como es la ense\u00f1anza universitaria.<\/p>\n","protected":false},"featured_media":17982,"comment_status":"open","ping_status":"closed","template":"","meta":{"_et_pb_use_builder":"","_et_pb_old_content":"","_et_gb_content_width":""},"product_cat":[1512,6936],"product_tag":[2602],"edicion":[1083],"editoriales":[1160],"tienda":[],"autor_id":[5535,6235],"universidades_coeditoras":[],"palabras_clave":[],"listado_alfabetico":[],"acf":[],"_links":{"self":[{"href":"https:\/\/wizardly-davinci.82-223-8-23.plesk.page\/en\/wp-json\/wp\/v2\/product\/17981"}],"collection":[{"href":"https:\/\/wizardly-davinci.82-223-8-23.plesk.page\/en\/wp-json\/wp\/v2\/product"}],"about":[{"href":"https:\/\/wizardly-davinci.82-223-8-23.plesk.page\/en\/wp-json\/wp\/v2\/types\/product"}],"replies":[{"embeddable":true,"href":"https:\/\/wizardly-davinci.82-223-8-23.plesk.page\/en\/wp-json\/wp\/v2\/comments?post=17981"}],"wp:featuredmedia":[{"embeddable":true,"href":"https:\/\/wizardly-davinci.82-223-8-23.plesk.page\/en\/wp-json\/wp\/v2\/media\/17982"}],"wp:attachment":[{"href":"https:\/\/wizardly-davinci.82-223-8-23.plesk.page\/en\/wp-json\/wp\/v2\/media?parent=17981"}],"wp:term":[{"taxonomy":"product_cat","embeddable":true,"href":"https:\/\/wizardly-davinci.82-223-8-23.plesk.page\/en\/wp-json\/wp\/v2\/product_cat?post=17981"},{"taxonomy":"product_tag","embeddable":true,"href":"https:\/\/wizardly-davinci.82-223-8-23.plesk.page\/en\/wp-json\/wp\/v2\/product_tag?post=17981"},{"taxonomy":"edicion","embeddable":true,"href":"https:\/\/wizardly-davinci.82-223-8-23.plesk.page\/en\/wp-json\/wp\/v2\/edicion?post=17981"},{"taxonomy":"editoriales","embeddable":true,"href":"https:\/\/wizardly-davinci.82-223-8-23.plesk.page\/en\/wp-json\/wp\/v2\/editoriales?post=17981"},{"taxonomy":"tienda","embeddable":true,"href":"https:\/\/wizardly-davinci.82-223-8-23.plesk.page\/en\/wp-json\/wp\/v2\/tienda?post=17981"},{"taxonomy":"autor_id","embeddable":true,"href":"https:\/\/wizardly-davinci.82-223-8-23.plesk.page\/en\/wp-json\/wp\/v2\/autor_id?post=17981"},{"taxonomy":"universidades_coeditoras","embeddable":true,"href":"https:\/\/wizardly-davinci.82-223-8-23.plesk.page\/en\/wp-json\/wp\/v2\/universidades_coeditoras?post=17981"},{"taxonomy":"palabras_clave","embeddable":true,"href":"https:\/\/wizardly-davinci.82-223-8-23.plesk.page\/en\/wp-json\/wp\/v2\/palabras_clave?post=17981"},{"taxonomy":"listado_alfabetico","embeddable":true,"href":"https:\/\/wizardly-davinci.82-223-8-23.plesk.page\/en\/wp-json\/wp\/v2\/listado_alfabetico?post=17981"}],"curies":[{"name":"wp","href":"https:\/\/api.w.org\/{rel}","templated":true}]}}