{"id":17987,"date":"2019-04-09T22:53:06","date_gmt":"2019-04-09T22:53:06","guid":{"rendered":"https:\/\/octaedro.com\/producto\/el-poder-de-la-palabra-en-la-publicidad-de-la-radio\/"},"modified":"2023-04-25T09:53:18","modified_gmt":"2023-04-25T07:53:18","slug":"el-poder-de-la-palabra-en-la-publicidad-de-la-radio","status":"publish","type":"product","link":"https:\/\/wizardly-davinci.82-223-8-23.plesk.page\/en\/producto\/el-poder-de-la-palabra-en-la-publicidad-de-la-radio\/","title":{"rendered":"El poder de la palabra en la publicidad de la radio"},"content":{"rendered":"<p>El libro constituye un intento de dar respuesta a una serie de interrogantes que surgen a la hora de elaborar la publicidad de la radio, tales como: si, como sabemos, resulta altamente eficaz la personalizaci\u00f3n del mensaje para conseguir la persuasi\u00f3n, \u00bfc\u00f3mo se lleva a cabo \u00e9sta?; qu\u00e9 caracter\u00edsticas del soporte material de transmisi\u00f3n otorgan m\u00e1s n\u00edtidamente especificidad al discurso publicitario de la radio; cu\u00e1les son las funciones que pueden atribuirse a la presencia de la m\u00fasica, el paralenguaje y otros efectos sonoros en la configuraci\u00f3n global del mensaje; bajo qu\u00e9 formatos se presentan los mensajes publicitarios en la radio; qu\u00e9 valores impl\u00edcitos, de diversa naturaleza, sustentan esta particular pr\u00e1ctica discursiva, y en funci\u00f3n de qu\u00e9 finalidad\/es surge este perfecto entramado.<\/p>\n","protected":false},"excerpt":{"rendered":"<p>El libro constituye un intento de dar respuesta a una serie de interrogantes que surgen a la hora de elaborar la publicidad de la radio, tales como: si, como sabemos, resulta altamente eficaz la personalizaci\u00f3n del mensaje para conseguir la persuasi\u00f3n, \u00bfc\u00f3mo se lleva a cabo \u00e9sta?; qu\u00e9 caracter\u00edsticas del soporte material de transmisi\u00f3n otorgan m\u00e1s n\u00edtidamente especificidad al discurso publicitario de la radio; cu\u00e1les son las funciones que pueden atribuirse a la presencia de la m\u00fasica, el paralenguaje y otros efectos sonoros en la configuraci\u00f3n global del mensaje; bajo qu\u00e9 formatos se presentan los mensajes publicitarios en la radio; qu\u00e9 valores impl\u00edcitos, de diversa naturaleza, sustentan esta particular pr\u00e1ctica discursiva, y en funci\u00f3n de qu\u00e9 finalidad\/es surge este perfecto entramado.<\/p>\n","protected":false},"featured_media":17988,"comment_status":"open","ping_status":"closed","template":"","meta":{"_et_pb_use_builder":"","_et_pb_old_content":"","_et_gb_content_width":""},"product_cat":[1512],"product_tag":[2602],"edicion":[1083],"editoriales":[1160],"tienda":[],"autor_id":[5674],"universidades_coeditoras":[],"palabras_clave":[],"listado_alfabetico":[],"acf":[],"_links":{"self":[{"href":"https:\/\/wizardly-davinci.82-223-8-23.plesk.page\/en\/wp-json\/wp\/v2\/product\/17987"}],"collection":[{"href":"https:\/\/wizardly-davinci.82-223-8-23.plesk.page\/en\/wp-json\/wp\/v2\/product"}],"about":[{"href":"https:\/\/wizardly-davinci.82-223-8-23.plesk.page\/en\/wp-json\/wp\/v2\/types\/product"}],"replies":[{"embeddable":true,"href":"https:\/\/wizardly-davinci.82-223-8-23.plesk.page\/en\/wp-json\/wp\/v2\/comments?post=17987"}],"wp:featuredmedia":[{"embeddable":true,"href":"https:\/\/wizardly-davinci.82-223-8-23.plesk.page\/en\/wp-json\/wp\/v2\/media\/17988"}],"wp:attachment":[{"href":"https:\/\/wizardly-davinci.82-223-8-23.plesk.page\/en\/wp-json\/wp\/v2\/media?parent=17987"}],"wp:term":[{"taxonomy":"product_cat","embeddable":true,"href":"https:\/\/wizardly-davinci.82-223-8-23.plesk.page\/en\/wp-json\/wp\/v2\/product_cat?post=17987"},{"taxonomy":"product_tag","embeddable":true,"href":"https:\/\/wizardly-davinci.82-223-8-23.plesk.page\/en\/wp-json\/wp\/v2\/product_tag?post=17987"},{"taxonomy":"edicion","embeddable":true,"href":"https:\/\/wizardly-davinci.82-223-8-23.plesk.page\/en\/wp-json\/wp\/v2\/edicion?post=17987"},{"taxonomy":"editoriales","embeddable":true,"href":"https:\/\/wizardly-davinci.82-223-8-23.plesk.page\/en\/wp-json\/wp\/v2\/editoriales?post=17987"},{"taxonomy":"tienda","embeddable":true,"href":"https:\/\/wizardly-davinci.82-223-8-23.plesk.page\/en\/wp-json\/wp\/v2\/tienda?post=17987"},{"taxonomy":"autor_id","embeddable":true,"href":"https:\/\/wizardly-davinci.82-223-8-23.plesk.page\/en\/wp-json\/wp\/v2\/autor_id?post=17987"},{"taxonomy":"universidades_coeditoras","embeddable":true,"href":"https:\/\/wizardly-davinci.82-223-8-23.plesk.page\/en\/wp-json\/wp\/v2\/universidades_coeditoras?post=17987"},{"taxonomy":"palabras_clave","embeddable":true,"href":"https:\/\/wizardly-davinci.82-223-8-23.plesk.page\/en\/wp-json\/wp\/v2\/palabras_clave?post=17987"},{"taxonomy":"listado_alfabetico","embeddable":true,"href":"https:\/\/wizardly-davinci.82-223-8-23.plesk.page\/en\/wp-json\/wp\/v2\/listado_alfabetico?post=17987"}],"curies":[{"name":"wp","href":"https:\/\/api.w.org\/{rel}","templated":true}]}}