{"id":17991,"date":"2019-04-09T22:53:06","date_gmt":"2019-04-09T22:53:06","guid":{"rendered":"https:\/\/octaedro.com\/producto\/la-formacion-del-profesorado-y-la-mejora-de-la-educacion\/"},"modified":"2023-04-25T10:04:04","modified_gmt":"2023-04-25T08:04:04","slug":"la-formacion-del-profesorado-y-la-mejora-de-la-educacion","status":"publish","type":"product","link":"https:\/\/wizardly-davinci.82-223-8-23.plesk.page\/en\/producto\/la-formacion-del-profesorado-y-la-mejora-de-la-educacion\/","title":{"rendered":"La formaci\u00f3n del profesorado y la mejora de la educaci\u00f3n"},"content":{"rendered":"<p>La formaci\u00f3n del profesorado entendida como desarrollo docente a lo largo de toda la carrera es uno de los factores m\u00e1s importantes para mejorar el servicio p\u00fablico de la educaci\u00f3n y avanzar en las garant\u00edas efectivas de este derecho a todas las personas. Promover pol\u00edticas y pr\u00e1cticas en esta materia exige interrogarse acerca del modelo de profesor necesario, los contenidos culturales que han de seleccionarse y las capacidades y compromisos con la profesi\u00f3n que han de desarrollarse. Desde un conjunto de an\u00e1lisis y balances del pasado y el presente a la luz de las valoraciones plurales que aparecen en cada uno de los cap\u00edtulos, el libro trata cuestiones abiertamente ideol\u00f3gicas e inexcusablemente pr\u00e1cticas, dimensiones te\u00f3ricas y pol\u00edticas, as\u00ed como tambi\u00e9n institucionales, personales y pr\u00e1cticas. Se analiza la formaci\u00f3n vigente y se proponen ciertas claves para pensarla y dise\u00f1arla de cara al futuro.<\/p>\n","protected":false},"excerpt":{"rendered":"<p>La formaci\u00f3n del profesorado entendida como desarrollo docente a lo largo de toda la carrera es uno de los factores m\u00e1s importantes para mejorar el servicio p\u00fablico de la educaci\u00f3n y avanzar en las garant\u00edas efectivas de este derecho a todas las personas. Promover pol\u00edticas y pr\u00e1cticas en esta materia exige interrogarse acerca del modelo de profesor necesario, los contenidos culturales que han de seleccionarse y las capacidades y compromisos con la profesi\u00f3n que han de desarrollarse. Desde un conjunto de an\u00e1lisis y balances del pasado y el presente a la luz de las valoraciones plurales que aparecen en cada uno de los cap\u00edtulos, el libro trata cuestiones abiertamente ideol\u00f3gicas e inexcusablemente pr\u00e1cticas, dimensiones te\u00f3ricas y pol\u00edticas, as\u00ed como tambi\u00e9n institucionales, personales y pr\u00e1cticas. Se analiza la formaci\u00f3n vigente y se proponen ciertas claves para pensarla y dise\u00f1arla de cara al futuro.<\/p>\n","protected":false},"featured_media":17992,"comment_status":"open","ping_status":"closed","template":"","meta":{"_et_pb_use_builder":"","_et_pb_old_content":"","_et_gb_content_width":""},"product_cat":[1512],"product_tag":[2602],"edicion":[1083],"editoriales":[1160],"tienda":[],"autor_id":[5429,5654],"universidades_coeditoras":[],"palabras_clave":[],"listado_alfabetico":[],"acf":[],"_links":{"self":[{"href":"https:\/\/wizardly-davinci.82-223-8-23.plesk.page\/en\/wp-json\/wp\/v2\/product\/17991"}],"collection":[{"href":"https:\/\/wizardly-davinci.82-223-8-23.plesk.page\/en\/wp-json\/wp\/v2\/product"}],"about":[{"href":"https:\/\/wizardly-davinci.82-223-8-23.plesk.page\/en\/wp-json\/wp\/v2\/types\/product"}],"replies":[{"embeddable":true,"href":"https:\/\/wizardly-davinci.82-223-8-23.plesk.page\/en\/wp-json\/wp\/v2\/comments?post=17991"}],"wp:featuredmedia":[{"embeddable":true,"href":"https:\/\/wizardly-davinci.82-223-8-23.plesk.page\/en\/wp-json\/wp\/v2\/media\/17992"}],"wp:attachment":[{"href":"https:\/\/wizardly-davinci.82-223-8-23.plesk.page\/en\/wp-json\/wp\/v2\/media?parent=17991"}],"wp:term":[{"taxonomy":"product_cat","embeddable":true,"href":"https:\/\/wizardly-davinci.82-223-8-23.plesk.page\/en\/wp-json\/wp\/v2\/product_cat?post=17991"},{"taxonomy":"product_tag","embeddable":true,"href":"https:\/\/wizardly-davinci.82-223-8-23.plesk.page\/en\/wp-json\/wp\/v2\/product_tag?post=17991"},{"taxonomy":"edicion","embeddable":true,"href":"https:\/\/wizardly-davinci.82-223-8-23.plesk.page\/en\/wp-json\/wp\/v2\/edicion?post=17991"},{"taxonomy":"editoriales","embeddable":true,"href":"https:\/\/wizardly-davinci.82-223-8-23.plesk.page\/en\/wp-json\/wp\/v2\/editoriales?post=17991"},{"taxonomy":"tienda","embeddable":true,"href":"https:\/\/wizardly-davinci.82-223-8-23.plesk.page\/en\/wp-json\/wp\/v2\/tienda?post=17991"},{"taxonomy":"autor_id","embeddable":true,"href":"https:\/\/wizardly-davinci.82-223-8-23.plesk.page\/en\/wp-json\/wp\/v2\/autor_id?post=17991"},{"taxonomy":"universidades_coeditoras","embeddable":true,"href":"https:\/\/wizardly-davinci.82-223-8-23.plesk.page\/en\/wp-json\/wp\/v2\/universidades_coeditoras?post=17991"},{"taxonomy":"palabras_clave","embeddable":true,"href":"https:\/\/wizardly-davinci.82-223-8-23.plesk.page\/en\/wp-json\/wp\/v2\/palabras_clave?post=17991"},{"taxonomy":"listado_alfabetico","embeddable":true,"href":"https:\/\/wizardly-davinci.82-223-8-23.plesk.page\/en\/wp-json\/wp\/v2\/listado_alfabetico?post=17991"}],"curies":[{"name":"wp","href":"https:\/\/api.w.org\/{rel}","templated":true}]}}