{"id":17995,"date":"2019-04-09T22:53:08","date_gmt":"2019-04-09T22:53:08","guid":{"rendered":"https:\/\/octaedro.com\/producto\/experiencias-docentes-y-tic\/"},"modified":"2023-04-25T10:04:20","modified_gmt":"2023-04-25T08:04:20","slug":"experiencias-docentes-y-tic","status":"publish","type":"product","link":"https:\/\/wizardly-davinci.82-223-8-23.plesk.page\/en\/producto\/experiencias-docentes-y-tic\/","title":{"rendered":"Experiencias docentes y TIC"},"content":{"rendered":"<p>El presente libro recoge las experiencias innovadoras apoyadas en el uso de las Tecnolog\u00edas de la Informaci\u00f3n y la Comunicaci\u00f3n (TIC) de un grupo de docentes de distintas \u00e1reas de conocimiento, pertenecientes a nueve universidades espa\u00f1olas: Universidad de Valencia, Universidad de Sevilla, Universidad Polit\u00e9cnica de Madrid, Universidad de Murcia, Universidad de Extremadura, Universidad de las Islas Baleares, Universidad de la Laguna, Universidad del Pa\u00eds Vasco y Universidad de Oviedo, desde la que se ha coordinado el presente monogr\u00e1fico.<\/p>\n","protected":false},"excerpt":{"rendered":"<p>El presente libro recoge las experiencias innovadoras apoyadas en el uso de las Tecnolog\u00edas de la Informaci\u00f3n y la Comunicaci\u00f3n (TIC) de un grupo de docentes de distintas \u00e1reas de conocimiento, pertenecientes a nueve universidades espa\u00f1olas: Universidad de Valencia, Universidad de Sevilla, Universidad Polit\u00e9cnica de Madrid, Universidad de Murcia, Universidad de Extremadura, Universidad de las Islas Baleares, Universidad de la Laguna, Universidad del Pa\u00eds Vasco y Universidad de Oviedo, desde la que se ha coordinado el presente monogr\u00e1fico.<\/p>\n","protected":false},"featured_media":17996,"comment_status":"open","ping_status":"closed","template":"","meta":{"_et_pb_use_builder":"","_et_pb_old_content":"","_et_gb_content_width":""},"product_cat":[1512,6675],"product_tag":[2602],"edicion":[1083],"editoriales":[1160],"tienda":[],"autor_id":[6001,6268],"universidades_coeditoras":[],"palabras_clave":[],"listado_alfabetico":[],"acf":[],"_links":{"self":[{"href":"https:\/\/wizardly-davinci.82-223-8-23.plesk.page\/en\/wp-json\/wp\/v2\/product\/17995"}],"collection":[{"href":"https:\/\/wizardly-davinci.82-223-8-23.plesk.page\/en\/wp-json\/wp\/v2\/product"}],"about":[{"href":"https:\/\/wizardly-davinci.82-223-8-23.plesk.page\/en\/wp-json\/wp\/v2\/types\/product"}],"replies":[{"embeddable":true,"href":"https:\/\/wizardly-davinci.82-223-8-23.plesk.page\/en\/wp-json\/wp\/v2\/comments?post=17995"}],"wp:featuredmedia":[{"embeddable":true,"href":"https:\/\/wizardly-davinci.82-223-8-23.plesk.page\/en\/wp-json\/wp\/v2\/media\/17996"}],"wp:attachment":[{"href":"https:\/\/wizardly-davinci.82-223-8-23.plesk.page\/en\/wp-json\/wp\/v2\/media?parent=17995"}],"wp:term":[{"taxonomy":"product_cat","embeddable":true,"href":"https:\/\/wizardly-davinci.82-223-8-23.plesk.page\/en\/wp-json\/wp\/v2\/product_cat?post=17995"},{"taxonomy":"product_tag","embeddable":true,"href":"https:\/\/wizardly-davinci.82-223-8-23.plesk.page\/en\/wp-json\/wp\/v2\/product_tag?post=17995"},{"taxonomy":"edicion","embeddable":true,"href":"https:\/\/wizardly-davinci.82-223-8-23.plesk.page\/en\/wp-json\/wp\/v2\/edicion?post=17995"},{"taxonomy":"editoriales","embeddable":true,"href":"https:\/\/wizardly-davinci.82-223-8-23.plesk.page\/en\/wp-json\/wp\/v2\/editoriales?post=17995"},{"taxonomy":"tienda","embeddable":true,"href":"https:\/\/wizardly-davinci.82-223-8-23.plesk.page\/en\/wp-json\/wp\/v2\/tienda?post=17995"},{"taxonomy":"autor_id","embeddable":true,"href":"https:\/\/wizardly-davinci.82-223-8-23.plesk.page\/en\/wp-json\/wp\/v2\/autor_id?post=17995"},{"taxonomy":"universidades_coeditoras","embeddable":true,"href":"https:\/\/wizardly-davinci.82-223-8-23.plesk.page\/en\/wp-json\/wp\/v2\/universidades_coeditoras?post=17995"},{"taxonomy":"palabras_clave","embeddable":true,"href":"https:\/\/wizardly-davinci.82-223-8-23.plesk.page\/en\/wp-json\/wp\/v2\/palabras_clave?post=17995"},{"taxonomy":"listado_alfabetico","embeddable":true,"href":"https:\/\/wizardly-davinci.82-223-8-23.plesk.page\/en\/wp-json\/wp\/v2\/listado_alfabetico?post=17995"}],"curies":[{"name":"wp","href":"https:\/\/api.w.org\/{rel}","templated":true}]}}