{"id":18001,"date":"2019-04-09T22:53:09","date_gmt":"2019-04-09T22:53:09","guid":{"rendered":"https:\/\/octaedro.com\/producto\/claves-para-una-ensenanza-artistico-creativa-la-dramatizacion\/"},"modified":"2023-04-25T10:04:41","modified_gmt":"2023-04-25T08:04:41","slug":"claves-para-una-ensenanza-artistico-creativa-la-dramatizacion","status":"publish","type":"product","link":"https:\/\/wizardly-davinci.82-223-8-23.plesk.page\/en\/producto\/claves-para-una-ensenanza-artistico-creativa-la-dramatizacion\/","title":{"rendered":"Claves para una ense\u00f1anza art\u00edstico-creativa"},"content":{"rendered":"<p>Este libro est\u00e1 referido espec\u00edficamente a la dramatizaci\u00f3n, considerenado la misma como un excelente medio para contribuir al crecimiento de las personas a trav\u00e9s de la Educaci\u00f3n. Con esta obra los autores pretenden ofrecer una visi\u00f3n personal sobre el tema combinando el proceso de la dramatizaci\u00f3n con otros aspectos relevantes para la educaci\u00f3n de hoy en d\u00eda como son las inteligencias m\u00faltiples o la pedagog\u00eda est\u00e9tica. Los autores quieren ofrecer a la comunidad educativa, representada por profesorado, bibliotecarios, padres, madres y alumnado una obra de car\u00e1cter te\u00f3rico-pr\u00e1ctico que ayude a mejorar la calidad de los procesos de ense\u00f1anza y aprendizaje y, sobre todo, que a\u00fane en los mismos las vertientes l\u00fadica y formativa.Esta obra queda dividida en tres partes. La primera est\u00e1 referida espec\u00edficamente a la dramatizaci\u00f3n, trabajando su definici\u00f3n, caracter\u00edsticas y dimensiones; adem\u00e1s se establece la relaci\u00f3n entre la dramatizaci\u00f3n y las inteligencias m\u00faltiples. En la segunda parte se tratan aspectos referidos a la teor\u00eda teatral transitando por los conceptos de distintos autores y su aplicaci\u00f3n did\u00e1ctica. Y en la tercera, se sugieren una serie de propuestas did\u00e1cticas orientadas a la Educaci\u00f3n Infantil y a la Educaci\u00f3n Primaria haciendo expl\u00edcita la uni\u00f3n entre teor\u00eda y pr\u00e1ctica.<\/p>\n","protected":false},"excerpt":{"rendered":"<p>Este libro est\u00e1 referido espec\u00edficamente a la dramatizaci\u00f3n, considerenado la misma como un excelente medio para contribuir al crecimiento de las personas a trav\u00e9s de la Educaci\u00f3n. Con esta obra los autores pretenden ofrecer una visi\u00f3n personal sobre el tema combinando el proceso de la dramatizaci\u00f3n con otros aspectos relevantes para la educaci\u00f3n de hoy en d\u00eda como son las inteligencias m\u00faltiples o la pedagog\u00eda est\u00e9tica. Los autores quieren ofrecer a la comunidad educativa, representada por profesorado, bibliotecarios, padres, madres y alumnado una obra de car\u00e1cter te\u00f3rico-pr\u00e1ctico que ayude a mejorar la calidad de los procesos de ense\u00f1anza y aprendizaje y, sobre todo, que a\u00fane en los mismos las vertientes l\u00fadica y formativa.Esta obra queda dividida en tres partes. La primera est\u00e1 referida espec\u00edficamente a la dramatizaci\u00f3n, trabajando su definici\u00f3n, caracter\u00edsticas y dimensiones; adem\u00e1s se establece la relaci\u00f3n entre la dramatizaci\u00f3n y las inteligencias m\u00faltiples. En la segunda parte se tratan aspectos referidos a la teor\u00eda teatral transitando por los conceptos de distintos autores y su aplicaci\u00f3n did\u00e1ctica. Y en la tercera, se sugieren una serie de propuestas did\u00e1cticas orientadas a la Educaci\u00f3n Infantil y a la Educaci\u00f3n Primaria haciendo expl\u00edcita la uni\u00f3n entre teor\u00eda y pr\u00e1ctica.<\/p>\n","protected":false},"featured_media":18002,"comment_status":"open","ping_status":"closed","template":"","meta":{"_et_pb_use_builder":"","_et_pb_old_content":"","_et_gb_content_width":""},"product_cat":[1512,6675],"product_tag":[2602],"edicion":[1083],"editoriales":[1160],"tienda":[],"autor_id":[5416,5739,5859],"universidades_coeditoras":[],"palabras_clave":[],"listado_alfabetico":[],"acf":[],"_links":{"self":[{"href":"https:\/\/wizardly-davinci.82-223-8-23.plesk.page\/en\/wp-json\/wp\/v2\/product\/18001"}],"collection":[{"href":"https:\/\/wizardly-davinci.82-223-8-23.plesk.page\/en\/wp-json\/wp\/v2\/product"}],"about":[{"href":"https:\/\/wizardly-davinci.82-223-8-23.plesk.page\/en\/wp-json\/wp\/v2\/types\/product"}],"replies":[{"embeddable":true,"href":"https:\/\/wizardly-davinci.82-223-8-23.plesk.page\/en\/wp-json\/wp\/v2\/comments?post=18001"}],"wp:featuredmedia":[{"embeddable":true,"href":"https:\/\/wizardly-davinci.82-223-8-23.plesk.page\/en\/wp-json\/wp\/v2\/media\/18002"}],"wp:attachment":[{"href":"https:\/\/wizardly-davinci.82-223-8-23.plesk.page\/en\/wp-json\/wp\/v2\/media?parent=18001"}],"wp:term":[{"taxonomy":"product_cat","embeddable":true,"href":"https:\/\/wizardly-davinci.82-223-8-23.plesk.page\/en\/wp-json\/wp\/v2\/product_cat?post=18001"},{"taxonomy":"product_tag","embeddable":true,"href":"https:\/\/wizardly-davinci.82-223-8-23.plesk.page\/en\/wp-json\/wp\/v2\/product_tag?post=18001"},{"taxonomy":"edicion","embeddable":true,"href":"https:\/\/wizardly-davinci.82-223-8-23.plesk.page\/en\/wp-json\/wp\/v2\/edicion?post=18001"},{"taxonomy":"editoriales","embeddable":true,"href":"https:\/\/wizardly-davinci.82-223-8-23.plesk.page\/en\/wp-json\/wp\/v2\/editoriales?post=18001"},{"taxonomy":"tienda","embeddable":true,"href":"https:\/\/wizardly-davinci.82-223-8-23.plesk.page\/en\/wp-json\/wp\/v2\/tienda?post=18001"},{"taxonomy":"autor_id","embeddable":true,"href":"https:\/\/wizardly-davinci.82-223-8-23.plesk.page\/en\/wp-json\/wp\/v2\/autor_id?post=18001"},{"taxonomy":"universidades_coeditoras","embeddable":true,"href":"https:\/\/wizardly-davinci.82-223-8-23.plesk.page\/en\/wp-json\/wp\/v2\/universidades_coeditoras?post=18001"},{"taxonomy":"palabras_clave","embeddable":true,"href":"https:\/\/wizardly-davinci.82-223-8-23.plesk.page\/en\/wp-json\/wp\/v2\/palabras_clave?post=18001"},{"taxonomy":"listado_alfabetico","embeddable":true,"href":"https:\/\/wizardly-davinci.82-223-8-23.plesk.page\/en\/wp-json\/wp\/v2\/listado_alfabetico?post=18001"}],"curies":[{"name":"wp","href":"https:\/\/api.w.org\/{rel}","templated":true}]}}