{"id":18003,"date":"2019-04-09T22:53:09","date_gmt":"2019-04-09T22:53:09","guid":{"rendered":"https:\/\/octaedro.com\/producto\/voz-y-educacion\/"},"modified":"2023-04-25T10:04:50","modified_gmt":"2023-04-25T08:04:50","slug":"voz-y-educacion","status":"publish","type":"product","link":"https:\/\/wizardly-davinci.82-223-8-23.plesk.page\/en\/producto\/voz-y-educacion\/","title":{"rendered":"Voz y educaci\u00f3n"},"content":{"rendered":"<p>\u201cEste es un libro de resistencia. Venera lo personal y celebra la subjetividad en un mundo donde algunas usan este t\u00e9rmino como una condena y como algo irrelevante\u201d. Esta afirmaci\u00f3n de <span class=\"destacat\">Saville Kushner<\/span>, en el pr\u00f3logo de esta obra, da fe del contenido de la misma. Es tambi\u00e9n un libro plural, ya que representa un coro de voces diferentes, tanto en cuanto a los protagonistas, los sujetos de las investigaciones que se presentan, como por las diferentes miradas de los autores de los distintos cap\u00edtulos: sujetos escolares, escolares adultos, sujetos con capacidades diferentes, docentes universitarios, docentes en la escuela, menores infractores e inmigrantes mediadores. Son voces que nos hablan de realidades complejas que ponen de manifiesto el valor de la narraci\u00f3n como interpretaci\u00f3n de la realidad, mediante la cual podemos vivir y transformar nuestra propia historia, que no es sino la historia compartida de todas y de todos.<\/p>\n<p>Tambi\u00e9n es un libro inacabado, ya que s\u00f3lo en el lector, en el encuentro intersubjetivo, encuentra su significado. Va dirigido, por tanto, a los que sienten y viven la educaci\u00f3n como un compromiso personal, cultural y pol\u00edtico. Estudiantes y profesionales pueden encontrar en \u00e9l espejos donde mirar el mundo y huellas para interpretarlo. Pero tambi\u00e9n es una obra para los investigadores que se preocupan por las personas, y no tanto por los est\u00e1ndares de producci\u00f3n; y ello desde la rigurosidad epistemol\u00f3gica y conceptual.<\/p>\n","protected":false},"excerpt":{"rendered":"<p>\u201cEste es un libro de resistencia. Venera lo personal y celebra la subjetividad en un mundo donde algunas usan este t\u00e9rmino como una condena y como algo irrelevante\u201d. Esta afirmaci\u00f3n de <span class=\"destacat\">Saville Kushner<\/span>, en el pr\u00f3logo de esta obra, da fe del contenido de la misma. Es tambi\u00e9n un libro plural, ya que representa un coro de voces diferentes, tanto en cuanto a los protagonistas, los sujetos de las investigaciones que se presentan, como por las diferentes miradas de los autores de los distintos cap\u00edtulos: sujetos escolares, escolares adultos, sujetos con capacidades diferentes, docentes universitarios, docentes en la escuela, menores infractores e inmigrantes mediadores. Son voces que nos hablan de realidades complejas que ponen de manifiesto el valor de la narraci\u00f3n como interpretaci\u00f3n de la realidad, mediante la cual podemos vivir y transformar nuestra propia historia, que no es sino la historia compartida de todas y de todos.<\/p>\n<p>Tambi\u00e9n es un libro inacabado, ya que s\u00f3lo en el lector, en el encuentro intersubjetivo, encuentra su significado. Va dirigido, por tanto, a los que sienten y viven la educaci\u00f3n como un compromiso personal, cultural y pol\u00edtico. Estudiantes y profesionales pueden encontrar en \u00e9l espejos donde mirar el mundo y huellas para interpretarlo. Pero tambi\u00e9n es una obra para los investigadores que se preocupan por las personas, y no tanto por los est\u00e1ndares de producci\u00f3n; y ello desde la rigurosidad epistemol\u00f3gica y conceptual.<\/p>\n","protected":false},"featured_media":18004,"comment_status":"open","ping_status":"closed","template":"","meta":{"_et_pb_use_builder":"","_et_pb_old_content":"","_et_gb_content_width":""},"product_cat":[1512,6936,6675],"product_tag":[2602],"edicion":[1083],"editoriales":[1160],"tienda":[],"autor_id":[5684,6251],"universidades_coeditoras":[],"palabras_clave":[],"listado_alfabetico":[],"acf":[],"_links":{"self":[{"href":"https:\/\/wizardly-davinci.82-223-8-23.plesk.page\/en\/wp-json\/wp\/v2\/product\/18003"}],"collection":[{"href":"https:\/\/wizardly-davinci.82-223-8-23.plesk.page\/en\/wp-json\/wp\/v2\/product"}],"about":[{"href":"https:\/\/wizardly-davinci.82-223-8-23.plesk.page\/en\/wp-json\/wp\/v2\/types\/product"}],"replies":[{"embeddable":true,"href":"https:\/\/wizardly-davinci.82-223-8-23.plesk.page\/en\/wp-json\/wp\/v2\/comments?post=18003"}],"wp:featuredmedia":[{"embeddable":true,"href":"https:\/\/wizardly-davinci.82-223-8-23.plesk.page\/en\/wp-json\/wp\/v2\/media\/18004"}],"wp:attachment":[{"href":"https:\/\/wizardly-davinci.82-223-8-23.plesk.page\/en\/wp-json\/wp\/v2\/media?parent=18003"}],"wp:term":[{"taxonomy":"product_cat","embeddable":true,"href":"https:\/\/wizardly-davinci.82-223-8-23.plesk.page\/en\/wp-json\/wp\/v2\/product_cat?post=18003"},{"taxonomy":"product_tag","embeddable":true,"href":"https:\/\/wizardly-davinci.82-223-8-23.plesk.page\/en\/wp-json\/wp\/v2\/product_tag?post=18003"},{"taxonomy":"edicion","embeddable":true,"href":"https:\/\/wizardly-davinci.82-223-8-23.plesk.page\/en\/wp-json\/wp\/v2\/edicion?post=18003"},{"taxonomy":"editoriales","embeddable":true,"href":"https:\/\/wizardly-davinci.82-223-8-23.plesk.page\/en\/wp-json\/wp\/v2\/editoriales?post=18003"},{"taxonomy":"tienda","embeddable":true,"href":"https:\/\/wizardly-davinci.82-223-8-23.plesk.page\/en\/wp-json\/wp\/v2\/tienda?post=18003"},{"taxonomy":"autor_id","embeddable":true,"href":"https:\/\/wizardly-davinci.82-223-8-23.plesk.page\/en\/wp-json\/wp\/v2\/autor_id?post=18003"},{"taxonomy":"universidades_coeditoras","embeddable":true,"href":"https:\/\/wizardly-davinci.82-223-8-23.plesk.page\/en\/wp-json\/wp\/v2\/universidades_coeditoras?post=18003"},{"taxonomy":"palabras_clave","embeddable":true,"href":"https:\/\/wizardly-davinci.82-223-8-23.plesk.page\/en\/wp-json\/wp\/v2\/palabras_clave?post=18003"},{"taxonomy":"listado_alfabetico","embeddable":true,"href":"https:\/\/wizardly-davinci.82-223-8-23.plesk.page\/en\/wp-json\/wp\/v2\/listado_alfabetico?post=18003"}],"curies":[{"name":"wp","href":"https:\/\/api.w.org\/{rel}","templated":true}]}}