{"id":18009,"date":"2019-04-09T22:53:10","date_gmt":"2019-04-09T22:53:10","guid":{"rendered":"https:\/\/octaedro.com\/producto\/la-cultura-innovadora-de-las-universidades\/"},"modified":"2023-04-25T10:05:11","modified_gmt":"2023-04-25T08:05:11","slug":"la-cultura-innovadora-de-las-universidades","status":"publish","type":"product","link":"https:\/\/wizardly-davinci.82-223-8-23.plesk.page\/en\/producto\/la-cultura-innovadora-de-las-universidades\/","title":{"rendered":"La cultura innovadora de las universidades"},"content":{"rendered":"<p>Muchos son los retos que las universidades est\u00e1n teniendo para seguir siendo la instituci\u00f3n de referencia en la creaci\u00f3n, divulgaci\u00f3n y transferencia de conocimiento. Para ello han tenido que innovar el curr\u00edculum y las metodolog\u00edas did\u00e1cticas, la gesti\u00f3n de sus recursos y procesos, las pol\u00edticas sociales, etc. De todas estas innovaciones trata este libro, describi\u00e9ndolas y analiz\u00e1ndolas.<br \/>\nEl libro es fruto de una investigaci\u00f3n realizada en varias universidades catalanas. Adem\u00e1s, se presenta un modelo para describir y analizar todo tipo de innovaci\u00f3n universitaria.<br \/>\nEl contenido de la obra puede interesar tanto a los investigadores en temas de innovaci\u00f3n educativa y organizacional como al profesorado universitario en general, y a todo aquel que tenga curiosidad por lo que acontece en el seno de las universidades.<\/p>\n","protected":false},"excerpt":{"rendered":"<p>Muchos son los retos que las universidades est\u00e1n teniendo para seguir siendo la instituci\u00f3n de referencia en la creaci\u00f3n, divulgaci\u00f3n y transferencia de conocimiento. Para ello han tenido que innovar el curr\u00edculum y las metodolog\u00edas did\u00e1cticas, la gesti\u00f3n de sus recursos y procesos, las pol\u00edticas sociales, etc. De todas estas innovaciones trata este libro, describi\u00e9ndolas y analiz\u00e1ndolas.<br \/>\nEl libro es fruto de una investigaci\u00f3n realizada en varias universidades catalanas. Adem\u00e1s, se presenta un modelo para describir y analizar todo tipo de innovaci\u00f3n universitaria.<br \/>\nEl contenido de la obra puede interesar tanto a los investigadores en temas de innovaci\u00f3n educativa y organizacional como al profesorado universitario en general, y a todo aquel que tenga curiosidad por lo que acontece en el seno de las universidades.<\/p>\n","protected":false},"featured_media":18010,"comment_status":"open","ping_status":"closed","template":"","meta":{"_et_pb_use_builder":"","_et_pb_old_content":"","_et_gb_content_width":""},"product_cat":[1512,6944,6936,6675],"product_tag":[2602],"edicion":[1083],"editoriales":[1160],"tienda":[],"autor_id":[5178,5264,5455,5518,6493],"universidades_coeditoras":[],"palabras_clave":[],"listado_alfabetico":[],"acf":[],"_links":{"self":[{"href":"https:\/\/wizardly-davinci.82-223-8-23.plesk.page\/en\/wp-json\/wp\/v2\/product\/18009"}],"collection":[{"href":"https:\/\/wizardly-davinci.82-223-8-23.plesk.page\/en\/wp-json\/wp\/v2\/product"}],"about":[{"href":"https:\/\/wizardly-davinci.82-223-8-23.plesk.page\/en\/wp-json\/wp\/v2\/types\/product"}],"replies":[{"embeddable":true,"href":"https:\/\/wizardly-davinci.82-223-8-23.plesk.page\/en\/wp-json\/wp\/v2\/comments?post=18009"}],"wp:featuredmedia":[{"embeddable":true,"href":"https:\/\/wizardly-davinci.82-223-8-23.plesk.page\/en\/wp-json\/wp\/v2\/media\/18010"}],"wp:attachment":[{"href":"https:\/\/wizardly-davinci.82-223-8-23.plesk.page\/en\/wp-json\/wp\/v2\/media?parent=18009"}],"wp:term":[{"taxonomy":"product_cat","embeddable":true,"href":"https:\/\/wizardly-davinci.82-223-8-23.plesk.page\/en\/wp-json\/wp\/v2\/product_cat?post=18009"},{"taxonomy":"product_tag","embeddable":true,"href":"https:\/\/wizardly-davinci.82-223-8-23.plesk.page\/en\/wp-json\/wp\/v2\/product_tag?post=18009"},{"taxonomy":"edicion","embeddable":true,"href":"https:\/\/wizardly-davinci.82-223-8-23.plesk.page\/en\/wp-json\/wp\/v2\/edicion?post=18009"},{"taxonomy":"editoriales","embeddable":true,"href":"https:\/\/wizardly-davinci.82-223-8-23.plesk.page\/en\/wp-json\/wp\/v2\/editoriales?post=18009"},{"taxonomy":"tienda","embeddable":true,"href":"https:\/\/wizardly-davinci.82-223-8-23.plesk.page\/en\/wp-json\/wp\/v2\/tienda?post=18009"},{"taxonomy":"autor_id","embeddable":true,"href":"https:\/\/wizardly-davinci.82-223-8-23.plesk.page\/en\/wp-json\/wp\/v2\/autor_id?post=18009"},{"taxonomy":"universidades_coeditoras","embeddable":true,"href":"https:\/\/wizardly-davinci.82-223-8-23.plesk.page\/en\/wp-json\/wp\/v2\/universidades_coeditoras?post=18009"},{"taxonomy":"palabras_clave","embeddable":true,"href":"https:\/\/wizardly-davinci.82-223-8-23.plesk.page\/en\/wp-json\/wp\/v2\/palabras_clave?post=18009"},{"taxonomy":"listado_alfabetico","embeddable":true,"href":"https:\/\/wizardly-davinci.82-223-8-23.plesk.page\/en\/wp-json\/wp\/v2\/listado_alfabetico?post=18009"}],"curies":[{"name":"wp","href":"https:\/\/api.w.org\/{rel}","templated":true}]}}