{"id":18011,"date":"2019-04-09T22:53:10","date_gmt":"2019-04-09T22:53:10","guid":{"rendered":"https:\/\/octaedro.com\/producto\/aspectos-de-historia-social-de-la-linguistica\/"},"modified":"2023-04-25T10:05:20","modified_gmt":"2023-04-25T08:05:20","slug":"aspectos-de-historia-social-de-la-linguistica","status":"publish","type":"product","link":"https:\/\/wizardly-davinci.82-223-8-23.plesk.page\/en\/producto\/aspectos-de-historia-social-de-la-linguistica\/","title":{"rendered":"Aspectos de historia social y ling\u00fc\u00edstica"},"content":{"rendered":"<p>Como su propio t\u00edtulo sugiere, <span class=\"destacat\">Aspectos de historia social de la ling\u00fc\u00edstica<\/span> pretende ser una aproximaci\u00f3n a la trayectoria que ha seguido una disciplina que se ocupa de algo tan vitalmente cotidiano como es el lenguaje humano. Se realiza esa aproximaci\u00f3n desde la modestia, aunque no por ello descargarda de compromiso. Desde la modestia porque solo se abordan algunos aspectos, sin pretender agotar ni el tema ni el enfoque adoptado para examinarlo. Pero justo ese enfoque acepta un compromiso del que en todo momento se es consciente: incorporar una lectura social de la ciencia ling\u00fc\u00edstica, hecha desde la modernidad y que ha incorporado el paradigma historiogr\u00e1fico integral. Lo que hoy el lector tiene en sus manos es la primera parte de la obra, la que cubre el amplio lapso temporal que va desde la aparici\u00f3n de la escritura en la Antigua Mesopotamia hasta los \u00faltimos modelos del XIX. Su continuidad, b\u00e1sicamente la ling\u00fc\u00edstica del siglo XX, con sus precursores incluidos, se reserva para un segundo volumen que mantiene las mismas directrices te\u00f3ricas y metodol\u00f3gicas.<\/p>\n","protected":false},"excerpt":{"rendered":"<p>Como su propio t\u00edtulo sugiere, <span class=\"destacat\">Aspectos de historia social de la ling\u00fc\u00edstica<\/span> pretende ser una aproximaci\u00f3n a la trayectoria que ha seguido una disciplina que se ocupa de algo tan vitalmente cotidiano como es el lenguaje humano. Se realiza esa aproximaci\u00f3n desde la modestia, aunque no por ello descargarda de compromiso. Desde la modestia porque solo se abordan algunos aspectos, sin pretender agotar ni el tema ni el enfoque adoptado para examinarlo. Pero justo ese enfoque acepta un compromiso del que en todo momento se es consciente: incorporar una lectura social de la ciencia ling\u00fc\u00edstica, hecha desde la modernidad y que ha incorporado el paradigma historiogr\u00e1fico integral. Lo que hoy el lector tiene en sus manos es la primera parte de la obra, la que cubre el amplio lapso temporal que va desde la aparici\u00f3n de la escritura en la Antigua Mesopotamia hasta los \u00faltimos modelos del XIX. Su continuidad, b\u00e1sicamente la ling\u00fc\u00edstica del siglo XX, con sus precursores incluidos, se reserva para un segundo volumen que mantiene las mismas directrices te\u00f3ricas y metodol\u00f3gicas.<\/p>\n","protected":false},"featured_media":18012,"comment_status":"open","ping_status":"closed","template":"","meta":{"_et_pb_use_builder":"","_et_pb_old_content":"","_et_gb_content_width":""},"product_cat":[1512,6675],"product_tag":[2602],"edicion":[1083],"editoriales":[1160],"tienda":[],"autor_id":[5549],"universidades_coeditoras":[],"palabras_clave":[],"listado_alfabetico":[],"acf":[],"_links":{"self":[{"href":"https:\/\/wizardly-davinci.82-223-8-23.plesk.page\/en\/wp-json\/wp\/v2\/product\/18011"}],"collection":[{"href":"https:\/\/wizardly-davinci.82-223-8-23.plesk.page\/en\/wp-json\/wp\/v2\/product"}],"about":[{"href":"https:\/\/wizardly-davinci.82-223-8-23.plesk.page\/en\/wp-json\/wp\/v2\/types\/product"}],"replies":[{"embeddable":true,"href":"https:\/\/wizardly-davinci.82-223-8-23.plesk.page\/en\/wp-json\/wp\/v2\/comments?post=18011"}],"wp:featuredmedia":[{"embeddable":true,"href":"https:\/\/wizardly-davinci.82-223-8-23.plesk.page\/en\/wp-json\/wp\/v2\/media\/18012"}],"wp:attachment":[{"href":"https:\/\/wizardly-davinci.82-223-8-23.plesk.page\/en\/wp-json\/wp\/v2\/media?parent=18011"}],"wp:term":[{"taxonomy":"product_cat","embeddable":true,"href":"https:\/\/wizardly-davinci.82-223-8-23.plesk.page\/en\/wp-json\/wp\/v2\/product_cat?post=18011"},{"taxonomy":"product_tag","embeddable":true,"href":"https:\/\/wizardly-davinci.82-223-8-23.plesk.page\/en\/wp-json\/wp\/v2\/product_tag?post=18011"},{"taxonomy":"edicion","embeddable":true,"href":"https:\/\/wizardly-davinci.82-223-8-23.plesk.page\/en\/wp-json\/wp\/v2\/edicion?post=18011"},{"taxonomy":"editoriales","embeddable":true,"href":"https:\/\/wizardly-davinci.82-223-8-23.plesk.page\/en\/wp-json\/wp\/v2\/editoriales?post=18011"},{"taxonomy":"tienda","embeddable":true,"href":"https:\/\/wizardly-davinci.82-223-8-23.plesk.page\/en\/wp-json\/wp\/v2\/tienda?post=18011"},{"taxonomy":"autor_id","embeddable":true,"href":"https:\/\/wizardly-davinci.82-223-8-23.plesk.page\/en\/wp-json\/wp\/v2\/autor_id?post=18011"},{"taxonomy":"universidades_coeditoras","embeddable":true,"href":"https:\/\/wizardly-davinci.82-223-8-23.plesk.page\/en\/wp-json\/wp\/v2\/universidades_coeditoras?post=18011"},{"taxonomy":"palabras_clave","embeddable":true,"href":"https:\/\/wizardly-davinci.82-223-8-23.plesk.page\/en\/wp-json\/wp\/v2\/palabras_clave?post=18011"},{"taxonomy":"listado_alfabetico","embeddable":true,"href":"https:\/\/wizardly-davinci.82-223-8-23.plesk.page\/en\/wp-json\/wp\/v2\/listado_alfabetico?post=18011"}],"curies":[{"name":"wp","href":"https:\/\/api.w.org\/{rel}","templated":true}]}}