{"id":18013,"date":"2019-04-09T22:53:10","date_gmt":"2019-04-09T22:53:10","guid":{"rendered":"https:\/\/octaedro.com\/producto\/la-universidad-vista-desde-la-perspectiva-de-genero\/"},"modified":"2023-04-25T10:05:27","modified_gmt":"2023-04-25T08:05:27","slug":"la-universidad-vista-desde-la-perspectiva-de-genero","status":"publish","type":"product","link":"https:\/\/wizardly-davinci.82-223-8-23.plesk.page\/en\/producto\/la-universidad-vista-desde-la-perspectiva-de-genero\/","title":{"rendered":"La universidad vista desde la perspectiva de g\u00e9nero"},"content":{"rendered":"<p>Los estudios acerca de la presencia de mujeres en diferentes \u00e1mbitos de la sociedad han aumentado en los \u00faltimos a\u00f1os. La universidad ha sido uno de estos espacios objeto de estudio y diversos organismos (Ministerio de Igualdad, Institut de la dona, AGAUR, etc.) han lanzado convocatorias que han dado cobertura a muchas de estas investigaciones (algunas de las cuales se relatan en los diversos cap\u00edtulos de este libro).<br \/>\nEn esta obra se recogen diversos trabajos dirigidos a investigar el rol de las mujeres en los terrenos de la docencia, la investigaci\u00f3n y la gesti\u00f3n universitaria. En concreto se trata el liderazgo ejercido por las directoras y decanas en las universidades catalanas, el rol de las profesoras como investigadoras y como docentes y la visibilidad de todas ellas en la universidad.<br \/>\nEste libro puede ser de inter\u00e9s a los promotores de pol\u00edticas de igualdad de g\u00e9nero, administradores y gestores de la educaci\u00f3n superior, as\u00ed como a todo el profesorado preocupado por los temas de igualdad y visibilidad de las profesoras en la universidad.<\/p>\n","protected":false},"excerpt":{"rendered":"<p>Los estudios acerca de la presencia de mujeres en diferentes \u00e1mbitos de la sociedad han aumentado en los \u00faltimos a\u00f1os. La universidad ha sido uno de estos espacios objeto de estudio y diversos organismos (Ministerio de Igualdad, Institut de la dona, AGAUR, etc.) han lanzado convocatorias que han dado cobertura a muchas de estas investigaciones (algunas de las cuales se relatan en los diversos cap\u00edtulos de este libro).<br \/>\nEn esta obra se recogen diversos trabajos dirigidos a investigar el rol de las mujeres en los terrenos de la docencia, la investigaci\u00f3n y la gesti\u00f3n universitaria. En concreto se trata el liderazgo ejercido por las directoras y decanas en las universidades catalanas, el rol de las profesoras como investigadoras y como docentes y la visibilidad de todas ellas en la universidad.<br \/>\nEste libro puede ser de inter\u00e9s a los promotores de pol\u00edticas de igualdad de g\u00e9nero, administradores y gestores de la educaci\u00f3n superior, as\u00ed como a todo el profesorado preocupado por los temas de igualdad y visibilidad de las profesoras en la universidad.<\/p>\n","protected":false},"featured_media":18014,"comment_status":"open","ping_status":"closed","template":"","meta":{"_et_pb_use_builder":"","_et_pb_old_content":"","_et_gb_content_width":""},"product_cat":[1512,6936,6675],"product_tag":[2602],"edicion":[1083],"editoriales":[1160],"tienda":[],"autor_id":[6493],"universidades_coeditoras":[],"palabras_clave":[],"listado_alfabetico":[],"acf":[],"_links":{"self":[{"href":"https:\/\/wizardly-davinci.82-223-8-23.plesk.page\/en\/wp-json\/wp\/v2\/product\/18013"}],"collection":[{"href":"https:\/\/wizardly-davinci.82-223-8-23.plesk.page\/en\/wp-json\/wp\/v2\/product"}],"about":[{"href":"https:\/\/wizardly-davinci.82-223-8-23.plesk.page\/en\/wp-json\/wp\/v2\/types\/product"}],"replies":[{"embeddable":true,"href":"https:\/\/wizardly-davinci.82-223-8-23.plesk.page\/en\/wp-json\/wp\/v2\/comments?post=18013"}],"wp:featuredmedia":[{"embeddable":true,"href":"https:\/\/wizardly-davinci.82-223-8-23.plesk.page\/en\/wp-json\/wp\/v2\/media\/18014"}],"wp:attachment":[{"href":"https:\/\/wizardly-davinci.82-223-8-23.plesk.page\/en\/wp-json\/wp\/v2\/media?parent=18013"}],"wp:term":[{"taxonomy":"product_cat","embeddable":true,"href":"https:\/\/wizardly-davinci.82-223-8-23.plesk.page\/en\/wp-json\/wp\/v2\/product_cat?post=18013"},{"taxonomy":"product_tag","embeddable":true,"href":"https:\/\/wizardly-davinci.82-223-8-23.plesk.page\/en\/wp-json\/wp\/v2\/product_tag?post=18013"},{"taxonomy":"edicion","embeddable":true,"href":"https:\/\/wizardly-davinci.82-223-8-23.plesk.page\/en\/wp-json\/wp\/v2\/edicion?post=18013"},{"taxonomy":"editoriales","embeddable":true,"href":"https:\/\/wizardly-davinci.82-223-8-23.plesk.page\/en\/wp-json\/wp\/v2\/editoriales?post=18013"},{"taxonomy":"tienda","embeddable":true,"href":"https:\/\/wizardly-davinci.82-223-8-23.plesk.page\/en\/wp-json\/wp\/v2\/tienda?post=18013"},{"taxonomy":"autor_id","embeddable":true,"href":"https:\/\/wizardly-davinci.82-223-8-23.plesk.page\/en\/wp-json\/wp\/v2\/autor_id?post=18013"},{"taxonomy":"universidades_coeditoras","embeddable":true,"href":"https:\/\/wizardly-davinci.82-223-8-23.plesk.page\/en\/wp-json\/wp\/v2\/universidades_coeditoras?post=18013"},{"taxonomy":"palabras_clave","embeddable":true,"href":"https:\/\/wizardly-davinci.82-223-8-23.plesk.page\/en\/wp-json\/wp\/v2\/palabras_clave?post=18013"},{"taxonomy":"listado_alfabetico","embeddable":true,"href":"https:\/\/wizardly-davinci.82-223-8-23.plesk.page\/en\/wp-json\/wp\/v2\/listado_alfabetico?post=18013"}],"curies":[{"name":"wp","href":"https:\/\/api.w.org\/{rel}","templated":true}]}}