{"id":18015,"date":"2019-04-09T22:53:11","date_gmt":"2019-04-09T22:53:11","guid":{"rendered":"https:\/\/octaedro.com\/producto\/nuevos-titulos-de-grado-en-el-espacio-europeo-de-educacion-superior\/"},"modified":"2023-04-25T10:05:34","modified_gmt":"2023-04-25T08:05:34","slug":"nuevos-titulos-de-grado-en-el-espacio-europeo-de-educacion-superior","status":"publish","type":"product","link":"https:\/\/wizardly-davinci.82-223-8-23.plesk.page\/en\/producto\/nuevos-titulos-de-grado-en-el-espacio-europeo-de-educacion-superior\/","title":{"rendered":"Nuevos t\u00edtulos de grado en el espacio europeo"},"content":{"rendered":"<p>El objetivo de este libro es informar y suscitar reflexiones acerca de cuestiones de inter\u00e9s, relativas a la elaboraci\u00f3n de nuevos t\u00edtulos de grado en el sector de las ciencias sociales: sentido de las experiencias piloto, competencias, actividades, organizaci\u00f3n docente y de la actividad administrativa y evaluaci\u00f3n, orientadas al objetivo de una ense\u00f1anza de calidad, basada en el aprendizaje del estudiante, beneficiario inmediato del producto, siendo la sociedad la beneficiaria \u00faltima de todo este proceso.<br \/>\nEsta obra interesa especialmente a todos los miembros de la comunidad universitaria -estudiantes, personal de administraci\u00f3n y servicios, docente e investigador-, as\u00ed como a las organizaciones sociales representadas en los Consejos Sociales de las Universidades y a los que desde fuera est\u00e9n interesados en seguir este proceso, pues se les ofrece una oportunidad, hasta ahora in\u00e9dita, de indagar en los ingredientes con los que est\u00e1n siendo elaborados los nuevos t\u00edtulos de grado.<\/p>\n","protected":false},"excerpt":{"rendered":"<p>El objetivo de este libro es informar y suscitar reflexiones acerca de cuestiones de inter\u00e9s, relativas a la elaboraci\u00f3n de nuevos t\u00edtulos de grado en el sector de las ciencias sociales: sentido de las experiencias piloto, competencias, actividades, organizaci\u00f3n docente y de la actividad administrativa y evaluaci\u00f3n, orientadas al objetivo de una ense\u00f1anza de calidad, basada en el aprendizaje del estudiante, beneficiario inmediato del producto, siendo la sociedad la beneficiaria \u00faltima de todo este proceso.<br \/>\nEsta obra interesa especialmente a todos los miembros de la comunidad universitaria -estudiantes, personal de administraci\u00f3n y servicios, docente e investigador-, as\u00ed como a las organizaciones sociales representadas en los Consejos Sociales de las Universidades y a los que desde fuera est\u00e9n interesados en seguir este proceso, pues se les ofrece una oportunidad, hasta ahora in\u00e9dita, de indagar en los ingredientes con los que est\u00e1n siendo elaborados los nuevos t\u00edtulos de grado.<\/p>\n","protected":false},"featured_media":18016,"comment_status":"open","ping_status":"closed","template":"","meta":{"_et_pb_use_builder":"","_et_pb_old_content":"","_et_gb_content_width":""},"product_cat":[1512,6675],"product_tag":[2602],"edicion":[1083],"editoriales":[1160],"tienda":[],"autor_id":[5572,5858,6278],"universidades_coeditoras":[],"palabras_clave":[],"listado_alfabetico":[],"acf":[],"_links":{"self":[{"href":"https:\/\/wizardly-davinci.82-223-8-23.plesk.page\/en\/wp-json\/wp\/v2\/product\/18015"}],"collection":[{"href":"https:\/\/wizardly-davinci.82-223-8-23.plesk.page\/en\/wp-json\/wp\/v2\/product"}],"about":[{"href":"https:\/\/wizardly-davinci.82-223-8-23.plesk.page\/en\/wp-json\/wp\/v2\/types\/product"}],"replies":[{"embeddable":true,"href":"https:\/\/wizardly-davinci.82-223-8-23.plesk.page\/en\/wp-json\/wp\/v2\/comments?post=18015"}],"wp:featuredmedia":[{"embeddable":true,"href":"https:\/\/wizardly-davinci.82-223-8-23.plesk.page\/en\/wp-json\/wp\/v2\/media\/18016"}],"wp:attachment":[{"href":"https:\/\/wizardly-davinci.82-223-8-23.plesk.page\/en\/wp-json\/wp\/v2\/media?parent=18015"}],"wp:term":[{"taxonomy":"product_cat","embeddable":true,"href":"https:\/\/wizardly-davinci.82-223-8-23.plesk.page\/en\/wp-json\/wp\/v2\/product_cat?post=18015"},{"taxonomy":"product_tag","embeddable":true,"href":"https:\/\/wizardly-davinci.82-223-8-23.plesk.page\/en\/wp-json\/wp\/v2\/product_tag?post=18015"},{"taxonomy":"edicion","embeddable":true,"href":"https:\/\/wizardly-davinci.82-223-8-23.plesk.page\/en\/wp-json\/wp\/v2\/edicion?post=18015"},{"taxonomy":"editoriales","embeddable":true,"href":"https:\/\/wizardly-davinci.82-223-8-23.plesk.page\/en\/wp-json\/wp\/v2\/editoriales?post=18015"},{"taxonomy":"tienda","embeddable":true,"href":"https:\/\/wizardly-davinci.82-223-8-23.plesk.page\/en\/wp-json\/wp\/v2\/tienda?post=18015"},{"taxonomy":"autor_id","embeddable":true,"href":"https:\/\/wizardly-davinci.82-223-8-23.plesk.page\/en\/wp-json\/wp\/v2\/autor_id?post=18015"},{"taxonomy":"universidades_coeditoras","embeddable":true,"href":"https:\/\/wizardly-davinci.82-223-8-23.plesk.page\/en\/wp-json\/wp\/v2\/universidades_coeditoras?post=18015"},{"taxonomy":"palabras_clave","embeddable":true,"href":"https:\/\/wizardly-davinci.82-223-8-23.plesk.page\/en\/wp-json\/wp\/v2\/palabras_clave?post=18015"},{"taxonomy":"listado_alfabetico","embeddable":true,"href":"https:\/\/wizardly-davinci.82-223-8-23.plesk.page\/en\/wp-json\/wp\/v2\/listado_alfabetico?post=18015"}],"curies":[{"name":"wp","href":"https:\/\/api.w.org\/{rel}","templated":true}]}}