{"id":18027,"date":"2019-04-09T22:53:13","date_gmt":"2019-04-09T22:53:13","guid":{"rendered":"https:\/\/octaedro.com\/producto\/configuraciones-narrativas-de-grupos-y-cuerpos-academicos-en-el-campo-de-la-investigacion-educativa\/"},"modified":"2023-04-25T10:17:04","modified_gmt":"2023-04-25T08:17:04","slug":"configuraciones-narrativas-de-grupos-y-cuerpos-academicos-en-el-campo-de-la-investigacion-educativa","status":"publish","type":"product","link":"https:\/\/wizardly-davinci.82-223-8-23.plesk.page\/en\/producto\/configuraciones-narrativas-de-grupos-y-cuerpos-academicos-en-el-campo-de-la-investigacion-educativa\/","title":{"rendered":"Configuraciones narrativas de grupos y cuerpos acad\u00e9micos en el campo de la investigaci\u00f3n educativa"},"content":{"rendered":"<p>Este libro es el resultado del esfuerzo conjunto realizado por integrantes de siete colectivos acad\u00e9micos que participaron en la investigaci\u00f3n <em>Experiencias de cuerpos acad\u00e9micos consolidados, en consolidaci\u00f3n y grupos de investigaci\u00f3n en la creaci\u00f3n y recreaci\u00f3n de enfoques filos\u00f3ficos, te\u00f3ricos y metodol\u00f3gicos sobre educaci\u00f3n<\/em>, con el prop\u00f3sito de reflexionar acerca de su historia, el proceso que les ha llevado a ser reconocidos en el campo de la investigaci\u00f3n educativa, sus formas de organizaci\u00f3n y trabajo, as\u00ed como los resultados que consideran m\u00e1s significativos. As\u00ed, los relatos que conforman este libro se realizaron con el prop\u00f3sito de conocer las experiencias que construyen los integrantes de cada colectivo para significar su existencia.<\/p>\n<p>Cada cap\u00edtulo ofrece al lector una historia particular por dem\u00e1s interesante, pero la lectura en conjunto permite identificar coincidencias y discontinuidades que son caracter\u00edsticas, en la sociedad global actual, de los procesos de creaci\u00f3n y recreaci\u00f3n de conocimientos en el campo de la investigaci\u00f3n educativa en la actualidad.<\/p>\n","protected":false},"excerpt":{"rendered":"<p>Este libro es el resultado del esfuerzo conjunto realizado por integrantes de siete colectivos acad\u00e9micos que participaron en la investigaci\u00f3n <em>Experiencias de cuerpos acad\u00e9micos consolidados, en consolidaci\u00f3n y grupos de investigaci\u00f3n en la creaci\u00f3n y recreaci\u00f3n de enfoques filos\u00f3ficos, te\u00f3ricos y metodol\u00f3gicos sobre educaci\u00f3n<\/em>, con el prop\u00f3sito de reflexionar acerca de su historia, el proceso que les ha llevado a ser reconocidos en el campo de la investigaci\u00f3n educativa, sus formas de organizaci\u00f3n y trabajo, as\u00ed como los resultados que consideran m\u00e1s significativos. As\u00ed, los relatos que conforman este libro se realizaron con el prop\u00f3sito de conocer las experiencias que construyen los integrantes de cada colectivo para significar su existencia.<\/p>\n<p>Cada cap\u00edtulo ofrece al lector una historia particular por dem\u00e1s interesante, pero la lectura en conjunto permite identificar coincidencias y discontinuidades que son caracter\u00edsticas, en la sociedad global actual, de los procesos de creaci\u00f3n y recreaci\u00f3n de conocimientos en el campo de la investigaci\u00f3n educativa en la actualidad.<\/p>\n","protected":false},"featured_media":18028,"comment_status":"open","ping_status":"closed","template":"","meta":{"_et_pb_use_builder":"","_et_pb_old_content":"","_et_gb_content_width":""},"product_cat":[1512,6936],"product_tag":[2602],"edicion":[1083],"editoriales":[1160],"tienda":[],"autor_id":[5000,5211],"universidades_coeditoras":[],"palabras_clave":[],"listado_alfabetico":[],"acf":[],"_links":{"self":[{"href":"https:\/\/wizardly-davinci.82-223-8-23.plesk.page\/en\/wp-json\/wp\/v2\/product\/18027"}],"collection":[{"href":"https:\/\/wizardly-davinci.82-223-8-23.plesk.page\/en\/wp-json\/wp\/v2\/product"}],"about":[{"href":"https:\/\/wizardly-davinci.82-223-8-23.plesk.page\/en\/wp-json\/wp\/v2\/types\/product"}],"replies":[{"embeddable":true,"href":"https:\/\/wizardly-davinci.82-223-8-23.plesk.page\/en\/wp-json\/wp\/v2\/comments?post=18027"}],"wp:featuredmedia":[{"embeddable":true,"href":"https:\/\/wizardly-davinci.82-223-8-23.plesk.page\/en\/wp-json\/wp\/v2\/media\/18028"}],"wp:attachment":[{"href":"https:\/\/wizardly-davinci.82-223-8-23.plesk.page\/en\/wp-json\/wp\/v2\/media?parent=18027"}],"wp:term":[{"taxonomy":"product_cat","embeddable":true,"href":"https:\/\/wizardly-davinci.82-223-8-23.plesk.page\/en\/wp-json\/wp\/v2\/product_cat?post=18027"},{"taxonomy":"product_tag","embeddable":true,"href":"https:\/\/wizardly-davinci.82-223-8-23.plesk.page\/en\/wp-json\/wp\/v2\/product_tag?post=18027"},{"taxonomy":"edicion","embeddable":true,"href":"https:\/\/wizardly-davinci.82-223-8-23.plesk.page\/en\/wp-json\/wp\/v2\/edicion?post=18027"},{"taxonomy":"editoriales","embeddable":true,"href":"https:\/\/wizardly-davinci.82-223-8-23.plesk.page\/en\/wp-json\/wp\/v2\/editoriales?post=18027"},{"taxonomy":"tienda","embeddable":true,"href":"https:\/\/wizardly-davinci.82-223-8-23.plesk.page\/en\/wp-json\/wp\/v2\/tienda?post=18027"},{"taxonomy":"autor_id","embeddable":true,"href":"https:\/\/wizardly-davinci.82-223-8-23.plesk.page\/en\/wp-json\/wp\/v2\/autor_id?post=18027"},{"taxonomy":"universidades_coeditoras","embeddable":true,"href":"https:\/\/wizardly-davinci.82-223-8-23.plesk.page\/en\/wp-json\/wp\/v2\/universidades_coeditoras?post=18027"},{"taxonomy":"palabras_clave","embeddable":true,"href":"https:\/\/wizardly-davinci.82-223-8-23.plesk.page\/en\/wp-json\/wp\/v2\/palabras_clave?post=18027"},{"taxonomy":"listado_alfabetico","embeddable":true,"href":"https:\/\/wizardly-davinci.82-223-8-23.plesk.page\/en\/wp-json\/wp\/v2\/listado_alfabetico?post=18027"}],"curies":[{"name":"wp","href":"https:\/\/api.w.org\/{rel}","templated":true}]}}