{"id":18048,"date":"2019-04-09T22:57:35","date_gmt":"2019-04-09T22:57:35","guid":{"rendered":"https:\/\/octaedro.com\/producto\/a-proposito-de-la-inclusion-educativa\/"},"modified":"2023-04-25T10:17:33","modified_gmt":"2023-04-25T08:17:33","slug":"a-proposito-de-la-inclusion-educativa","status":"publish","type":"product","link":"https:\/\/wizardly-davinci.82-223-8-23.plesk.page\/en\/producto\/a-proposito-de-la-inclusion-educativa\/","title":{"rendered":"A prop\u00f3sito de la inclusi\u00f3n educativa"},"content":{"rendered":"<p>El derecho a la educaci\u00f3n nos alerta de la necesaria inclusi\u00f3n de todos; y no solo de quienes pueden permitirse una educaci\u00f3n prolongada. En este contexto, las preguntas que nos surgen son m\u00faltiples: \u00bfC\u00f3mo compatibilizar la igualdad ante la educaci\u00f3n con el reconocimiento de la pluralidad de opciones y de modelos de escuela? \u00bfQu\u00e9 curr\u00edculum requiere la inclusi\u00f3n educativa? \u00bfSon las redes una propuesta de inclusi\u00f3n, de ense\u00f1anza, de aprendizaje? \u00bfHay distancia entre el discurso y la pr\u00e1ctica? \u00bfCu\u00e1l es la responsabilidad social del profesorado? \u00bfY del espacio universitario? \u00bfQu\u00e9 beneficios aportan en el aprendizaje, a lo largo de la vida, los dispositivos de la formaci\u00f3n para el empleo? \u00bfQu\u00e9 representa la acreditaci\u00f3n de saberes obtenidos en espacios informales de aprendizaje? La formulaci\u00f3n de estas y otras preguntas nos animaron a escribir esta obra.<br \/>\nBajo su t\u00edtulo se recogen aportaciones de gran inter\u00e9s para el avance del debate sobre la inclusi\u00f3n educativa. Este libro sostiene una mirada ampliada de la inclusi\u00f3n relativa a procesos de ense\u00f1anza y aprendizaje en el sistema formal (y en el no formal e informal), as\u00ed como a las transiciones que se producen entre los mismos.<\/p>\n","protected":false},"excerpt":{"rendered":"<p>El derecho a la educaci\u00f3n nos alerta de la necesaria inclusi\u00f3n de todos; y no solo de quienes pueden permitirse una educaci\u00f3n prolongada. En este contexto, las preguntas que nos surgen son m\u00faltiples: \u00bfC\u00f3mo compatibilizar la igualdad ante la educaci\u00f3n con el reconocimiento de la pluralidad de opciones y de modelos de escuela? \u00bfQu\u00e9 curr\u00edculum requiere la inclusi\u00f3n educativa? \u00bfSon las redes una propuesta de inclusi\u00f3n, de ense\u00f1anza, de aprendizaje? \u00bfHay distancia entre el discurso y la pr\u00e1ctica? \u00bfCu\u00e1l es la responsabilidad social del profesorado? \u00bfY del espacio universitario? \u00bfQu\u00e9 beneficios aportan en el aprendizaje, a lo largo de la vida, los dispositivos de la formaci\u00f3n para el empleo? \u00bfQu\u00e9 representa la acreditaci\u00f3n de saberes obtenidos en espacios informales de aprendizaje? La formulaci\u00f3n de estas y otras preguntas nos animaron a escribir esta obra.<br \/>\nBajo su t\u00edtulo se recogen aportaciones de gran inter\u00e9s para el avance del debate sobre la inclusi\u00f3n educativa. Este libro sostiene una mirada ampliada de la inclusi\u00f3n relativa a procesos de ense\u00f1anza y aprendizaje en el sistema formal (y en el no formal e informal), as\u00ed como a las transiciones que se producen entre los mismos.<\/p>\n","protected":false},"featured_media":30409,"comment_status":"open","ping_status":"closed","template":"","meta":{"_et_pb_use_builder":"","_et_pb_old_content":"","_et_gb_content_width":""},"product_cat":[1512,6936,6675],"product_tag":[2602],"edicion":[1083],"editoriales":[1160],"tienda":[],"autor_id":[5293,5700,6298],"universidades_coeditoras":[],"palabras_clave":[],"listado_alfabetico":[],"acf":[],"_links":{"self":[{"href":"https:\/\/wizardly-davinci.82-223-8-23.plesk.page\/en\/wp-json\/wp\/v2\/product\/18048"}],"collection":[{"href":"https:\/\/wizardly-davinci.82-223-8-23.plesk.page\/en\/wp-json\/wp\/v2\/product"}],"about":[{"href":"https:\/\/wizardly-davinci.82-223-8-23.plesk.page\/en\/wp-json\/wp\/v2\/types\/product"}],"replies":[{"embeddable":true,"href":"https:\/\/wizardly-davinci.82-223-8-23.plesk.page\/en\/wp-json\/wp\/v2\/comments?post=18048"}],"wp:featuredmedia":[{"embeddable":true,"href":"https:\/\/wizardly-davinci.82-223-8-23.plesk.page\/en\/wp-json\/wp\/v2\/media\/30409"}],"wp:attachment":[{"href":"https:\/\/wizardly-davinci.82-223-8-23.plesk.page\/en\/wp-json\/wp\/v2\/media?parent=18048"}],"wp:term":[{"taxonomy":"product_cat","embeddable":true,"href":"https:\/\/wizardly-davinci.82-223-8-23.plesk.page\/en\/wp-json\/wp\/v2\/product_cat?post=18048"},{"taxonomy":"product_tag","embeddable":true,"href":"https:\/\/wizardly-davinci.82-223-8-23.plesk.page\/en\/wp-json\/wp\/v2\/product_tag?post=18048"},{"taxonomy":"edicion","embeddable":true,"href":"https:\/\/wizardly-davinci.82-223-8-23.plesk.page\/en\/wp-json\/wp\/v2\/edicion?post=18048"},{"taxonomy":"editoriales","embeddable":true,"href":"https:\/\/wizardly-davinci.82-223-8-23.plesk.page\/en\/wp-json\/wp\/v2\/editoriales?post=18048"},{"taxonomy":"tienda","embeddable":true,"href":"https:\/\/wizardly-davinci.82-223-8-23.plesk.page\/en\/wp-json\/wp\/v2\/tienda?post=18048"},{"taxonomy":"autor_id","embeddable":true,"href":"https:\/\/wizardly-davinci.82-223-8-23.plesk.page\/en\/wp-json\/wp\/v2\/autor_id?post=18048"},{"taxonomy":"universidades_coeditoras","embeddable":true,"href":"https:\/\/wizardly-davinci.82-223-8-23.plesk.page\/en\/wp-json\/wp\/v2\/universidades_coeditoras?post=18048"},{"taxonomy":"palabras_clave","embeddable":true,"href":"https:\/\/wizardly-davinci.82-223-8-23.plesk.page\/en\/wp-json\/wp\/v2\/palabras_clave?post=18048"},{"taxonomy":"listado_alfabetico","embeddable":true,"href":"https:\/\/wizardly-davinci.82-223-8-23.plesk.page\/en\/wp-json\/wp\/v2\/listado_alfabetico?post=18048"}],"curies":[{"name":"wp","href":"https:\/\/api.w.org\/{rel}","templated":true}]}}