{"id":18050,"date":"2019-04-09T22:57:35","date_gmt":"2019-04-09T22:57:35","guid":{"rendered":"https:\/\/octaedro.com\/producto\/genero-masculinidades-y-diversidad\/"},"modified":"2023-04-25T10:17:40","modified_gmt":"2023-04-25T08:17:40","slug":"genero-masculinidades-y-diversidad","status":"publish","type":"product","link":"https:\/\/wizardly-davinci.82-223-8-23.plesk.page\/en\/producto\/genero-masculinidades-y-diversidad\/","title":{"rendered":"G\u00e9nero, masculinidades y diversidad"},"content":{"rendered":"<p>En los \u00faltimos a\u00f1os son muchos los investigadores y acad\u00e9micos de Latinoam\u00e9rica que han estudiado la situaci\u00f3n de las mujeres en el \u00e1mbito del deporte en sus diferentes aspectos (rendimiento, salud, educaci\u00f3n\u2026). Gracias a estos estudios y a los diferentes programas de difusi\u00f3n, la participaci\u00f3n femenina en el deporte se ha incrementado en los \u00faltimos a\u00f1os en nuestros pa\u00edses. Sin embargo, esta preocupaci\u00f3n por la situaci\u00f3n femenina ha sido eminentemente enfocada por las mujeres y hacia las mismas. La inclusi\u00f3n del hombre en la lucha por las igualdades como agente sensibilizado y activo es determinante para alcanzar la plena igualdad de oportunidades. La igualdad completa en el deporte se alcanzar\u00e1 cuando tanto hombres como mujeres puedan desarrollar sus actividades deportivas sin discriminaciones de sexo, identidad, u orientaci\u00f3n sexual.<br \/>\nEste libro va un paso m\u00e1s all\u00e1, y comienza a aclarar una situaci\u00f3n que hasta ahora no se hab\u00eda estudiado en nuestro contexto (aunque s\u00ed en el \u00e1mbito anglosaj\u00f3n). Chicos y chicas son discriminados y agredidos por no cumplir con los roles y estereotipos de g\u00e9nero que nuestras sociedades tienen asumidos para hombres y mujeres. Son personas que por orientaci\u00f3n sexual no encajan en los patrones heteronormativos de nuestra cultura latina. En este sentido, la educaci\u00f3n tiene un papel clave en la eliminaci\u00f3n de barreras y discriminaciones entre las nuevas generaciones. Por eso este texto se centra en las posibilidades, experiencias, dificultades y opiniones que se pueden encontrar en un \u00e1mbito hist\u00f3ricamente patriarcal, heteronormativo y hom\u00f3fobo, como es la educaci\u00f3n f\u00edsica.<\/p>\n","protected":false},"excerpt":{"rendered":"<p>En los \u00faltimos a\u00f1os son muchos los investigadores y acad\u00e9micos de Latinoam\u00e9rica que han estudiado la situaci\u00f3n de las mujeres en el \u00e1mbito del deporte en sus diferentes aspectos (rendimiento, salud, educaci\u00f3n\u2026). Gracias a estos estudios y a los diferentes programas de difusi\u00f3n, la participaci\u00f3n femenina en el deporte se ha incrementado en los \u00faltimos a\u00f1os en nuestros pa\u00edses. Sin embargo, esta preocupaci\u00f3n por la situaci\u00f3n femenina ha sido eminentemente enfocada por las mujeres y hacia las mismas. La inclusi\u00f3n del hombre en la lucha por las igualdades como agente sensibilizado y activo es determinante para alcanzar la plena igualdad de oportunidades. La igualdad completa en el deporte se alcanzar\u00e1 cuando tanto hombres como mujeres puedan desarrollar sus actividades deportivas sin discriminaciones de sexo, identidad, u orientaci\u00f3n sexual.<br \/>\nEste libro va un paso m\u00e1s all\u00e1, y comienza a aclarar una situaci\u00f3n que hasta ahora no se hab\u00eda estudiado en nuestro contexto (aunque s\u00ed en el \u00e1mbito anglosaj\u00f3n). Chicos y chicas son discriminados y agredidos por no cumplir con los roles y estereotipos de g\u00e9nero que nuestras sociedades tienen asumidos para hombres y mujeres. Son personas que por orientaci\u00f3n sexual no encajan en los patrones heteronormativos de nuestra cultura latina. En este sentido, la educaci\u00f3n tiene un papel clave en la eliminaci\u00f3n de barreras y discriminaciones entre las nuevas generaciones. Por eso este texto se centra en las posibilidades, experiencias, dificultades y opiniones que se pueden encontrar en un \u00e1mbito hist\u00f3ricamente patriarcal, heteronormativo y hom\u00f3fobo, como es la educaci\u00f3n f\u00edsica.<\/p>\n","protected":false},"featured_media":18051,"comment_status":"open","ping_status":"closed","template":"","meta":{"_et_pb_use_builder":"","_et_pb_old_content":"","_et_gb_content_width":""},"product_cat":[1512,6936],"product_tag":[2602],"edicion":[1083],"editoriales":[1160],"tienda":[],"autor_id":[6155],"universidades_coeditoras":[],"palabras_clave":[],"listado_alfabetico":[],"acf":[],"_links":{"self":[{"href":"https:\/\/wizardly-davinci.82-223-8-23.plesk.page\/en\/wp-json\/wp\/v2\/product\/18050"}],"collection":[{"href":"https:\/\/wizardly-davinci.82-223-8-23.plesk.page\/en\/wp-json\/wp\/v2\/product"}],"about":[{"href":"https:\/\/wizardly-davinci.82-223-8-23.plesk.page\/en\/wp-json\/wp\/v2\/types\/product"}],"replies":[{"embeddable":true,"href":"https:\/\/wizardly-davinci.82-223-8-23.plesk.page\/en\/wp-json\/wp\/v2\/comments?post=18050"}],"wp:featuredmedia":[{"embeddable":true,"href":"https:\/\/wizardly-davinci.82-223-8-23.plesk.page\/en\/wp-json\/wp\/v2\/media\/18051"}],"wp:attachment":[{"href":"https:\/\/wizardly-davinci.82-223-8-23.plesk.page\/en\/wp-json\/wp\/v2\/media?parent=18050"}],"wp:term":[{"taxonomy":"product_cat","embeddable":true,"href":"https:\/\/wizardly-davinci.82-223-8-23.plesk.page\/en\/wp-json\/wp\/v2\/product_cat?post=18050"},{"taxonomy":"product_tag","embeddable":true,"href":"https:\/\/wizardly-davinci.82-223-8-23.plesk.page\/en\/wp-json\/wp\/v2\/product_tag?post=18050"},{"taxonomy":"edicion","embeddable":true,"href":"https:\/\/wizardly-davinci.82-223-8-23.plesk.page\/en\/wp-json\/wp\/v2\/edicion?post=18050"},{"taxonomy":"editoriales","embeddable":true,"href":"https:\/\/wizardly-davinci.82-223-8-23.plesk.page\/en\/wp-json\/wp\/v2\/editoriales?post=18050"},{"taxonomy":"tienda","embeddable":true,"href":"https:\/\/wizardly-davinci.82-223-8-23.plesk.page\/en\/wp-json\/wp\/v2\/tienda?post=18050"},{"taxonomy":"autor_id","embeddable":true,"href":"https:\/\/wizardly-davinci.82-223-8-23.plesk.page\/en\/wp-json\/wp\/v2\/autor_id?post=18050"},{"taxonomy":"universidades_coeditoras","embeddable":true,"href":"https:\/\/wizardly-davinci.82-223-8-23.plesk.page\/en\/wp-json\/wp\/v2\/universidades_coeditoras?post=18050"},{"taxonomy":"palabras_clave","embeddable":true,"href":"https:\/\/wizardly-davinci.82-223-8-23.plesk.page\/en\/wp-json\/wp\/v2\/palabras_clave?post=18050"},{"taxonomy":"listado_alfabetico","embeddable":true,"href":"https:\/\/wizardly-davinci.82-223-8-23.plesk.page\/en\/wp-json\/wp\/v2\/listado_alfabetico?post=18050"}],"curies":[{"name":"wp","href":"https:\/\/api.w.org\/{rel}","templated":true}]}}