{"id":18600,"date":"2015-10-01T22:59:18","date_gmt":"2015-10-01T22:59:18","guid":{"rendered":"https:\/\/octaedro.com\/producto\/planta-juega-y-cocina-con-brotes\/"},"modified":"2023-04-25T10:17:47","modified_gmt":"2023-04-25T08:17:47","slug":"planta-juega-y-cocina-con-brotes","status":"publish","type":"product","link":"https:\/\/wizardly-davinci.82-223-8-23.plesk.page\/en\/producto\/planta-juega-y-cocina-con-brotes\/","title":{"rendered":"Planta, juega y cocina con Brotes"},"content":{"rendered":"<p>\u00bfEs posible implicar a nuestros hijos en su propia alimentaci\u00f3n?<br \/>\n<em>Brotes<\/em> es un peque\u00f1o huerto urbano que se presenta en un libro y una caja plegada, pero es mucho m\u00e1s. <em>Brotes<\/em> es un personaje animado que se convierte en el interlocutor convincente y efectivo de los ni\u00f1os; un amigo que habla su mismo lenguaje, con el que consigue llegar al ni\u00f1o.<br \/>\nDesde el primer momento en que <em>Brotes<\/em> llega a las manos de su joven destinatario, es el ni\u00f1o quien va a tomar el protagonismo, convirtiendo la caja en un peque\u00f1o huerto urbano a trav\u00e9s de un sencillo juego de manipulaci\u00f3n que se explica en el libro-cuento. Al montar la caja, va a dar vida al personaje del libro, customizando la mesa de cultivo con la cara, la ropa y los accesorios de <em>Brotes<\/em>. A partir de este momento, el huerto deja de ser un simple cultivo para materializarse en un personaje con quien interactuar.<br \/>\nY el personaje ser\u00e1 el hilo conductor del cuento y el huerto. En el libro incluido en el kit, <em>Brotes<\/em> va a pedir al ni\u00f1o que le cuide, que le riegue y le ponga al sol, le va a contar c\u00f3mo protegerle de las plagas y cu\u00e1ndo recolectar sus frutos, con una simple serie de consejos que, en forma de cuento, ir\u00e1n instruyendo al ni\u00f1o en el cultivo ecol\u00f3gico de las plantas.<br \/>\nY en la preparaci\u00f3n de los alimentos que son fruto de su trabajo y cuidado. Porque <em>Brotes<\/em> incluye tambi\u00e9n unas recetas sencillas para cocinar las hortalizas obtenidas y preparar apetitosos platos.<br \/>\nAs\u00ed, la creaci\u00f3n de un v\u00ednculo emocional entre el ni\u00f1o y el personaje consigue implicar al peque\u00f1o en el cuidado de su propio huerto y concienciarle sobre la importancia de una alimentaci\u00f3n saludable, adem\u00e1s de potenciar valores como la responsabilidad o la constancia.<\/p>\n","protected":false},"excerpt":{"rendered":"<p>\u00bfEs posible implicar a nuestros hijos en su propia alimentaci\u00f3n?<br \/>\n<em>Brotes<\/em> es un peque\u00f1o huerto urbano que se presenta en un libro y una caja plegada, pero es mucho m\u00e1s. <em>Brotes<\/em> es un personaje animado que se convierte en el interlocutor convincente y efectivo de los ni\u00f1os; un amigo que habla su mismo lenguaje, con el que consigue llegar al ni\u00f1o.<br \/>\nDesde el primer momento en que <em>Brotes<\/em> llega a las manos de su joven destinatario, es el ni\u00f1o quien va a tomar el protagonismo, convirtiendo la caja en un peque\u00f1o huerto urbano a trav\u00e9s de un sencillo juego de manipulaci\u00f3n que se explica en el libro-cuento. Al montar la caja, va a dar vida al personaje del libro, customizando la mesa de cultivo con la cara, la ropa y los accesorios de <em>Brotes<\/em>. A partir de este momento, el huerto deja de ser un simple cultivo para materializarse en un personaje con quien interactuar.<br \/>\nY el personaje ser\u00e1 el hilo conductor del cuento y el huerto. En el libro incluido en el kit, <em>Brotes<\/em> va a pedir al ni\u00f1o que le cuide, que le riegue y le ponga al sol, le va a contar c\u00f3mo protegerle de las plagas y cu\u00e1ndo recolectar sus frutos, con una simple serie de consejos que, en forma de cuento, ir\u00e1n instruyendo al ni\u00f1o en el cultivo ecol\u00f3gico de las plantas.<br \/>\nY en la preparaci\u00f3n de los alimentos que son fruto de su trabajo y cuidado. Porque <em>Brotes<\/em> incluye tambi\u00e9n unas recetas sencillas para cocinar las hortalizas obtenidas y preparar apetitosos platos.<br \/>\nAs\u00ed, la creaci\u00f3n de un v\u00ednculo emocional entre el ni\u00f1o y el personaje consigue implicar al peque\u00f1o en el cuidado de su propio huerto y concienciarle sobre la importancia de una alimentaci\u00f3n saludable, adem\u00e1s de potenciar valores como la responsabilidad o la constancia.<\/p>\n","protected":false},"featured_media":18601,"comment_status":"open","ping_status":"closed","template":"","meta":{"_et_pb_use_builder":"","_et_pb_old_content":"","_et_gb_content_width":""},"product_cat":[1512,6675],"product_tag":[2602],"edicion":[1083],"editoriales":[1160],"tienda":[],"autor_id":[5818],"universidades_coeditoras":[],"palabras_clave":[],"listado_alfabetico":[],"acf":[],"_links":{"self":[{"href":"https:\/\/wizardly-davinci.82-223-8-23.plesk.page\/en\/wp-json\/wp\/v2\/product\/18600"}],"collection":[{"href":"https:\/\/wizardly-davinci.82-223-8-23.plesk.page\/en\/wp-json\/wp\/v2\/product"}],"about":[{"href":"https:\/\/wizardly-davinci.82-223-8-23.plesk.page\/en\/wp-json\/wp\/v2\/types\/product"}],"replies":[{"embeddable":true,"href":"https:\/\/wizardly-davinci.82-223-8-23.plesk.page\/en\/wp-json\/wp\/v2\/comments?post=18600"}],"wp:featuredmedia":[{"embeddable":true,"href":"https:\/\/wizardly-davinci.82-223-8-23.plesk.page\/en\/wp-json\/wp\/v2\/media\/18601"}],"wp:attachment":[{"href":"https:\/\/wizardly-davinci.82-223-8-23.plesk.page\/en\/wp-json\/wp\/v2\/media?parent=18600"}],"wp:term":[{"taxonomy":"product_cat","embeddable":true,"href":"https:\/\/wizardly-davinci.82-223-8-23.plesk.page\/en\/wp-json\/wp\/v2\/product_cat?post=18600"},{"taxonomy":"product_tag","embeddable":true,"href":"https:\/\/wizardly-davinci.82-223-8-23.plesk.page\/en\/wp-json\/wp\/v2\/product_tag?post=18600"},{"taxonomy":"edicion","embeddable":true,"href":"https:\/\/wizardly-davinci.82-223-8-23.plesk.page\/en\/wp-json\/wp\/v2\/edicion?post=18600"},{"taxonomy":"editoriales","embeddable":true,"href":"https:\/\/wizardly-davinci.82-223-8-23.plesk.page\/en\/wp-json\/wp\/v2\/editoriales?post=18600"},{"taxonomy":"tienda","embeddable":true,"href":"https:\/\/wizardly-davinci.82-223-8-23.plesk.page\/en\/wp-json\/wp\/v2\/tienda?post=18600"},{"taxonomy":"autor_id","embeddable":true,"href":"https:\/\/wizardly-davinci.82-223-8-23.plesk.page\/en\/wp-json\/wp\/v2\/autor_id?post=18600"},{"taxonomy":"universidades_coeditoras","embeddable":true,"href":"https:\/\/wizardly-davinci.82-223-8-23.plesk.page\/en\/wp-json\/wp\/v2\/universidades_coeditoras?post=18600"},{"taxonomy":"palabras_clave","embeddable":true,"href":"https:\/\/wizardly-davinci.82-223-8-23.plesk.page\/en\/wp-json\/wp\/v2\/palabras_clave?post=18600"},{"taxonomy":"listado_alfabetico","embeddable":true,"href":"https:\/\/wizardly-davinci.82-223-8-23.plesk.page\/en\/wp-json\/wp\/v2\/listado_alfabetico?post=18600"}],"curies":[{"name":"wp","href":"https:\/\/api.w.org\/{rel}","templated":true}]}}