{"id":18796,"date":"2019-04-09T22:59:56","date_gmt":"2019-04-09T22:59:56","guid":{"rendered":"https:\/\/octaedro.com\/producto\/prepara-y-practica-el-dele-a1-dele-a1-escolar-cd-audios\/"},"modified":"2023-04-25T10:18:46","modified_gmt":"2023-04-25T08:18:46","slug":"prepara-y-practica-el-dele-a1-dele-a1-escolar-cd-audios","status":"publish","type":"product","link":"https:\/\/wizardly-davinci.82-223-8-23.plesk.page\/en\/producto\/prepara-y-practica-el-dele-a1-dele-a1-escolar-cd-audios\/","title":{"rendered":"Prepara y practica el DELE A1 + DELE A1  Escolar + CD audios"},"content":{"rendered":"<p>Prepara y practica el DELE A1 + DELE A1 Escolar es un instrumento \u00e1gil y de f\u00e1cil utilizaci\u00f3n para quien desee familiarizarse con las pruebas de examen del Diploma de Espa\u00f1ol como Lengua Extranjera A1.<br \/>\nEl manual reproduce la estructura del examen e incluye el programa del nivel, consejos sobre c\u00f3mo prepararse y afrontar las pruebas, modelos de examen, audiciones, transcripciones y soluciones, adem\u00e1s de microtareas que le ayudar\u00e1n a prepararse a\u00fan mejor.<br \/>\nEl car\u00e1cter intuitivo del libro permite que sea usado de forma individual, adem\u00e1s de ser \u00fatil en el aula para prepararse en grupo. Tambi\u00e9n est\u00e1 dirigido a los profesores que quieran conocer el nuevo formato de examen.<br \/>\nContiene consejos espec\u00edficos y dos modelos completos de examen del DELE A1 Escolar.<\/p>\n","protected":false},"excerpt":{"rendered":"<p>Prepara y practica el DELE A1 + DELE A1 Escolar es un instrumento \u00e1gil y de f\u00e1cil utilizaci\u00f3n para quien desee familiarizarse con las pruebas de examen del Diploma de Espa\u00f1ol como Lengua Extranjera A1.<br \/>\nEl manual reproduce la estructura del examen e incluye el programa del nivel, consejos sobre c\u00f3mo prepararse y afrontar las pruebas, modelos de examen, audiciones, transcripciones y soluciones, adem\u00e1s de microtareas que le ayudar\u00e1n a prepararse a\u00fan mejor.<br \/>\nEl car\u00e1cter intuitivo del libro permite que sea usado de forma individual, adem\u00e1s de ser \u00fatil en el aula para prepararse en grupo. Tambi\u00e9n est\u00e1 dirigido a los profesores que quieran conocer el nuevo formato de examen.<br \/>\nContiene consejos espec\u00edficos y dos modelos completos de examen del DELE A1 Escolar.<\/p>\n","protected":false},"featured_media":18797,"comment_status":"open","ping_status":"closed","template":"","meta":{"_et_pb_use_builder":"","_et_pb_old_content":"","_et_gb_content_width":""},"product_cat":[1512,6675,1503],"product_tag":[2602],"edicion":[1083],"editoriales":[1160],"tienda":[],"autor_id":[5422],"universidades_coeditoras":[],"palabras_clave":[],"listado_alfabetico":[],"acf":[],"_links":{"self":[{"href":"https:\/\/wizardly-davinci.82-223-8-23.plesk.page\/en\/wp-json\/wp\/v2\/product\/18796"}],"collection":[{"href":"https:\/\/wizardly-davinci.82-223-8-23.plesk.page\/en\/wp-json\/wp\/v2\/product"}],"about":[{"href":"https:\/\/wizardly-davinci.82-223-8-23.plesk.page\/en\/wp-json\/wp\/v2\/types\/product"}],"replies":[{"embeddable":true,"href":"https:\/\/wizardly-davinci.82-223-8-23.plesk.page\/en\/wp-json\/wp\/v2\/comments?post=18796"}],"wp:featuredmedia":[{"embeddable":true,"href":"https:\/\/wizardly-davinci.82-223-8-23.plesk.page\/en\/wp-json\/wp\/v2\/media\/18797"}],"wp:attachment":[{"href":"https:\/\/wizardly-davinci.82-223-8-23.plesk.page\/en\/wp-json\/wp\/v2\/media?parent=18796"}],"wp:term":[{"taxonomy":"product_cat","embeddable":true,"href":"https:\/\/wizardly-davinci.82-223-8-23.plesk.page\/en\/wp-json\/wp\/v2\/product_cat?post=18796"},{"taxonomy":"product_tag","embeddable":true,"href":"https:\/\/wizardly-davinci.82-223-8-23.plesk.page\/en\/wp-json\/wp\/v2\/product_tag?post=18796"},{"taxonomy":"edicion","embeddable":true,"href":"https:\/\/wizardly-davinci.82-223-8-23.plesk.page\/en\/wp-json\/wp\/v2\/edicion?post=18796"},{"taxonomy":"editoriales","embeddable":true,"href":"https:\/\/wizardly-davinci.82-223-8-23.plesk.page\/en\/wp-json\/wp\/v2\/editoriales?post=18796"},{"taxonomy":"tienda","embeddable":true,"href":"https:\/\/wizardly-davinci.82-223-8-23.plesk.page\/en\/wp-json\/wp\/v2\/tienda?post=18796"},{"taxonomy":"autor_id","embeddable":true,"href":"https:\/\/wizardly-davinci.82-223-8-23.plesk.page\/en\/wp-json\/wp\/v2\/autor_id?post=18796"},{"taxonomy":"universidades_coeditoras","embeddable":true,"href":"https:\/\/wizardly-davinci.82-223-8-23.plesk.page\/en\/wp-json\/wp\/v2\/universidades_coeditoras?post=18796"},{"taxonomy":"palabras_clave","embeddable":true,"href":"https:\/\/wizardly-davinci.82-223-8-23.plesk.page\/en\/wp-json\/wp\/v2\/palabras_clave?post=18796"},{"taxonomy":"listado_alfabetico","embeddable":true,"href":"https:\/\/wizardly-davinci.82-223-8-23.plesk.page\/en\/wp-json\/wp\/v2\/listado_alfabetico?post=18796"}],"curies":[{"name":"wp","href":"https:\/\/api.w.org\/{rel}","templated":true}]}}