{"id":18802,"date":"2019-04-09T22:59:56","date_gmt":"2019-04-09T22:59:56","guid":{"rendered":"https:\/\/octaedro.com\/producto\/interele-construyendo-culturas-guia-didactica\/"},"modified":"2023-04-25T10:19:08","modified_gmt":"2023-04-25T08:19:08","slug":"interele-construyendo-culturas-guia-didactica","status":"publish","type":"product","link":"https:\/\/wizardly-davinci.82-223-8-23.plesk.page\/en\/producto\/interele-construyendo-culturas-guia-didactica\/","title":{"rendered":"InterELE-Construyendo culturas. Gu\u00eda did\u00e1ctica"},"content":{"rendered":"<p>Para trabajar la diversidad cultural a partir de experiencias reales en los distintos \u00e1mbitos del entorno del alumnado.<br \/>Una mirada cr\u00edtica y una participaci\u00f3n activa para conocer y aprender el <strong>espa\u00f1ol<\/strong> y su <strong>cultura<\/strong>, su <strong>historia<\/strong> y su <strong>sociedad<\/strong> con el apoyo de las TIC.<br \/>Se presenta con el <strong>libro del aula<\/strong>, que contiene el ap\u00e9ndice \u00abApuntes de gram\u00e1tica\u00bb para el nivel C, y una gu\u00eda de <strong>orientaciones did\u00e1cticas<\/strong> para el profesorado.<\/p>\n","protected":false},"excerpt":{"rendered":"<p>Para trabajar la diversidad cultural a partir de experiencias reales en los distintos \u00e1mbitos del entorno del alumnado.<br \/>Una mirada cr\u00edtica y una participaci\u00f3n activa para conocer y aprender el <strong>espa\u00f1ol<\/strong> y su <strong>cultura<\/strong>, su <strong>historia<\/strong> y su <strong>sociedad<\/strong> con el apoyo de las TIC.<br \/>Se presenta con el <strong>libro del aula<\/strong>, que contiene el ap\u00e9ndice \u00abApuntes de gram\u00e1tica\u00bb para el nivel C, y una gu\u00eda de <strong>orientaciones did\u00e1cticas<\/strong> para el profesorado.<\/p>\n","protected":false},"featured_media":18803,"comment_status":"open","ping_status":"closed","template":"","meta":{"_et_pb_use_builder":"","_et_pb_old_content":"","_et_gb_content_width":""},"product_cat":[1512],"product_tag":[],"edicion":[],"editoriales":[1160],"tienda":[],"autor_id":[5530],"universidades_coeditoras":[],"palabras_clave":[],"listado_alfabetico":[],"acf":[],"_links":{"self":[{"href":"https:\/\/wizardly-davinci.82-223-8-23.plesk.page\/en\/wp-json\/wp\/v2\/product\/18802"}],"collection":[{"href":"https:\/\/wizardly-davinci.82-223-8-23.plesk.page\/en\/wp-json\/wp\/v2\/product"}],"about":[{"href":"https:\/\/wizardly-davinci.82-223-8-23.plesk.page\/en\/wp-json\/wp\/v2\/types\/product"}],"replies":[{"embeddable":true,"href":"https:\/\/wizardly-davinci.82-223-8-23.plesk.page\/en\/wp-json\/wp\/v2\/comments?post=18802"}],"wp:featuredmedia":[{"embeddable":true,"href":"https:\/\/wizardly-davinci.82-223-8-23.plesk.page\/en\/wp-json\/wp\/v2\/media\/18803"}],"wp:attachment":[{"href":"https:\/\/wizardly-davinci.82-223-8-23.plesk.page\/en\/wp-json\/wp\/v2\/media?parent=18802"}],"wp:term":[{"taxonomy":"product_cat","embeddable":true,"href":"https:\/\/wizardly-davinci.82-223-8-23.plesk.page\/en\/wp-json\/wp\/v2\/product_cat?post=18802"},{"taxonomy":"product_tag","embeddable":true,"href":"https:\/\/wizardly-davinci.82-223-8-23.plesk.page\/en\/wp-json\/wp\/v2\/product_tag?post=18802"},{"taxonomy":"edicion","embeddable":true,"href":"https:\/\/wizardly-davinci.82-223-8-23.plesk.page\/en\/wp-json\/wp\/v2\/edicion?post=18802"},{"taxonomy":"editoriales","embeddable":true,"href":"https:\/\/wizardly-davinci.82-223-8-23.plesk.page\/en\/wp-json\/wp\/v2\/editoriales?post=18802"},{"taxonomy":"tienda","embeddable":true,"href":"https:\/\/wizardly-davinci.82-223-8-23.plesk.page\/en\/wp-json\/wp\/v2\/tienda?post=18802"},{"taxonomy":"autor_id","embeddable":true,"href":"https:\/\/wizardly-davinci.82-223-8-23.plesk.page\/en\/wp-json\/wp\/v2\/autor_id?post=18802"},{"taxonomy":"universidades_coeditoras","embeddable":true,"href":"https:\/\/wizardly-davinci.82-223-8-23.plesk.page\/en\/wp-json\/wp\/v2\/universidades_coeditoras?post=18802"},{"taxonomy":"palabras_clave","embeddable":true,"href":"https:\/\/wizardly-davinci.82-223-8-23.plesk.page\/en\/wp-json\/wp\/v2\/palabras_clave?post=18802"},{"taxonomy":"listado_alfabetico","embeddable":true,"href":"https:\/\/wizardly-davinci.82-223-8-23.plesk.page\/en\/wp-json\/wp\/v2\/listado_alfabetico?post=18802"}],"curies":[{"name":"wp","href":"https:\/\/api.w.org\/{rel}","templated":true}]}}