{"id":18994,"date":"1995-11-01T23:00:39","date_gmt":"1995-11-01T23:00:39","guid":{"rendered":"https:\/\/octaedro.com\/producto\/com-fer-un-treball-escrit\/"},"modified":"2023-04-25T11:18:07","modified_gmt":"2023-04-25T09:18:07","slug":"com-fer-un-treball-escrit","status":"publish","type":"product","link":"https:\/\/wizardly-davinci.82-223-8-23.plesk.page\/en\/producto\/com-fer-un-treball-escrit\/","title":{"rendered":"Com fer un treball escrit"},"content":{"rendered":"<p>Fer un treball escrit \u00e9s una de les tasques dif\u00edcils que han de superar els estudiants en els darrers cursos de l&#8217;ensenyament secundari. Es tracta d&#8217;elaborar un text a partir de la selecci\u00f3 i organitzaci\u00f3 de la informaci\u00f3 que s&#8217;ha aconseguit sobre un tema o un assumpte determinat.<\/p>\n<p>L&#8217;objectiu de qualsevol treball escrit \u00e9s demostrar que es tenen certs coneixements i que se saben explicar de forma clara i amb una metodologia correcta. Fer un treball escrit serveis per ordenar les idees pr\u00f2pies i les dels altres, donant-los una forma comprensible i clara mitjan\u00e7ant l&#8217;estil personal.<\/p>\n","protected":false},"excerpt":{"rendered":"<p>Fer un treball escrit \u00e9s una de les tasques dif\u00edcils que han de superar els estudiants en els darrers cursos de l&#8217;ensenyament secundari. Es tracta d&#8217;elaborar un text a partir de la selecci\u00f3 i organitzaci\u00f3 de la informaci\u00f3 que s&#8217;ha aconseguit sobre un tema o un assumpte determinat.<\/p>\n<p>L&#8217;objectiu de qualsevol treball escrit \u00e9s demostrar que es tenen certs coneixements i que se saben explicar de forma clara i amb una metodologia correcta. Fer un treball escrit serveis per ordenar les idees pr\u00f2pies i les dels altres, donant-los una forma comprensible i clara mitjan\u00e7ant l&#8217;estil personal.<\/p>\n","protected":false},"featured_media":18995,"comment_status":"open","ping_status":"closed","template":"","meta":{"_et_pb_use_builder":"","_et_pb_old_content":"","_et_gb_content_width":""},"product_cat":[6675,1510],"product_tag":[2602],"edicion":[1083],"editoriales":[1160],"tienda":[],"autor_id":[6187],"universidades_coeditoras":[],"palabras_clave":[],"listado_alfabetico":[],"acf":[],"_links":{"self":[{"href":"https:\/\/wizardly-davinci.82-223-8-23.plesk.page\/en\/wp-json\/wp\/v2\/product\/18994"}],"collection":[{"href":"https:\/\/wizardly-davinci.82-223-8-23.plesk.page\/en\/wp-json\/wp\/v2\/product"}],"about":[{"href":"https:\/\/wizardly-davinci.82-223-8-23.plesk.page\/en\/wp-json\/wp\/v2\/types\/product"}],"replies":[{"embeddable":true,"href":"https:\/\/wizardly-davinci.82-223-8-23.plesk.page\/en\/wp-json\/wp\/v2\/comments?post=18994"}],"wp:featuredmedia":[{"embeddable":true,"href":"https:\/\/wizardly-davinci.82-223-8-23.plesk.page\/en\/wp-json\/wp\/v2\/media\/18995"}],"wp:attachment":[{"href":"https:\/\/wizardly-davinci.82-223-8-23.plesk.page\/en\/wp-json\/wp\/v2\/media?parent=18994"}],"wp:term":[{"taxonomy":"product_cat","embeddable":true,"href":"https:\/\/wizardly-davinci.82-223-8-23.plesk.page\/en\/wp-json\/wp\/v2\/product_cat?post=18994"},{"taxonomy":"product_tag","embeddable":true,"href":"https:\/\/wizardly-davinci.82-223-8-23.plesk.page\/en\/wp-json\/wp\/v2\/product_tag?post=18994"},{"taxonomy":"edicion","embeddable":true,"href":"https:\/\/wizardly-davinci.82-223-8-23.plesk.page\/en\/wp-json\/wp\/v2\/edicion?post=18994"},{"taxonomy":"editoriales","embeddable":true,"href":"https:\/\/wizardly-davinci.82-223-8-23.plesk.page\/en\/wp-json\/wp\/v2\/editoriales?post=18994"},{"taxonomy":"tienda","embeddable":true,"href":"https:\/\/wizardly-davinci.82-223-8-23.plesk.page\/en\/wp-json\/wp\/v2\/tienda?post=18994"},{"taxonomy":"autor_id","embeddable":true,"href":"https:\/\/wizardly-davinci.82-223-8-23.plesk.page\/en\/wp-json\/wp\/v2\/autor_id?post=18994"},{"taxonomy":"universidades_coeditoras","embeddable":true,"href":"https:\/\/wizardly-davinci.82-223-8-23.plesk.page\/en\/wp-json\/wp\/v2\/universidades_coeditoras?post=18994"},{"taxonomy":"palabras_clave","embeddable":true,"href":"https:\/\/wizardly-davinci.82-223-8-23.plesk.page\/en\/wp-json\/wp\/v2\/palabras_clave?post=18994"},{"taxonomy":"listado_alfabetico","embeddable":true,"href":"https:\/\/wizardly-davinci.82-223-8-23.plesk.page\/en\/wp-json\/wp\/v2\/listado_alfabetico?post=18994"}],"curies":[{"name":"wp","href":"https:\/\/api.w.org\/{rel}","templated":true}]}}