{"id":18998,"date":"1999-04-09T23:00:40","date_gmt":"1999-04-09T23:00:40","guid":{"rendered":"https:\/\/octaedro.com\/producto\/la-diversitat-linguistica\/"},"modified":"2023-04-25T11:18:22","modified_gmt":"2023-04-25T09:18:22","slug":"la-diversitat-linguistica","status":"publish","type":"product","link":"https:\/\/wizardly-davinci.82-223-8-23.plesk.page\/en\/producto\/la-diversitat-linguistica\/","title":{"rendered":"La diversitat ling\u00fc\u00edstica"},"content":{"rendered":"<p>\u00c9s un llibre d\u2019activitats que t\u2019ajudaran a con\u00e8ixer la diversitat ling\u00fc\u00edstica del m\u00f3n, a entendre que les difer\u00e8ncies que fem entre lleng\u00fces millors i pitjors no t\u00e9 cap fonament, i a comprovar que moltes comunitats estan discriminades per raons ling\u00fc\u00edstiques i que aix\u00f2 fa que moltes es bej\u00edn abocades a abandonar la seva llengua. Esperem que tot plegat t\u2019ajudi a reflexionar sobre les actuacions que poden contribuir a preservar la diversitat ling\u00fc\u00edstica del m\u00f3n.<\/p>\n","protected":false},"excerpt":{"rendered":"<p>\u00c9s un llibre d\u2019activitats que t\u2019ajudaran a con\u00e8ixer la diversitat ling\u00fc\u00edstica del m\u00f3n, a entendre que les difer\u00e8ncies que fem entre lleng\u00fces millors i pitjors no t\u00e9 cap fonament, i a comprovar que moltes comunitats estan discriminades per raons ling\u00fc\u00edstiques i que aix\u00f2 fa que moltes es bej\u00edn abocades a abandonar la seva llengua. Esperem que tot plegat t\u2019ajudi a reflexionar sobre les actuacions que poden contribuir a preservar la diversitat ling\u00fc\u00edstica del m\u00f3n.<\/p>\n","protected":false},"featured_media":18999,"comment_status":"open","ping_status":"closed","template":"","meta":{"_et_pb_use_builder":"","_et_pb_old_content":"","_et_gb_content_width":""},"product_cat":[1510],"product_tag":[2602],"edicion":[1083],"editoriales":[1160],"tienda":[],"autor_id":[5116,5757,6531,6579],"universidades_coeditoras":[],"palabras_clave":[],"listado_alfabetico":[],"acf":[],"_links":{"self":[{"href":"https:\/\/wizardly-davinci.82-223-8-23.plesk.page\/en\/wp-json\/wp\/v2\/product\/18998"}],"collection":[{"href":"https:\/\/wizardly-davinci.82-223-8-23.plesk.page\/en\/wp-json\/wp\/v2\/product"}],"about":[{"href":"https:\/\/wizardly-davinci.82-223-8-23.plesk.page\/en\/wp-json\/wp\/v2\/types\/product"}],"replies":[{"embeddable":true,"href":"https:\/\/wizardly-davinci.82-223-8-23.plesk.page\/en\/wp-json\/wp\/v2\/comments?post=18998"}],"wp:featuredmedia":[{"embeddable":true,"href":"https:\/\/wizardly-davinci.82-223-8-23.plesk.page\/en\/wp-json\/wp\/v2\/media\/18999"}],"wp:attachment":[{"href":"https:\/\/wizardly-davinci.82-223-8-23.plesk.page\/en\/wp-json\/wp\/v2\/media?parent=18998"}],"wp:term":[{"taxonomy":"product_cat","embeddable":true,"href":"https:\/\/wizardly-davinci.82-223-8-23.plesk.page\/en\/wp-json\/wp\/v2\/product_cat?post=18998"},{"taxonomy":"product_tag","embeddable":true,"href":"https:\/\/wizardly-davinci.82-223-8-23.plesk.page\/en\/wp-json\/wp\/v2\/product_tag?post=18998"},{"taxonomy":"edicion","embeddable":true,"href":"https:\/\/wizardly-davinci.82-223-8-23.plesk.page\/en\/wp-json\/wp\/v2\/edicion?post=18998"},{"taxonomy":"editoriales","embeddable":true,"href":"https:\/\/wizardly-davinci.82-223-8-23.plesk.page\/en\/wp-json\/wp\/v2\/editoriales?post=18998"},{"taxonomy":"tienda","embeddable":true,"href":"https:\/\/wizardly-davinci.82-223-8-23.plesk.page\/en\/wp-json\/wp\/v2\/tienda?post=18998"},{"taxonomy":"autor_id","embeddable":true,"href":"https:\/\/wizardly-davinci.82-223-8-23.plesk.page\/en\/wp-json\/wp\/v2\/autor_id?post=18998"},{"taxonomy":"universidades_coeditoras","embeddable":true,"href":"https:\/\/wizardly-davinci.82-223-8-23.plesk.page\/en\/wp-json\/wp\/v2\/universidades_coeditoras?post=18998"},{"taxonomy":"palabras_clave","embeddable":true,"href":"https:\/\/wizardly-davinci.82-223-8-23.plesk.page\/en\/wp-json\/wp\/v2\/palabras_clave?post=18998"},{"taxonomy":"listado_alfabetico","embeddable":true,"href":"https:\/\/wizardly-davinci.82-223-8-23.plesk.page\/en\/wp-json\/wp\/v2\/listado_alfabetico?post=18998"}],"curies":[{"name":"wp","href":"https:\/\/api.w.org\/{rel}","templated":true}]}}