{"id":19008,"date":"2019-04-09T22:00:42","date_gmt":"2019-04-09T22:00:42","guid":{"rendered":"https:\/\/octaedro.com\/producto\/manual-de-tutoria-universitaria-2\/"},"modified":"2023-04-25T11:19:02","modified_gmt":"2023-04-25T09:19:02","slug":"manual-de-tutoria-universitaria-2","status":"publish","type":"product","link":"https:\/\/wizardly-davinci.82-223-8-23.plesk.page\/en\/producto\/manual-de-tutoria-universitaria-2\/","title":{"rendered":"Manual de tutoria universit\u00e0ria"},"content":{"rendered":"<p>\u00cdndex Introducci\u00f3<br \/>\n1. L\u2019acci\u00f3 tutorial a la universitat<br \/>\n2. El perfil dels estudiants universitaris. Implicacions per a l\u2019acci\u00f3 tutorial<br \/>\n3. El professor-tutor universitari<br \/>\n4. Pla d\u2019Acci\u00f3 Tutorial: planificaci\u00f3 i avaluaci\u00f3<br \/>\n5. La tutoria grupal<\/p>\n<p>6. La tutoria individualitzada<br \/>\n7. Bibliografia<br \/>\n8. Contingut del CD: Estrat\u00e8gies i recursos per a l\u2019acci\u00f3 tutorialContingut El <em>Manual de Tutor\u00eda Universitaria<\/em> que teniu a les mans, fruit de la reflexi\u00f3 d\u2019un equip de professors-tutors, pret\u00e9n ser un recurs tecnicoprofessional que pot ajudar a establir, dissenyar, ejecutar i avaluar la pr\u00f2pia pr\u00e0ctica de l\u2019acci\u00f3 tutorial. Els reptes derivats de la creaci\u00f3 d\u2019un espai europeu d\u2019ensenyament d\u2019aprenentatge que es postula, exigiesen generar un sistema de suport a l\u2019estudiant que li permeti convertir-se en l\u2019aut\u00e8ntic protagonista del seu proc\u00e9s de formaci\u00f3. La figura del tutor i la seva tasca coordinada dins un pla d\u2019actuaci\u00f3 col.legiada ha d\u2019esdevenir la pe\u00e7a clan d\u2019aquest proc\u00e9s.<br \/>\nEl contingut d\u2019aquest llibre s\u2019articula al voltant del cap\u00edtol dedicat al Pla d\u2019Acci\u00f3 Tutorial, una vegada contextualitzat, justificat i il.lustrat la pr\u00e0ctica tutorial universit\u00e0ria als primer cap\u00edtols. Els recursos per a l\u2019acci\u00f3 es presenten en format CD, per tal de facilitar-ne l\u2019\u00fas i l\u2019aplicaci\u00f3 per part del tutor.<\/p>\n","protected":false},"excerpt":{"rendered":"<p>\u00cdndex Introducci\u00f3<br \/>\n1. L\u2019acci\u00f3 tutorial a la universitat<br \/>\n2. El perfil dels estudiants universitaris. Implicacions per a l\u2019acci\u00f3 tutorial<br \/>\n3. El professor-tutor universitari<br \/>\n4. Pla d\u2019Acci\u00f3 Tutorial: planificaci\u00f3 i avaluaci\u00f3<br \/>\n5. La tutoria grupal<\/p>\n<p>6. La tutoria individualitzada<br \/>\n7. Bibliografia<br \/>\n8. Contingut del CD: Estrat\u00e8gies i recursos per a l\u2019acci\u00f3 tutorialContingut El <em>Manual de Tutor\u00eda Universitaria<\/em> que teniu a les mans, fruit de la reflexi\u00f3 d\u2019un equip de professors-tutors, pret\u00e9n ser un recurs tecnicoprofessional que pot ajudar a establir, dissenyar, ejecutar i avaluar la pr\u00f2pia pr\u00e0ctica de l\u2019acci\u00f3 tutorial. Els reptes derivats de la creaci\u00f3 d\u2019un espai europeu d\u2019ensenyament d\u2019aprenentatge que es postula, exigiesen generar un sistema de suport a l\u2019estudiant que li permeti convertir-se en l\u2019aut\u00e8ntic protagonista del seu proc\u00e9s de formaci\u00f3. La figura del tutor i la seva tasca coordinada dins un pla d\u2019actuaci\u00f3 col.legiada ha d\u2019esdevenir la pe\u00e7a clan d\u2019aquest proc\u00e9s.<br \/>\nEl contingut d\u2019aquest llibre s\u2019articula al voltant del cap\u00edtol dedicat al Pla d\u2019Acci\u00f3 Tutorial, una vegada contextualitzat, justificat i il.lustrat la pr\u00e0ctica tutorial universit\u00e0ria als primer cap\u00edtols. Els recursos per a l\u2019acci\u00f3 es presenten en format CD, per tal de facilitar-ne l\u2019\u00fas i l\u2019aplicaci\u00f3 per part del tutor.<\/p>\n","protected":false},"featured_media":19009,"comment_status":"open","ping_status":"closed","template":"","meta":{"_et_pb_use_builder":"","_et_pb_old_content":"","_et_gb_content_width":""},"product_cat":[6936,6940,1510],"product_tag":[2602],"edicion":[1083],"editoriales":[1160],"tienda":[],"autor_id":[6265],"universidades_coeditoras":[],"palabras_clave":[],"listado_alfabetico":[],"acf":[],"_links":{"self":[{"href":"https:\/\/wizardly-davinci.82-223-8-23.plesk.page\/en\/wp-json\/wp\/v2\/product\/19008"}],"collection":[{"href":"https:\/\/wizardly-davinci.82-223-8-23.plesk.page\/en\/wp-json\/wp\/v2\/product"}],"about":[{"href":"https:\/\/wizardly-davinci.82-223-8-23.plesk.page\/en\/wp-json\/wp\/v2\/types\/product"}],"replies":[{"embeddable":true,"href":"https:\/\/wizardly-davinci.82-223-8-23.plesk.page\/en\/wp-json\/wp\/v2\/comments?post=19008"}],"wp:featuredmedia":[{"embeddable":true,"href":"https:\/\/wizardly-davinci.82-223-8-23.plesk.page\/en\/wp-json\/wp\/v2\/media\/19009"}],"wp:attachment":[{"href":"https:\/\/wizardly-davinci.82-223-8-23.plesk.page\/en\/wp-json\/wp\/v2\/media?parent=19008"}],"wp:term":[{"taxonomy":"product_cat","embeddable":true,"href":"https:\/\/wizardly-davinci.82-223-8-23.plesk.page\/en\/wp-json\/wp\/v2\/product_cat?post=19008"},{"taxonomy":"product_tag","embeddable":true,"href":"https:\/\/wizardly-davinci.82-223-8-23.plesk.page\/en\/wp-json\/wp\/v2\/product_tag?post=19008"},{"taxonomy":"edicion","embeddable":true,"href":"https:\/\/wizardly-davinci.82-223-8-23.plesk.page\/en\/wp-json\/wp\/v2\/edicion?post=19008"},{"taxonomy":"editoriales","embeddable":true,"href":"https:\/\/wizardly-davinci.82-223-8-23.plesk.page\/en\/wp-json\/wp\/v2\/editoriales?post=19008"},{"taxonomy":"tienda","embeddable":true,"href":"https:\/\/wizardly-davinci.82-223-8-23.plesk.page\/en\/wp-json\/wp\/v2\/tienda?post=19008"},{"taxonomy":"autor_id","embeddable":true,"href":"https:\/\/wizardly-davinci.82-223-8-23.plesk.page\/en\/wp-json\/wp\/v2\/autor_id?post=19008"},{"taxonomy":"universidades_coeditoras","embeddable":true,"href":"https:\/\/wizardly-davinci.82-223-8-23.plesk.page\/en\/wp-json\/wp\/v2\/universidades_coeditoras?post=19008"},{"taxonomy":"palabras_clave","embeddable":true,"href":"https:\/\/wizardly-davinci.82-223-8-23.plesk.page\/en\/wp-json\/wp\/v2\/palabras_clave?post=19008"},{"taxonomy":"listado_alfabetico","embeddable":true,"href":"https:\/\/wizardly-davinci.82-223-8-23.plesk.page\/en\/wp-json\/wp\/v2\/listado_alfabetico?post=19008"}],"curies":[{"name":"wp","href":"https:\/\/api.w.org\/{rel}","templated":true}]}}