{"id":19014,"date":"2019-04-09T23:00:43","date_gmt":"2019-04-09T23:00:43","guid":{"rendered":"https:\/\/octaedro.com\/producto\/aprenentatge-servei\/"},"modified":"2023-04-25T11:19:24","modified_gmt":"2023-04-25T09:19:24","slug":"aprenentatge-servei","status":"publish","type":"product","link":"https:\/\/wizardly-davinci.82-223-8-23.plesk.page\/en\/producto\/aprenentatge-servei\/","title":{"rendered":"Aprenentatge servei"},"content":{"rendered":"<p>&Iacute;ndex <\/strong>Pr\u00f2leg <br \/> 1. Qu\u00e8 \u00e9s l\u2019aprenentatge servei?  <br \/> 2. Reflexions sobre l\u2019aprenentatge servei <br \/> 3. Metodolog\u00eda dels proyectes d\u2019aprenentatge servei <br \/> 4. L\u2019aprenentatge servei en l\u2019educaci\u00f3 formal <br \/> 5. L\u2019aprenentatge servei en l\u2019educaci\u00f3 no formal <br \/> 6. Implantaci\u00f3 territorial de proyectes d\u2019aprenentatge servei <\/p>\n<p> Ep\u00edleg <br \/> Agra\u00efments <br \/> Bibliograf\u00eda <br \/> \u00cdndex general Contingut Qu\u00e8 \u00e9s l\u2019aprenentatge servei? L\u2019APS \u00e9s una proposta educativa que combina processos d\u2019aprenentatge i de servei a la comunitat en un sol projecte ben articulat en qu\u00e8 els participants es formen tot treballant sobre necessitats reals de l\u2019entorn amb l\u2019objetiu de millorar-lo. L\u2019APS no \u00e9s nom\u00e9s una activitat de voluntariat, perqu\u00e8 est\u00e0 vinculada a l\u2019adquisici\u00f3 de coneixements; per\u00f2 tampoc no \u00e9s exclusivament una activitat intel.letual, perqu\u00e8 es projecta en la realitzaci\u00f3 d\u2019accions necess\u00e0ries per a la col.lectivitat. Es tracta d\u2019una proposta innovadora at\u00e8s que pot transformar el proc\u00e9s d\u2019adquisici\u00f3 de coneixements i esdevenir un cam\u00ed plenament participatiu d\u2019educaci\u00f3 c\u00edvica i de formaci\u00f3 en valors per a la ciudadania.<br \/>Aquesta obra \u00e9s una introducci\u00f3 panor\u00e0mica a l\u2019APS. Se\u2019n presenten l\u2019origen i els trets m\u00e9s characteristics, posteriorment s\u2019exposen les teories que el fonamenten, es revisa la metodologia d\u2019aquests projectes, se\u2019n presenta l\u2019aplicaci\u00f3 en els \u00e0mbits educatius formal i no formals, i finalment es postren les condicions per a la seva implantaci\u00f3 territorial.<\/p>\n","protected":false},"excerpt":{"rendered":"<p>&Iacute;ndex <\/strong>Pr\u00f2leg <br \/> 1. Qu\u00e8 \u00e9s l\u2019aprenentatge servei?  <br \/> 2. Reflexions sobre l\u2019aprenentatge servei <br \/> 3. Metodolog\u00eda dels proyectes d\u2019aprenentatge servei <br \/> 4. L\u2019aprenentatge servei en l\u2019educaci\u00f3 formal <br \/> 5. L\u2019aprenentatge servei en l\u2019educaci\u00f3 no formal <br \/> 6. Implantaci\u00f3 territorial de proyectes d\u2019aprenentatge servei <\/p>\n<p> Ep\u00edleg <br \/> Agra\u00efments <br \/> Bibliograf\u00eda <br \/> \u00cdndex general Contingut Qu\u00e8 \u00e9s l\u2019aprenentatge servei? L\u2019APS \u00e9s una proposta educativa que combina processos d\u2019aprenentatge i de servei a la comunitat en un sol projecte ben articulat en qu\u00e8 els participants es formen tot treballant sobre necessitats reals de l\u2019entorn amb l\u2019objetiu de millorar-lo. L\u2019APS no \u00e9s nom\u00e9s una activitat de voluntariat, perqu\u00e8 est\u00e0 vinculada a l\u2019adquisici\u00f3 de coneixements; per\u00f2 tampoc no \u00e9s exclusivament una activitat intel.letual, perqu\u00e8 es projecta en la realitzaci\u00f3 d\u2019accions necess\u00e0ries per a la col.lectivitat. Es tracta d\u2019una proposta innovadora at\u00e8s que pot transformar el proc\u00e9s d\u2019adquisici\u00f3 de coneixements i esdevenir un cam\u00ed plenament participatiu d\u2019educaci\u00f3 c\u00edvica i de formaci\u00f3 en valors per a la ciudadania.<br \/>Aquesta obra \u00e9s una introducci\u00f3 panor\u00e0mica a l\u2019APS. Se\u2019n presenten l\u2019origen i els trets m\u00e9s characteristics, posteriorment s\u2019exposen les teories que el fonamenten, es revisa la metodologia d\u2019aquests projectes, se\u2019n presenta l\u2019aplicaci\u00f3 en els \u00e0mbits educatius formal i no formals, i finalment es postren les condicions per a la seva implantaci\u00f3 territorial.<\/p>\n","protected":false},"featured_media":19015,"comment_status":"open","ping_status":"closed","template":"","meta":{"_et_pb_use_builder":"","_et_pb_old_content":"","_et_gb_content_width":""},"product_cat":[1510],"product_tag":[],"edicion":[],"editoriales":[1160],"tienda":[],"autor_id":[5130,5180,6189],"universidades_coeditoras":[],"palabras_clave":[],"listado_alfabetico":[],"acf":[],"_links":{"self":[{"href":"https:\/\/wizardly-davinci.82-223-8-23.plesk.page\/en\/wp-json\/wp\/v2\/product\/19014"}],"collection":[{"href":"https:\/\/wizardly-davinci.82-223-8-23.plesk.page\/en\/wp-json\/wp\/v2\/product"}],"about":[{"href":"https:\/\/wizardly-davinci.82-223-8-23.plesk.page\/en\/wp-json\/wp\/v2\/types\/product"}],"replies":[{"embeddable":true,"href":"https:\/\/wizardly-davinci.82-223-8-23.plesk.page\/en\/wp-json\/wp\/v2\/comments?post=19014"}],"wp:featuredmedia":[{"embeddable":true,"href":"https:\/\/wizardly-davinci.82-223-8-23.plesk.page\/en\/wp-json\/wp\/v2\/media\/19015"}],"wp:attachment":[{"href":"https:\/\/wizardly-davinci.82-223-8-23.plesk.page\/en\/wp-json\/wp\/v2\/media?parent=19014"}],"wp:term":[{"taxonomy":"product_cat","embeddable":true,"href":"https:\/\/wizardly-davinci.82-223-8-23.plesk.page\/en\/wp-json\/wp\/v2\/product_cat?post=19014"},{"taxonomy":"product_tag","embeddable":true,"href":"https:\/\/wizardly-davinci.82-223-8-23.plesk.page\/en\/wp-json\/wp\/v2\/product_tag?post=19014"},{"taxonomy":"edicion","embeddable":true,"href":"https:\/\/wizardly-davinci.82-223-8-23.plesk.page\/en\/wp-json\/wp\/v2\/edicion?post=19014"},{"taxonomy":"editoriales","embeddable":true,"href":"https:\/\/wizardly-davinci.82-223-8-23.plesk.page\/en\/wp-json\/wp\/v2\/editoriales?post=19014"},{"taxonomy":"tienda","embeddable":true,"href":"https:\/\/wizardly-davinci.82-223-8-23.plesk.page\/en\/wp-json\/wp\/v2\/tienda?post=19014"},{"taxonomy":"autor_id","embeddable":true,"href":"https:\/\/wizardly-davinci.82-223-8-23.plesk.page\/en\/wp-json\/wp\/v2\/autor_id?post=19014"},{"taxonomy":"universidades_coeditoras","embeddable":true,"href":"https:\/\/wizardly-davinci.82-223-8-23.plesk.page\/en\/wp-json\/wp\/v2\/universidades_coeditoras?post=19014"},{"taxonomy":"palabras_clave","embeddable":true,"href":"https:\/\/wizardly-davinci.82-223-8-23.plesk.page\/en\/wp-json\/wp\/v2\/palabras_clave?post=19014"},{"taxonomy":"listado_alfabetico","embeddable":true,"href":"https:\/\/wizardly-davinci.82-223-8-23.plesk.page\/en\/wp-json\/wp\/v2\/listado_alfabetico?post=19014"}],"curies":[{"name":"wp","href":"https:\/\/api.w.org\/{rel}","templated":true}]}}