{"id":19016,"date":"2019-04-09T22:21:43","date_gmt":"2019-04-09T22:21:43","guid":{"rendered":"https:\/\/octaedro.com\/producto\/experiencies-daprenentatge-servei\/"},"modified":"2023-04-25T11:19:31","modified_gmt":"2023-04-25T09:19:31","slug":"experiencies-daprenentatge-servei","status":"publish","type":"product","link":"https:\/\/wizardly-davinci.82-223-8-23.plesk.page\/en\/producto\/experiencies-daprenentatge-servei\/","title":{"rendered":"Experi\u00e8ncies d&#8217;aprenentatge servei"},"content":{"rendered":"<p>\u00cdndex Pr\u00f2leg<br \/>\nPresentaci\u00f3<br \/>\nQu\u00e8 \u00e9s l\u2019aprenentatge servei?<br \/>\n1. L\u2019aprenentatge servei a l\u2019escola<br \/>\n2. L\u2019aprenentatge servei a la universitat<br \/>\n3. L\u2019aprenentatge servei a l\u2019educaci\u00f3 no formal<br \/>\nBibliograf\u00eda Contingut L\u2019aprenentatge servei \u00e9s una proposta educativa que combina l\u2019aprenentatge de continguts, habilitats i valors amb el servei a la comunitat. Es tracta d\u2019un tipus d\u2019activitat que s\u2019ha desenvolupat de manera intu\u00eftiva des de diferents entitats i \u00e0mbits educatius.<br \/>\nDes de fa temps, s\u2019ha fet un esfor\u00e7 per sistematitzar i compartir bones pr\u00e0ctiques educatives que tenen en com\u00fa l\u2019aprenentatge dels infants I joves i la seva acci\u00f3 directa en el medi amb la voluntad de millorar-lo. Moltes d\u2019aquestes pr\u00e0ctiques no han estat concebudes com a activitats d\u2019aprenentatge servei pr\u00f2piament, per\u00f2 el seu desenvolupament cont\u00e9 els elements fonamentals perqu\u00e8 les considerem for\u00e7a pr\u00f2ximes o puguem denominar-les amb aquest terme.<br \/>\nAquest llibre aplega una selecci\u00f3 de bones pr\u00e0ctiques amb la voluntad de donar a con\u00e8ixer aquesta proposta educativa. S\u2019hi presenten un total de deu experi\u00e8ncies narrades i sistematitzades de forma detallada, que s\u2019agrupen en tres blocs: aprenentatge servei a l\u2019escola, a la universitat i a l\u2019educaci\u00f3 no formal<\/p>\n","protected":false},"excerpt":{"rendered":"<p>\u00cdndex Pr\u00f2leg<br \/>\nPresentaci\u00f3<br \/>\nQu\u00e8 \u00e9s l\u2019aprenentatge servei?<br \/>\n1. L\u2019aprenentatge servei a l\u2019escola<br \/>\n2. L\u2019aprenentatge servei a la universitat<br \/>\n3. L\u2019aprenentatge servei a l\u2019educaci\u00f3 no formal<br \/>\nBibliograf\u00eda Contingut L\u2019aprenentatge servei \u00e9s una proposta educativa que combina l\u2019aprenentatge de continguts, habilitats i valors amb el servei a la comunitat. Es tracta d\u2019un tipus d\u2019activitat que s\u2019ha desenvolupat de manera intu\u00eftiva des de diferents entitats i \u00e0mbits educatius.<br \/>\nDes de fa temps, s\u2019ha fet un esfor\u00e7 per sistematitzar i compartir bones pr\u00e0ctiques educatives que tenen en com\u00fa l\u2019aprenentatge dels infants I joves i la seva acci\u00f3 directa en el medi amb la voluntad de millorar-lo. Moltes d\u2019aquestes pr\u00e0ctiques no han estat concebudes com a activitats d\u2019aprenentatge servei pr\u00f2piament, per\u00f2 el seu desenvolupament cont\u00e9 els elements fonamentals perqu\u00e8 les considerem for\u00e7a pr\u00f2ximes o puguem denominar-les amb aquest terme.<br \/>\nAquest llibre aplega una selecci\u00f3 de bones pr\u00e0ctiques amb la voluntad de donar a con\u00e8ixer aquesta proposta educativa. S\u2019hi presenten un total de deu experi\u00e8ncies narrades i sistematitzades de forma detallada, que s\u2019agrupen en tres blocs: aprenentatge servei a l\u2019escola, a la universitat i a l\u2019educaci\u00f3 no formal<\/p>\n","protected":false},"featured_media":19017,"comment_status":"open","ping_status":"closed","template":"","meta":{"_et_pb_use_builder":"","_et_pb_old_content":"","_et_gb_content_width":""},"product_cat":[1510],"product_tag":[2602],"edicion":[1083],"editoriales":[1160],"tienda":[],"autor_id":[5911,6310],"universidades_coeditoras":[],"palabras_clave":[],"listado_alfabetico":[],"acf":[],"_links":{"self":[{"href":"https:\/\/wizardly-davinci.82-223-8-23.plesk.page\/en\/wp-json\/wp\/v2\/product\/19016"}],"collection":[{"href":"https:\/\/wizardly-davinci.82-223-8-23.plesk.page\/en\/wp-json\/wp\/v2\/product"}],"about":[{"href":"https:\/\/wizardly-davinci.82-223-8-23.plesk.page\/en\/wp-json\/wp\/v2\/types\/product"}],"replies":[{"embeddable":true,"href":"https:\/\/wizardly-davinci.82-223-8-23.plesk.page\/en\/wp-json\/wp\/v2\/comments?post=19016"}],"wp:featuredmedia":[{"embeddable":true,"href":"https:\/\/wizardly-davinci.82-223-8-23.plesk.page\/en\/wp-json\/wp\/v2\/media\/19017"}],"wp:attachment":[{"href":"https:\/\/wizardly-davinci.82-223-8-23.plesk.page\/en\/wp-json\/wp\/v2\/media?parent=19016"}],"wp:term":[{"taxonomy":"product_cat","embeddable":true,"href":"https:\/\/wizardly-davinci.82-223-8-23.plesk.page\/en\/wp-json\/wp\/v2\/product_cat?post=19016"},{"taxonomy":"product_tag","embeddable":true,"href":"https:\/\/wizardly-davinci.82-223-8-23.plesk.page\/en\/wp-json\/wp\/v2\/product_tag?post=19016"},{"taxonomy":"edicion","embeddable":true,"href":"https:\/\/wizardly-davinci.82-223-8-23.plesk.page\/en\/wp-json\/wp\/v2\/edicion?post=19016"},{"taxonomy":"editoriales","embeddable":true,"href":"https:\/\/wizardly-davinci.82-223-8-23.plesk.page\/en\/wp-json\/wp\/v2\/editoriales?post=19016"},{"taxonomy":"tienda","embeddable":true,"href":"https:\/\/wizardly-davinci.82-223-8-23.plesk.page\/en\/wp-json\/wp\/v2\/tienda?post=19016"},{"taxonomy":"autor_id","embeddable":true,"href":"https:\/\/wizardly-davinci.82-223-8-23.plesk.page\/en\/wp-json\/wp\/v2\/autor_id?post=19016"},{"taxonomy":"universidades_coeditoras","embeddable":true,"href":"https:\/\/wizardly-davinci.82-223-8-23.plesk.page\/en\/wp-json\/wp\/v2\/universidades_coeditoras?post=19016"},{"taxonomy":"palabras_clave","embeddable":true,"href":"https:\/\/wizardly-davinci.82-223-8-23.plesk.page\/en\/wp-json\/wp\/v2\/palabras_clave?post=19016"},{"taxonomy":"listado_alfabetico","embeddable":true,"href":"https:\/\/wizardly-davinci.82-223-8-23.plesk.page\/en\/wp-json\/wp\/v2\/listado_alfabetico?post=19016"}],"curies":[{"name":"wp","href":"https:\/\/api.w.org\/{rel}","templated":true}]}}