{"id":19022,"date":"2019-04-09T23:00:43","date_gmt":"2019-04-09T23:00:43","guid":{"rendered":"https:\/\/octaedro.com\/producto\/sota-la-lluna-verda\/"},"modified":"2023-04-25T11:19:52","modified_gmt":"2023-04-25T09:19:52","slug":"sota-la-lluna-verda","status":"publish","type":"product","link":"https:\/\/wizardly-davinci.82-223-8-23.plesk.page\/en\/producto\/sota-la-lluna-verda\/","title":{"rendered":"Sota la lluna verda"},"content":{"rendered":"<p>&Iacute;ndex <\/strong>Presentaci\u00f3 <br \/> 1. Projecte d\u2019Educaci\u00f3 en Valors <br \/> 2. Estructura i organitzaci\u00f3 de les tert\u00falies caf\u00e8 Lluna Verda <br \/> 3. Continguts de les tert\u00falies: estacions i salts <br \/> 4. Visita al caf\u00e8 de la Lluna Verda: un recorregut per cada tert\u00falia <br \/> 5. Un esb\u00f3s de les \u00faltimes tert\u00falies <br \/> 6. Consideracions finalsContingut Conversar \u00e9s un plaer. Compartir el relat de los postres viv\u00e8ncies, desitjos, il\u00b7lusions pel plaer d\u2019estar en relaci\u00f3, d\u2019escoltar i ser escoltat, \u00e9s una pr\u00e1ctica que es perd en la nit dels temps i les cultures. Recuperar aquesta pr\u00e1ctica i portar-la al camp de les postres experi\u00e8ncies educatives ha estat durant aquests set anys la finalitat de l\u2019espai \u00abTert\u00falies caf\u00e8 Lluna Verda\u00bb. El Projecte d\u2019Educaci\u00f3 en Valors de l\u2019Institut d\u2019Educaci\u00f3 de l\u2019Ajuntament de Barcelona ha volgut crear aquest espai per acollir les nombroses experi\u00e8ncies educatives que es duen a terme a la ciutat de Barcelona i facilitar-ne l\u2019intercanvi d\u2019una manera vivencial i directa, en un clima de confianza, ric en matisos i molt acurat en les formes d\u2019expressi\u00f3 i de comunicaci\u00f3. Ens hem emocionat, hem somiat i hem viatjat als diferents racons de la ciutat en qu\u00e8 els educadors fan una aposta di\u00e0ria per fer l\u2019educaci\u00f3 una experi\u00e8ncia vital i creativa. Per aquest espai han passat experi\u00e8ncies art\u00edstiques, musicals, jardins escolars renovats, experi\u00e8ncies de noves formes de relaci\u00f3 en situacions de diversitat cultural, les emocions a l\u2019aula, la passi\u00f3 pel coneixement, la resoluci\u00f3 de conflictos, intercanvis escolars, d\u2019educaci\u00f3 afectivosexual, la mirada de les dones a la literatura, la hist\u00f2ria\u2026 i molt\u00edssims testimonis m\u00e9s del tresor que constitueix l\u2019educaci\u00f3 en el seu comprim\u00eds per formar persones al segle XXI.<\/p>\n","protected":false},"excerpt":{"rendered":"<p>&Iacute;ndex <\/strong>Presentaci\u00f3 <br \/> 1. Projecte d\u2019Educaci\u00f3 en Valors <br \/> 2. Estructura i organitzaci\u00f3 de les tert\u00falies caf\u00e8 Lluna Verda <br \/> 3. Continguts de les tert\u00falies: estacions i salts <br \/> 4. Visita al caf\u00e8 de la Lluna Verda: un recorregut per cada tert\u00falia <br \/> 5. Un esb\u00f3s de les \u00faltimes tert\u00falies <br \/> 6. Consideracions finalsContingut Conversar \u00e9s un plaer. Compartir el relat de los postres viv\u00e8ncies, desitjos, il\u00b7lusions pel plaer d\u2019estar en relaci\u00f3, d\u2019escoltar i ser escoltat, \u00e9s una pr\u00e1ctica que es perd en la nit dels temps i les cultures. Recuperar aquesta pr\u00e1ctica i portar-la al camp de les postres experi\u00e8ncies educatives ha estat durant aquests set anys la finalitat de l\u2019espai \u00abTert\u00falies caf\u00e8 Lluna Verda\u00bb. El Projecte d\u2019Educaci\u00f3 en Valors de l\u2019Institut d\u2019Educaci\u00f3 de l\u2019Ajuntament de Barcelona ha volgut crear aquest espai per acollir les nombroses experi\u00e8ncies educatives que es duen a terme a la ciutat de Barcelona i facilitar-ne l\u2019intercanvi d\u2019una manera vivencial i directa, en un clima de confianza, ric en matisos i molt acurat en les formes d\u2019expressi\u00f3 i de comunicaci\u00f3. Ens hem emocionat, hem somiat i hem viatjat als diferents racons de la ciutat en qu\u00e8 els educadors fan una aposta di\u00e0ria per fer l\u2019educaci\u00f3 una experi\u00e8ncia vital i creativa. Per aquest espai han passat experi\u00e8ncies art\u00edstiques, musicals, jardins escolars renovats, experi\u00e8ncies de noves formes de relaci\u00f3 en situacions de diversitat cultural, les emocions a l\u2019aula, la passi\u00f3 pel coneixement, la resoluci\u00f3 de conflictos, intercanvis escolars, d\u2019educaci\u00f3 afectivosexual, la mirada de les dones a la literatura, la hist\u00f2ria\u2026 i molt\u00edssims testimonis m\u00e9s del tresor que constitueix l\u2019educaci\u00f3 en el seu comprim\u00eds per formar persones al segle XXI.<\/p>\n","protected":false},"featured_media":19023,"comment_status":"open","ping_status":"closed","template":"","meta":{"_et_pb_use_builder":"","_et_pb_old_content":"","_et_gb_content_width":""},"product_cat":[1510],"product_tag":[],"edicion":[],"editoriales":[1160],"tienda":[],"autor_id":[5723],"universidades_coeditoras":[],"palabras_clave":[],"listado_alfabetico":[],"acf":[],"_links":{"self":[{"href":"https:\/\/wizardly-davinci.82-223-8-23.plesk.page\/en\/wp-json\/wp\/v2\/product\/19022"}],"collection":[{"href":"https:\/\/wizardly-davinci.82-223-8-23.plesk.page\/en\/wp-json\/wp\/v2\/product"}],"about":[{"href":"https:\/\/wizardly-davinci.82-223-8-23.plesk.page\/en\/wp-json\/wp\/v2\/types\/product"}],"replies":[{"embeddable":true,"href":"https:\/\/wizardly-davinci.82-223-8-23.plesk.page\/en\/wp-json\/wp\/v2\/comments?post=19022"}],"wp:featuredmedia":[{"embeddable":true,"href":"https:\/\/wizardly-davinci.82-223-8-23.plesk.page\/en\/wp-json\/wp\/v2\/media\/19023"}],"wp:attachment":[{"href":"https:\/\/wizardly-davinci.82-223-8-23.plesk.page\/en\/wp-json\/wp\/v2\/media?parent=19022"}],"wp:term":[{"taxonomy":"product_cat","embeddable":true,"href":"https:\/\/wizardly-davinci.82-223-8-23.plesk.page\/en\/wp-json\/wp\/v2\/product_cat?post=19022"},{"taxonomy":"product_tag","embeddable":true,"href":"https:\/\/wizardly-davinci.82-223-8-23.plesk.page\/en\/wp-json\/wp\/v2\/product_tag?post=19022"},{"taxonomy":"edicion","embeddable":true,"href":"https:\/\/wizardly-davinci.82-223-8-23.plesk.page\/en\/wp-json\/wp\/v2\/edicion?post=19022"},{"taxonomy":"editoriales","embeddable":true,"href":"https:\/\/wizardly-davinci.82-223-8-23.plesk.page\/en\/wp-json\/wp\/v2\/editoriales?post=19022"},{"taxonomy":"tienda","embeddable":true,"href":"https:\/\/wizardly-davinci.82-223-8-23.plesk.page\/en\/wp-json\/wp\/v2\/tienda?post=19022"},{"taxonomy":"autor_id","embeddable":true,"href":"https:\/\/wizardly-davinci.82-223-8-23.plesk.page\/en\/wp-json\/wp\/v2\/autor_id?post=19022"},{"taxonomy":"universidades_coeditoras","embeddable":true,"href":"https:\/\/wizardly-davinci.82-223-8-23.plesk.page\/en\/wp-json\/wp\/v2\/universidades_coeditoras?post=19022"},{"taxonomy":"palabras_clave","embeddable":true,"href":"https:\/\/wizardly-davinci.82-223-8-23.plesk.page\/en\/wp-json\/wp\/v2\/palabras_clave?post=19022"},{"taxonomy":"listado_alfabetico","embeddable":true,"href":"https:\/\/wizardly-davinci.82-223-8-23.plesk.page\/en\/wp-json\/wp\/v2\/listado_alfabetico?post=19022"}],"curies":[{"name":"wp","href":"https:\/\/api.w.org\/{rel}","templated":true}]}}