{"id":19028,"date":"2007-11-01T23:00:44","date_gmt":"2007-11-01T23:00:44","guid":{"rendered":"https:\/\/octaedro.com\/producto\/entorn-innovador-iniciativa-emprenedora-i-desenvolupament-local\/"},"modified":"2023-04-25T11:20:17","modified_gmt":"2023-04-25T09:20:17","slug":"entorn-innovador-iniciativa-emprenedora-i-desenvolupament-local","status":"publish","type":"product","link":"https:\/\/wizardly-davinci.82-223-8-23.plesk.page\/en\/producto\/entorn-innovador-iniciativa-emprenedora-i-desenvolupament-local\/","title":{"rendered":"Entorn innovador, iniciativa emprenedora i desenvolupament local"},"content":{"rendered":"<p>En els mercats actuals, sotmesos a un intens proc\u00e9s de globalitzaci\u00f3, el coneixement representa una font de competititvitat fonamental i, per aix\u00f2, les empreses de nova creaci\u00f3 hi tenen un paper decisiu. En aquesta obra s\u2019analitza de quina manera un entorn com el que potencia Barcelona Activa (l\u2019ag\u00e8ncia de desenvolupament local de l\u2019Ajuntament de Barcelona pot estimular les iniciatives emprenedores i la innovaci\u00f3 empresarial. A trav\u00e9s d\u2019aquest estudi queda pal\u00e8s que les noves empreses, gr\u00e0cies a l\u2019\u00fas de les tecnologies de la informaci\u00f3 i la comunicaci\u00f3 i la interacci\u00f3 amb altres agents, poden crear dissenys estrat\u00e8gics i organitzatius flexibles i avan\u00e7ats que els permeten adaptar-se r\u00e0pidament proyectes empresarials de nova creaci\u00f3 poden arribar a esdevenir mecanismos de difusi\u00f3 del coneixement i de generaci\u00f3 d\u2019innovacions. Amb tot aix\u00f2 es posa en relleu que els emprenedors m\u00e9s qualificats poden aprofitar el coneixement per afegir valor i rendiment econ\u00f2mic a les seves iniciatives de negoci m\u00e9s innovadores.<\/p>\n","protected":false},"excerpt":{"rendered":"<p>En els mercats actuals, sotmesos a un intens proc\u00e9s de globalitzaci\u00f3, el coneixement representa una font de competititvitat fonamental i, per aix\u00f2, les empreses de nova creaci\u00f3 hi tenen un paper decisiu. En aquesta obra s\u2019analitza de quina manera un entorn com el que potencia Barcelona Activa (l\u2019ag\u00e8ncia de desenvolupament local de l\u2019Ajuntament de Barcelona pot estimular les iniciatives emprenedores i la innovaci\u00f3 empresarial. A trav\u00e9s d\u2019aquest estudi queda pal\u00e8s que les noves empreses, gr\u00e0cies a l\u2019\u00fas de les tecnologies de la informaci\u00f3 i la comunicaci\u00f3 i la interacci\u00f3 amb altres agents, poden crear dissenys estrat\u00e8gics i organitzatius flexibles i avan\u00e7ats que els permeten adaptar-se r\u00e0pidament proyectes empresarials de nova creaci\u00f3 poden arribar a esdevenir mecanismos de difusi\u00f3 del coneixement i de generaci\u00f3 d\u2019innovacions. Amb tot aix\u00f2 es posa en relleu que els emprenedors m\u00e9s qualificats poden aprofitar el coneixement per afegir valor i rendiment econ\u00f2mic a les seves iniciatives de negoci m\u00e9s innovadores.<\/p>\n","protected":false},"featured_media":19029,"comment_status":"open","ping_status":"closed","template":"","meta":{"_et_pb_use_builder":"","_et_pb_old_content":"","_et_gb_content_width":""},"product_cat":[1510],"product_tag":[2602],"edicion":[1083],"editoriales":[1160],"tienda":[],"autor_id":[5815],"universidades_coeditoras":[],"palabras_clave":[],"listado_alfabetico":[],"acf":[],"_links":{"self":[{"href":"https:\/\/wizardly-davinci.82-223-8-23.plesk.page\/en\/wp-json\/wp\/v2\/product\/19028"}],"collection":[{"href":"https:\/\/wizardly-davinci.82-223-8-23.plesk.page\/en\/wp-json\/wp\/v2\/product"}],"about":[{"href":"https:\/\/wizardly-davinci.82-223-8-23.plesk.page\/en\/wp-json\/wp\/v2\/types\/product"}],"replies":[{"embeddable":true,"href":"https:\/\/wizardly-davinci.82-223-8-23.plesk.page\/en\/wp-json\/wp\/v2\/comments?post=19028"}],"wp:featuredmedia":[{"embeddable":true,"href":"https:\/\/wizardly-davinci.82-223-8-23.plesk.page\/en\/wp-json\/wp\/v2\/media\/19029"}],"wp:attachment":[{"href":"https:\/\/wizardly-davinci.82-223-8-23.plesk.page\/en\/wp-json\/wp\/v2\/media?parent=19028"}],"wp:term":[{"taxonomy":"product_cat","embeddable":true,"href":"https:\/\/wizardly-davinci.82-223-8-23.plesk.page\/en\/wp-json\/wp\/v2\/product_cat?post=19028"},{"taxonomy":"product_tag","embeddable":true,"href":"https:\/\/wizardly-davinci.82-223-8-23.plesk.page\/en\/wp-json\/wp\/v2\/product_tag?post=19028"},{"taxonomy":"edicion","embeddable":true,"href":"https:\/\/wizardly-davinci.82-223-8-23.plesk.page\/en\/wp-json\/wp\/v2\/edicion?post=19028"},{"taxonomy":"editoriales","embeddable":true,"href":"https:\/\/wizardly-davinci.82-223-8-23.plesk.page\/en\/wp-json\/wp\/v2\/editoriales?post=19028"},{"taxonomy":"tienda","embeddable":true,"href":"https:\/\/wizardly-davinci.82-223-8-23.plesk.page\/en\/wp-json\/wp\/v2\/tienda?post=19028"},{"taxonomy":"autor_id","embeddable":true,"href":"https:\/\/wizardly-davinci.82-223-8-23.plesk.page\/en\/wp-json\/wp\/v2\/autor_id?post=19028"},{"taxonomy":"universidades_coeditoras","embeddable":true,"href":"https:\/\/wizardly-davinci.82-223-8-23.plesk.page\/en\/wp-json\/wp\/v2\/universidades_coeditoras?post=19028"},{"taxonomy":"palabras_clave","embeddable":true,"href":"https:\/\/wizardly-davinci.82-223-8-23.plesk.page\/en\/wp-json\/wp\/v2\/palabras_clave?post=19028"},{"taxonomy":"listado_alfabetico","embeddable":true,"href":"https:\/\/wizardly-davinci.82-223-8-23.plesk.page\/en\/wp-json\/wp\/v2\/listado_alfabetico?post=19028"}],"curies":[{"name":"wp","href":"https:\/\/api.w.org\/{rel}","templated":true}]}}