{"id":19030,"date":"2019-04-09T23:00:44","date_gmt":"2019-04-09T23:00:44","guid":{"rendered":"https:\/\/octaedro.com\/producto\/jo-ni-mes-ni-menys\/"},"modified":"2023-04-25T11:20:24","modified_gmt":"2023-04-25T09:20:24","slug":"jo-ni-mes-ni-menys","status":"publish","type":"product","link":"https:\/\/wizardly-davinci.82-223-8-23.plesk.page\/en\/producto\/jo-ni-mes-ni-menys\/","title":{"rendered":"Jo, ni m\u00e9s, ni menys"},"content":{"rendered":"<p>Per qu\u00e8 \u00e9s m\u00e9s assertiu dir \u201cno\u201d que dir \u201cs\u00ed\u201d? Per qu\u00e8 considerem que les dones s\u00f3n agressives si responen de la mateixa manera que un home en una mateixa situaci\u00f3 i en canvi diem que l\u2019home \u00e9s assertiu? L\u2019assertivitat ve de dins o \u00e9s un vestit que hem de dur en determinades ocasions? Per qu\u00e8 moltes dones ens sentim impel.lides a mostrar-nos conciliadores i a cedir mentre que molts homes troben natural defensar als seus interessos i perseguir els seus objectius? I per qu\u00e8 algunes dones es passen a l\u2019altra banda i comencen a mossegar?<br \/>\n\u00c9s cert que si aprenem a relacionar-nos des de l\u2019assertivitat ens sentirem millor? Com podem aprendre\u2019n, a ser assertives i assertius? Hi ha receptes, per aconseguir-ho?<br \/>\nAquest llibre no \u00e9s segur que us doni totes les respostes, per\u00f2 confio que us proporcioni algunes indicacions per repensar les relacions entre el poder i la comunicaci\u00f3 i que us faciliti, mitjan\u00e7ant les t\u00e8cniques i procediments que s\u2019hi expliquen, el canvi cap a l\u2019assertivitat que penseu que haur\u00edeu d\u2019intentar i que segurament voldreu iniciar.<\/p>\n","protected":false},"excerpt":{"rendered":"<p>Per qu\u00e8 \u00e9s m\u00e9s assertiu dir \u201cno\u201d que dir \u201cs\u00ed\u201d? Per qu\u00e8 considerem que les dones s\u00f3n agressives si responen de la mateixa manera que un home en una mateixa situaci\u00f3 i en canvi diem que l\u2019home \u00e9s assertiu? L\u2019assertivitat ve de dins o \u00e9s un vestit que hem de dur en determinades ocasions? Per qu\u00e8 moltes dones ens sentim impel.lides a mostrar-nos conciliadores i a cedir mentre que molts homes troben natural defensar als seus interessos i perseguir els seus objectius? I per qu\u00e8 algunes dones es passen a l\u2019altra banda i comencen a mossegar?<br \/>\n\u00c9s cert que si aprenem a relacionar-nos des de l\u2019assertivitat ens sentirem millor? Com podem aprendre\u2019n, a ser assertives i assertius? Hi ha receptes, per aconseguir-ho?<br \/>\nAquest llibre no \u00e9s segur que us doni totes les respostes, per\u00f2 confio que us proporcioni algunes indicacions per repensar les relacions entre el poder i la comunicaci\u00f3 i que us faciliti, mitjan\u00e7ant les t\u00e8cniques i procediments que s\u2019hi expliquen, el canvi cap a l\u2019assertivitat que penseu que haur\u00edeu d\u2019intentar i que segurament voldreu iniciar.<\/p>\n","protected":false},"featured_media":19031,"comment_status":"open","ping_status":"closed","template":"","meta":{"_et_pb_use_builder":"","_et_pb_old_content":"","_et_gb_content_width":""},"product_cat":[6675,1510],"product_tag":[2604],"edicion":[],"editoriales":[1160],"tienda":[],"autor_id":[5447],"universidades_coeditoras":[],"palabras_clave":[],"listado_alfabetico":[],"acf":[],"_links":{"self":[{"href":"https:\/\/wizardly-davinci.82-223-8-23.plesk.page\/en\/wp-json\/wp\/v2\/product\/19030"}],"collection":[{"href":"https:\/\/wizardly-davinci.82-223-8-23.plesk.page\/en\/wp-json\/wp\/v2\/product"}],"about":[{"href":"https:\/\/wizardly-davinci.82-223-8-23.plesk.page\/en\/wp-json\/wp\/v2\/types\/product"}],"replies":[{"embeddable":true,"href":"https:\/\/wizardly-davinci.82-223-8-23.plesk.page\/en\/wp-json\/wp\/v2\/comments?post=19030"}],"wp:featuredmedia":[{"embeddable":true,"href":"https:\/\/wizardly-davinci.82-223-8-23.plesk.page\/en\/wp-json\/wp\/v2\/media\/19031"}],"wp:attachment":[{"href":"https:\/\/wizardly-davinci.82-223-8-23.plesk.page\/en\/wp-json\/wp\/v2\/media?parent=19030"}],"wp:term":[{"taxonomy":"product_cat","embeddable":true,"href":"https:\/\/wizardly-davinci.82-223-8-23.plesk.page\/en\/wp-json\/wp\/v2\/product_cat?post=19030"},{"taxonomy":"product_tag","embeddable":true,"href":"https:\/\/wizardly-davinci.82-223-8-23.plesk.page\/en\/wp-json\/wp\/v2\/product_tag?post=19030"},{"taxonomy":"edicion","embeddable":true,"href":"https:\/\/wizardly-davinci.82-223-8-23.plesk.page\/en\/wp-json\/wp\/v2\/edicion?post=19030"},{"taxonomy":"editoriales","embeddable":true,"href":"https:\/\/wizardly-davinci.82-223-8-23.plesk.page\/en\/wp-json\/wp\/v2\/editoriales?post=19030"},{"taxonomy":"tienda","embeddable":true,"href":"https:\/\/wizardly-davinci.82-223-8-23.plesk.page\/en\/wp-json\/wp\/v2\/tienda?post=19030"},{"taxonomy":"autor_id","embeddable":true,"href":"https:\/\/wizardly-davinci.82-223-8-23.plesk.page\/en\/wp-json\/wp\/v2\/autor_id?post=19030"},{"taxonomy":"universidades_coeditoras","embeddable":true,"href":"https:\/\/wizardly-davinci.82-223-8-23.plesk.page\/en\/wp-json\/wp\/v2\/universidades_coeditoras?post=19030"},{"taxonomy":"palabras_clave","embeddable":true,"href":"https:\/\/wizardly-davinci.82-223-8-23.plesk.page\/en\/wp-json\/wp\/v2\/palabras_clave?post=19030"},{"taxonomy":"listado_alfabetico","embeddable":true,"href":"https:\/\/wizardly-davinci.82-223-8-23.plesk.page\/en\/wp-json\/wp\/v2\/listado_alfabetico?post=19030"}],"curies":[{"name":"wp","href":"https:\/\/api.w.org\/{rel}","templated":true}]}}