{"id":19032,"date":"2019-04-09T23:00:45","date_gmt":"2019-04-09T23:00:45","guid":{"rendered":"https:\/\/octaedro.com\/producto\/un-canvi-de-mirada-per-abordar-i-prevenir-la-violencia-a-les-escoles\/"},"modified":"2023-04-25T11:20:31","modified_gmt":"2023-04-25T09:20:31","slug":"un-canvi-de-mirada-per-abordar-i-prevenir-la-violencia-a-les-escoles","status":"publish","type":"product","link":"https:\/\/wizardly-davinci.82-223-8-23.plesk.page\/en\/producto\/un-canvi-de-mirada-per-abordar-i-prevenir-la-violencia-a-les-escoles\/","title":{"rendered":"Un canvi de mirada per abordar i prevenir la violencia a les escoles"},"content":{"rendered":"<p>Considerar la viol\u00e8ncia a les escoles des d\u2019un punt de vista individual com una acci\u00f3 i reacci\u00f3 \u00e9s perdre tota possibilitat de fer una interpretaci\u00f3 hol\u00edstica que doni peu a la intervenci\u00f3 en les seves causes. L\u2019entorn escolar on es desenvolupa la inf\u00e0ncia i l\u2019adolesc\u00e8ncia ha de permetre propiciar un aprenentatge de les relacions interpersonals que afavoreixi el proc\u00e9s de socialitzaci\u00f3 de totes les persones en un marc de conviv\u00e8ncia basat en el coneixement i reconeixement de les persones en la seva individualitat i diversitat. Aquest coneixement ha de ser el fonament per evitar que factors de vulnerabilitat puguin propiciar actituds o conductes marginadores o negatives. Per aix\u00f2 cal un canvi de mirada per part de les persones adultes i de la societat.<\/p>\n","protected":false},"excerpt":{"rendered":"<p>Considerar la viol\u00e8ncia a les escoles des d\u2019un punt de vista individual com una acci\u00f3 i reacci\u00f3 \u00e9s perdre tota possibilitat de fer una interpretaci\u00f3 hol\u00edstica que doni peu a la intervenci\u00f3 en les seves causes. L\u2019entorn escolar on es desenvolupa la inf\u00e0ncia i l\u2019adolesc\u00e8ncia ha de permetre propiciar un aprenentatge de les relacions interpersonals que afavoreixi el proc\u00e9s de socialitzaci\u00f3 de totes les persones en un marc de conviv\u00e8ncia basat en el coneixement i reconeixement de les persones en la seva individualitat i diversitat. Aquest coneixement ha de ser el fonament per evitar que factors de vulnerabilitat puguin propiciar actituds o conductes marginadores o negatives. Per aix\u00f2 cal un canvi de mirada per part de les persones adultes i de la societat.<\/p>\n","protected":false},"featured_media":19033,"comment_status":"open","ping_status":"closed","template":"","meta":{"_et_pb_use_builder":"","_et_pb_old_content":"","_et_gb_content_width":""},"product_cat":[6675,1510],"product_tag":[2604],"edicion":[],"editoriales":[1160],"tienda":[],"autor_id":[5829],"universidades_coeditoras":[],"palabras_clave":[],"listado_alfabetico":[],"acf":[],"_links":{"self":[{"href":"https:\/\/wizardly-davinci.82-223-8-23.plesk.page\/en\/wp-json\/wp\/v2\/product\/19032"}],"collection":[{"href":"https:\/\/wizardly-davinci.82-223-8-23.plesk.page\/en\/wp-json\/wp\/v2\/product"}],"about":[{"href":"https:\/\/wizardly-davinci.82-223-8-23.plesk.page\/en\/wp-json\/wp\/v2\/types\/product"}],"replies":[{"embeddable":true,"href":"https:\/\/wizardly-davinci.82-223-8-23.plesk.page\/en\/wp-json\/wp\/v2\/comments?post=19032"}],"wp:featuredmedia":[{"embeddable":true,"href":"https:\/\/wizardly-davinci.82-223-8-23.plesk.page\/en\/wp-json\/wp\/v2\/media\/19033"}],"wp:attachment":[{"href":"https:\/\/wizardly-davinci.82-223-8-23.plesk.page\/en\/wp-json\/wp\/v2\/media?parent=19032"}],"wp:term":[{"taxonomy":"product_cat","embeddable":true,"href":"https:\/\/wizardly-davinci.82-223-8-23.plesk.page\/en\/wp-json\/wp\/v2\/product_cat?post=19032"},{"taxonomy":"product_tag","embeddable":true,"href":"https:\/\/wizardly-davinci.82-223-8-23.plesk.page\/en\/wp-json\/wp\/v2\/product_tag?post=19032"},{"taxonomy":"edicion","embeddable":true,"href":"https:\/\/wizardly-davinci.82-223-8-23.plesk.page\/en\/wp-json\/wp\/v2\/edicion?post=19032"},{"taxonomy":"editoriales","embeddable":true,"href":"https:\/\/wizardly-davinci.82-223-8-23.plesk.page\/en\/wp-json\/wp\/v2\/editoriales?post=19032"},{"taxonomy":"tienda","embeddable":true,"href":"https:\/\/wizardly-davinci.82-223-8-23.plesk.page\/en\/wp-json\/wp\/v2\/tienda?post=19032"},{"taxonomy":"autor_id","embeddable":true,"href":"https:\/\/wizardly-davinci.82-223-8-23.plesk.page\/en\/wp-json\/wp\/v2\/autor_id?post=19032"},{"taxonomy":"universidades_coeditoras","embeddable":true,"href":"https:\/\/wizardly-davinci.82-223-8-23.plesk.page\/en\/wp-json\/wp\/v2\/universidades_coeditoras?post=19032"},{"taxonomy":"palabras_clave","embeddable":true,"href":"https:\/\/wizardly-davinci.82-223-8-23.plesk.page\/en\/wp-json\/wp\/v2\/palabras_clave?post=19032"},{"taxonomy":"listado_alfabetico","embeddable":true,"href":"https:\/\/wizardly-davinci.82-223-8-23.plesk.page\/en\/wp-json\/wp\/v2\/listado_alfabetico?post=19032"}],"curies":[{"name":"wp","href":"https:\/\/api.w.org\/{rel}","templated":true}]}}